{"id":57900,"date":"2025-12-28T06:03:11","date_gmt":"2025-12-28T06:03:11","guid":{"rendered":"https:\/\/modesthanim.com\/product\/taupe-renkli-slim-fit-suet-pantolon\/"},"modified":"2026-04-05T21:51:07","modified_gmt":"2026-04-05T21:51:07","slug":"taupe-renkli-slim-fit-suet-pantolon","status":"publish","type":"product","link":"https:\/\/mod.wisdar.net\/tr\/urun\/taupe-renkli-slim-fit-suet-pantolon\/","title":{"rendered":"Taupe Renkli Slim Fit S\u00fcet Pantolon"},"content":{"rendered":"<p>Taupe renkli bu Slim Fit S\u00fcet Pantolon, s\u00fcet benzeri kuma\u015f\u0131 ile yumu\u015fak ve modern bir dokunu\u015f sunar. Arka bel k\u0131sm\u0131ndaki elastik detay g\u00fcn boyu konfor sa\u011flar, slim fit kesimi ise v\u00fccudu saran \u015f\u0131k bir siluet yarat\u0131r. \u00d6n diki\u015f detaylar\u0131 hareket katarken, yan cepler pratiklik sunar. Gizli fermuar kapama, temiz ve sade bir g\u00f6r\u00fcn\u00fcm\u00fc tamamlar. Gard\u0131robunuz i\u00e7in \u015f\u0131k ve rahat bir ekleme.<\/p>\n","protected":false},"excerpt":{"rendered":"<p>Taupe renkli bu Slim Fit S\u00fcet Pantolon, s\u00fcet benzeri kuma\u015f\u0131 ile yumu\u015fak ve modern bir dokunu\u015f sunar. Arka bel k\u0131sm\u0131ndaki elastik detay g\u00fcn boyu konfor sa\u011flar, slim fit kesimi ise v\u00fccudu saran \u015f\u0131k bir siluet yarat\u0131r. \u00d6n diki\u015f detaylar\u0131 hareket katarken, yan cepler pratiklik sunar. Gizli fermuar kapama, temiz ve sade bir g\u00f6r\u00fcn\u00fcm\u00fc tamamlar. Gard\u0131robunuz [&hellip;]<\/p>\n","protected":false},"featured_media":57893,"comment_status":"open","ping_status":"closed","template":"","meta":[],"product_brand":[],"product_cat":[1882],"product_tag":[6751,8107,7310,7052],"class_list":{"0":"post-57900","1":"product","2":"type-product","3":"status-publish","4":"has-post-thumbnail","6":"product_cat-alt-giyim","7":"product_tag-rahat","8":"product_tag-sik","9":"product_tag-slim-fit","10":"product_tag-suet","11":"pa_brand-kadriye-basturk","12":"pa_color-taba","13":"pa_size-4701","14":"pa_size-4706","15":"pa_size-4711","16":"pa_size-4713","18":"first","19":"instock","20":"sale","21":"shipping-taxable","22":"purchasable","23":"product-type-variable"},"_links":{"self":[{"href":"https:\/\/mod.wisdar.net\/tr\/wp-json\/wp\/v2\/product\/57900","targetHints":{"allow":["GET"]}}],"collection":[{"href":"https:\/\/mod.wisdar.net\/tr\/wp-json\/wp\/v2\/product"}],"about":[{"href":"https:\/\/mod.wisdar.net\/tr\/wp-json\/wp\/v2\/types\/product"}],"replies":[{"embeddable":true,"href":"https:\/\/mod.wisdar.net\/tr\/wp-json\/wp\/v2\/comments?post=57900"}],"wp:featuredmedia":[{"embeddable":true,"href":"https:\/\/mod.wisdar.net\/tr\/wp-json\/wp\/v2\/media\/57893"}],"wp:attachment":[{"href":"https:\/\/mod.wisdar.net\/tr\/wp-json\/wp\/v2\/media?parent=57900"}],"wp:term":[{"taxonomy":"product_brand","embeddable":true,"href":"https:\/\/mod.wisdar.net\/tr\/wp-json\/wp\/v2\/product_brand?post=57900"},{"taxonomy":"product_cat","embeddable":true,"href":"https:\/\/mod.wisdar.net\/tr\/wp-json\/wp\/v2\/product_cat?post=57900"},{"taxonomy":"product_tag","embeddable":true,"href":"https:\/\/mod.wisdar.net\/tr\/wp-json\/wp\/v2\/product_tag?post=57900"}],"curies":[{"name":"wp","href":"https:\/\/api.w.org\/{rel}","templated":true}]}}