{"id":57975,"date":"2025-11-02T13:45:25","date_gmt":"2025-11-02T13:45:25","guid":{"rendered":"https:\/\/modesthanim.com\/product\/ftz-kadin-siyah-cizgili-yelek-ve-etek-takimi-31147\/"},"modified":"2026-03-26T07:13:43","modified_gmt":"2026-03-26T07:13:43","slug":"ftz-kadin-siyah-cizgili-yelek-ve-etek-takimi-31147","status":"publish","type":"product","link":"https:\/\/mod.wisdar.net\/tr\/urun\/ftz-kadin-siyah-cizgili-yelek-ve-etek-takimi-31147\/","title":{"rendered":"FTZ Kad\u0131n Siyah \u00c7izgili Yelek ve Etek Tak\u0131m\u0131 31147"},"content":{"rendered":"<p>Kuma\u015f: %30 Viskon, %20 Pamuk, %50 Akrilik<br \/>\nKol: Yok<br \/>\nYaka Tipi: D\u00fcz<br \/>\nDesen: \u00c7izgili<br \/>\nKal\u0131p: Standart<br \/>\nModel \u00d6l\u00e7\u00fcleri<br \/>\nBeden: 36 Boy: 1.77 cm G\u00f6\u011f\u00fcs: 85 cm Bel: 62 cm Kal\u00e7a: 92 cm<br \/>\n\u00dcr\u00fcn \u00d6l\u00e7\u00fcleri<br \/>\nUzunluk: 50 cm G\u00f6\u011f\u00fcs: 48 cm Bel: 37 cm Kal\u00e7a: 43 cm<br \/>\nY\u0131kama Talimatlar\u0131:<br \/>\n\u2013 So\u011fuk y\u0131kay\u0131n (30C veya 65F ile 85F)<br \/>\n\u2013 Kurutma makinesinde kurutmay\u0131n<br \/>\n\u2013 Az \u00e7\u00f6z\u00fcc\u00fcl\u00fc Trikloroetilen ile kuru temizleme yap\u0131n<br \/>\n\u2013 D\u00fc\u015f\u00fck s\u0131cakl\u0131kta \u00fct\u00fcleyin<br \/>\n\u2013 \u00c7ama\u015f\u0131r suyu kullanmay\u0131n<\/p>\n<p>\u2014 Teknik Detaylar \u2014<br \/>\nKuma\u015f Tipi: Palivasaskon<br \/>\nKal\u0131p: D\u00fczenli<br \/>\nKal\u0131p \u00d6zellikleri: D\u00fczenli<br \/>\nUzunluk: 50<br \/>\nDesen: \u00c7izgili<br \/>\nAstar Durumu: Astarl\u0131<br \/>\nBel: 37<br \/>\nCepler: Var<br \/>\nKal\u0131nl\u0131k: \u0130nce<br \/>\nKemer Ge\u00e7irme Durumu: Kemersiz<br \/>\nKol Uzunlu\u011fu: Kolsuz<br \/>\nKol Tipi: Kolsuz<br \/>\nMalzeme: Krep<br \/>\nPar\u00e7a Say\u0131s\u0131: 2<br \/>\nBeden Aral\u0131\u011f\u0131: 38\/44<\/p>\n","protected":false},"excerpt":{"rendered":"<p>Kuma\u015f: %30 Viskon, %20 Pamuk, %50 Akrilik Kol: Yok Yaka Tipi: D\u00fcz Desen: \u00c7izgili Kal\u0131p: Standart Model \u00d6l\u00e7\u00fcleri Beden: 36 Boy: 1.77 cm G\u00f6\u011f\u00fcs: 85 cm Bel: 62 cm Kal\u00e7a: 92 cm \u00dcr\u00fcn \u00d6l\u00e7\u00fcleri Uzunluk: 50 cm G\u00f6\u011f\u00fcs: 48 cm Bel: 37 cm Kal\u00e7a: 43 cm Y\u0131kama Talimatlar\u0131: \u2013 So\u011fuk y\u0131kay\u0131n (30C veya 65F ile [&hellip;]<\/p>\n","protected":false},"featured_media":57969,"comment_status":"open","ping_status":"closed","template":"","meta":[],"product_brand":[],"product_cat":[1900],"product_tag":[7912,7074],"class_list":{"0":"post-57975","1":"product","2":"type-product","3":"status-publish","4":"has-post-thumbnail","6":"product_cat-koordinatlar-setler","7":"product_tag-cizgili","8":"product_tag-siyah","9":"pa_brand-ftz-women","10":"pa_color-siyah","11":"pa_size-4706","12":"pa_size-4711","13":"pa_size-4713","14":"pa_size-4751","16":"first","17":"outofstock","18":"shipping-taxable","19":"product-type-variable"},"_links":{"self":[{"href":"https:\/\/mod.wisdar.net\/tr\/wp-json\/wp\/v2\/product\/57975","targetHints":{"allow":["GET"]}}],"collection":[{"href":"https:\/\/mod.wisdar.net\/tr\/wp-json\/wp\/v2\/product"}],"about":[{"href":"https:\/\/mod.wisdar.net\/tr\/wp-json\/wp\/v2\/types\/product"}],"replies":[{"embeddable":true,"href":"https:\/\/mod.wisdar.net\/tr\/wp-json\/wp\/v2\/comments?post=57975"}],"wp:featuredmedia":[{"embeddable":true,"href":"https:\/\/mod.wisdar.net\/tr\/wp-json\/wp\/v2\/media\/57969"}],"wp:attachment":[{"href":"https:\/\/mod.wisdar.net\/tr\/wp-json\/wp\/v2\/media?parent=57975"}],"wp:term":[{"taxonomy":"product_brand","embeddable":true,"href":"https:\/\/mod.wisdar.net\/tr\/wp-json\/wp\/v2\/product_brand?post=57975"},{"taxonomy":"product_cat","embeddable":true,"href":"https:\/\/mod.wisdar.net\/tr\/wp-json\/wp\/v2\/product_cat?post=57975"},{"taxonomy":"product_tag","embeddable":true,"href":"https:\/\/mod.wisdar.net\/tr\/wp-json\/wp\/v2\/product_tag?post=57975"}],"curies":[{"name":"wp","href":"https:\/\/api.w.org\/{rel}","templated":true}]}}