{"id":58050,"date":"2025-12-28T06:16:53","date_gmt":"2025-12-28T06:16:53","guid":{"rendered":"https:\/\/modesthanim.com\/product\/beli-lastikli-plise-etek-siyah\/"},"modified":"2026-04-03T15:44:59","modified_gmt":"2026-04-03T15:44:59","slug":"beli-lastikli-plise-etek-siyah","status":"publish","type":"product","link":"https:\/\/mod.wisdar.net\/tr\/urun\/beli-lastikli-plise-etek-siyah\/","title":{"rendered":"Beli Lastikli Plise Etek \u2013 Siyah"},"content":{"rendered":"<p>Zarif pile detaylar\u0131 ve konforlu tasar\u0131m\u0131 ile dikkat \u00e7eken bu siyah plise etek, klasik ve modern \u015f\u0131kl\u0131\u011f\u0131 bir arada sunuyor. Esnek bel yap\u0131s\u0131 ile g\u00fcn boyu konfor sa\u011flarken, ak\u0131c\u0131 pileleri ile her ad\u0131mda dinamik ve \u015f\u0131k bir g\u00f6r\u00fcn\u00fcm kazand\u0131r\u0131r. Kuma\u015f \u0130\u00e7eri\u011fi: %100 Polyester. Desen: D\u00fcz. Bel Tipi: Normal Bel. Etek Tipi: Plise Etek. Cep: Cepsiz. Astar: Astarl\u0131. \u00dcr\u00fcn Boyu: 95 cm. Kal\u0131p Tipi: Normal Kal\u0131p. Mankenin Giydi\u011fi Beden: 38. Manken \u00d6l\u00e7\u00fcleri: Boy: 174 cm, G\u00f6\u011f\u00fcs: 83 cm, Bel: 57 cm, Basen: 88 cm.<\/p>\n","protected":false},"excerpt":{"rendered":"<p>Zarif pile detaylar\u0131 ve konforlu tasar\u0131m\u0131 ile dikkat \u00e7eken bu siyah plise etek, klasik ve modern \u015f\u0131kl\u0131\u011f\u0131 bir arada sunuyor. Esnek bel yap\u0131s\u0131 ile g\u00fcn boyu konfor sa\u011flarken, ak\u0131c\u0131 pileleri ile her ad\u0131mda dinamik ve \u015f\u0131k bir g\u00f6r\u00fcn\u00fcm kazand\u0131r\u0131r. Kuma\u015f \u0130\u00e7eri\u011fi: %100 Polyester. Desen: D\u00fcz. Bel Tipi: Normal Bel. Etek Tipi: Plise Etek. Cep: Cepsiz. [&hellip;]<\/p>\n","protected":false},"featured_media":58045,"comment_status":"open","ping_status":"closed","template":"","meta":[],"product_brand":[],"product_cat":[1969],"product_tag":[],"class_list":{"0":"post-58050","1":"product","2":"type-product","3":"status-publish","4":"has-post-thumbnail","6":"product_cat-etekler","7":"pa_brand-tugba","8":"pa_color-siyah","9":"pa_size-4706","10":"pa_size-4711","11":"pa_size-4713","12":"pa_size-4751","14":"first","15":"instock","16":"sale","17":"shipping-taxable","18":"purchasable","19":"product-type-variable"},"_links":{"self":[{"href":"https:\/\/mod.wisdar.net\/tr\/wp-json\/wp\/v2\/product\/58050","targetHints":{"allow":["GET"]}}],"collection":[{"href":"https:\/\/mod.wisdar.net\/tr\/wp-json\/wp\/v2\/product"}],"about":[{"href":"https:\/\/mod.wisdar.net\/tr\/wp-json\/wp\/v2\/types\/product"}],"replies":[{"embeddable":true,"href":"https:\/\/mod.wisdar.net\/tr\/wp-json\/wp\/v2\/comments?post=58050"}],"wp:featuredmedia":[{"embeddable":true,"href":"https:\/\/mod.wisdar.net\/tr\/wp-json\/wp\/v2\/media\/58045"}],"wp:attachment":[{"href":"https:\/\/mod.wisdar.net\/tr\/wp-json\/wp\/v2\/media?parent=58050"}],"wp:term":[{"taxonomy":"product_brand","embeddable":true,"href":"https:\/\/mod.wisdar.net\/tr\/wp-json\/wp\/v2\/product_brand?post=58050"},{"taxonomy":"product_cat","embeddable":true,"href":"https:\/\/mod.wisdar.net\/tr\/wp-json\/wp\/v2\/product_cat?post=58050"},{"taxonomy":"product_tag","embeddable":true,"href":"https:\/\/mod.wisdar.net\/tr\/wp-json\/wp\/v2\/product_tag?post=58050"}],"curies":[{"name":"wp","href":"https:\/\/api.w.org\/{rel}","templated":true}]}}