{"id":58068,"date":"2025-11-02T14:49:18","date_gmt":"2025-11-02T14:49:18","guid":{"rendered":"https:\/\/modesthanim.com\/product\/bel-kisma-oturan-haki-gomlek\/"},"modified":"2026-01-15T08:45:40","modified_gmt":"2026-01-15T08:45:40","slug":"bel-kisma-oturan-haki-gomlek","status":"publish","type":"product","link":"https:\/\/mod.wisdar.net\/tr\/urun\/bel-kisma-oturan-haki-gomlek\/","title":{"rendered":"Bel K\u0131sma Oturan Haki G\u00f6mlek"},"content":{"rendered":"<p>Malzeme: Pamuk<\/p>\n<p>Renkler, ayd\u0131nlatma farkl\u0131l\u0131klar\u0131 nedeniyle konsept \u00e7ekimlerinde farkl\u0131l\u0131k g\u00f6sterebilir.<\/p>\n<p>Model \u00d6l\u00e7\u00fcmleri: Boy: 170cm<\/p>\n<p>\u00dcr\u00fcn Uzunlu\u011fu: 70cm<\/p>\n<p>Numune Bedeni: 36\/S<\/p>\n<p>Y\u0131kama: S\u0131cak (40C veya 105F) y\u0131kanabilir,<\/p>\n<p>Kurutma Makinesi: Normal ayarlarda kurutulabilir,<\/p>\n<p>\u00dct\u00fcleme: D\u00fc\u015f\u00fck \u0131s\u0131da buharl\u0131 veya kuru olarak \u00fct\u00fclenebilir,<\/p>\n<p>Kuru Temizleme: Kuru temizlemeye uygundur<\/p>\n","protected":false},"excerpt":{"rendered":"<p>Malzeme: Pamuk Renkler, ayd\u0131nlatma farkl\u0131l\u0131klar\u0131 nedeniyle konsept \u00e7ekimlerinde farkl\u0131l\u0131k g\u00f6sterebilir. Model \u00d6l\u00e7\u00fcmleri: Boy: 170cm \u00dcr\u00fcn Uzunlu\u011fu: 70cm Numune Bedeni: 36\/S Y\u0131kama: S\u0131cak (40C veya 105F) y\u0131kanabilir, Kurutma Makinesi: Normal ayarlarda kurutulabilir, \u00dct\u00fcleme: D\u00fc\u015f\u00fck \u0131s\u0131da buharl\u0131 veya kuru olarak \u00fct\u00fclenebilir, Kuru Temizleme: Kuru temizlemeye uygundur<\/p>\n","protected":false},"featured_media":58065,"comment_status":"open","ping_status":"closed","template":"","meta":[],"product_brand":[],"product_cat":[1853],"product_tag":[],"class_list":{"0":"post-58068","1":"product","2":"type-product","3":"status-publish","4":"has-post-thumbnail","6":"product_cat-womens-fashion-ar","8":"first","9":"instock","10":"sale","11":"shipping-taxable","12":"purchasable","13":"product-type-variable"},"_links":{"self":[{"href":"https:\/\/mod.wisdar.net\/tr\/wp-json\/wp\/v2\/product\/58068","targetHints":{"allow":["GET"]}}],"collection":[{"href":"https:\/\/mod.wisdar.net\/tr\/wp-json\/wp\/v2\/product"}],"about":[{"href":"https:\/\/mod.wisdar.net\/tr\/wp-json\/wp\/v2\/types\/product"}],"replies":[{"embeddable":true,"href":"https:\/\/mod.wisdar.net\/tr\/wp-json\/wp\/v2\/comments?post=58068"}],"wp:featuredmedia":[{"embeddable":true,"href":"https:\/\/mod.wisdar.net\/tr\/wp-json\/wp\/v2\/media\/58065"}],"wp:attachment":[{"href":"https:\/\/mod.wisdar.net\/tr\/wp-json\/wp\/v2\/media?parent=58068"}],"wp:term":[{"taxonomy":"product_brand","embeddable":true,"href":"https:\/\/mod.wisdar.net\/tr\/wp-json\/wp\/v2\/product_brand?post=58068"},{"taxonomy":"product_cat","embeddable":true,"href":"https:\/\/mod.wisdar.net\/tr\/wp-json\/wp\/v2\/product_cat?post=58068"},{"taxonomy":"product_tag","embeddable":true,"href":"https:\/\/mod.wisdar.net\/tr\/wp-json\/wp\/v2\/product_tag?post=58068"}],"curies":[{"name":"wp","href":"https:\/\/api.w.org\/{rel}","templated":true}]}}