{"id":58152,"date":"2025-12-28T14:36:54","date_gmt":"2025-12-28T14:36:54","guid":{"rendered":"https:\/\/modesthanim.com\/product\/lunara-kolu-tuylu-ceket-siyah\/"},"modified":"2026-02-20T15:03:56","modified_gmt":"2026-02-20T15:03:56","slug":"lunara-kolu-tuylu-ceket-siyah","status":"publish","type":"product","link":"https:\/\/mod.wisdar.net\/tr\/urun\/lunara-kolu-tuylu-ceket-siyah\/","title":{"rendered":"Lunara Kolu T\u00fcyl\u00fc Ceket \u2013 Siyah"},"content":{"rendered":"<p>\u00dcr\u00fcn Tan\u0131m\u0131:<\/p>\n<p>Modern zarafetin en iddial\u0131 haliyle tan\u0131\u015f\u0131n. \u201cLunara Kolu T\u00fcyl\u00fc Ceket\u201d, kol u\u00e7lar\u0131ndaki t\u00fcy detaylar\u0131n\u0131n \u00e7arp\u0131c\u0131 havas\u0131yla bulu\u015fturuyor. Minimal ama dikkat \u00e7ekici tasar\u0131m\u0131yla, \u015f\u0131kl\u0131\u011f\u0131na sade bir ihti\u015fam katmak isteyen kad\u0131nlar i\u00e7in \u00f6zel olarak tasarland\u0131.<\/p>\n<p>\u00dcr\u00fcn \u00d6zellikleri:<\/p>\n<p>    \u2022    \u00dcst boy 78 cm   (El ile \u00f6l\u00e7\u00fcmlerde farkl\u0131l\u0131k g\u00f6sterebilir)<br \/>\n    \u2022    Double kuma\u015f\u0131r<br \/>\n    \u2022    Astarl\u0131d\u0131r<br \/>\n    \u2022    G\u00fcnl\u00fck ve \u015f\u0131k kombinlere uyumlu<br \/>\n    \u2022    Kendi kuma\u015f\u0131ndan kaplama kemer mevcut<br \/>\n    \u2022    Koldaki T\u00fcyler c\u0131kmamaktad\u0131r.<\/p>\n<p>Kullan\u0131m Alan\u0131:<\/p>\n<p>Ofis \u015f\u0131kl\u0131\u011f\u0131ndan davetlere, \u00f6zel g\u00fcnlerden stil sahibi g\u00fcnl\u00fck kombinlere kadar bir\u00e7ok ortamda fark yaratman\u0131z\u0131 sa\u011flar.<\/p>\n<p>\u0130\u00c7ER\u0130K BAKIM<\/p>\n<p>%100 Pes<\/p>\n<p>Y\u0131kama Talimat\u0131:<br \/>\n   \u2022    Sadece kuru temizleme yap\u0131lmal\u0131d\u0131r.<br \/>\n   \u2022    Makinede y\u0131kamay\u0131n\u0131z.<br \/>\n   \u2022    T\u00fcy detaylar\u0131n\u0131n formunu korumak i\u00e7in elde i\u015flemden ka\u00e7\u0131n\u0131lmal\u0131d\u0131r.<br \/>\n   \u2022    \u00dct\u00fcleme yap\u0131lacaksa d\u00fc\u015f\u00fck \u0131s\u0131da, buhar kullanmadan tersinden \u00fct\u00fclenmelidir.<br \/>\n   \u2022    Uzun \u00f6m\u00fcrl\u00fc kullan\u0131m i\u00e7in t\u00fcy detaylar\u0131n\u0131 nemden ve s\u00fcrt\u00fcnmeden koruyunuz.<\/p>\n<p>Manken \u00d6l\u00e7\u00fcleri:<\/p>\n<p>176 cm 53 kilo \u2013 1 beden kullan\u0131lm\u0131\u015ft\u0131r<\/p>\n","protected":false},"excerpt":{"rendered":"<p>\u00dcr\u00fcn Tan\u0131m\u0131:<\/p>\n<p>Modern zarafetin en iddial\u0131 haliyle tan\u0131\u015f\u0131n. \u201cLunara Kolu T\u00fcyl\u00fc Ceket\u201d, kol u\u00e7lar\u0131ndaki t\u00fcy detaylar\u0131n\u0131n \u00e7arp\u0131c\u0131 havas\u0131yla bulu\u015fturuyor. Minimal ama dikkat \u00e7ekici tasar\u0131m\u0131yla, \u015f\u0131kl\u0131\u011f\u0131na sade bir ihti\u015fam katmak isteyen kad\u0131nlar i\u00e7in \u00f6zel olarak tasarland\u0131.<\/p>\n<p>\u00dcr\u00fcn \u00d6zellikleri:<\/p>\n<p>    \u2022    \u00dcst boy 78 cm   (El ile \u00f6l\u00e7\u00fcmlerde farkl\u0131l\u0131k g\u00f6sterebilir)<br \/>\n    \u2022    Double kuma\u015f\u0131r<br \/>\n    \u2022    Astarl\u0131d\u0131r<br \/>\n    \u2022    G\u00fcnl\u00fck ve \u015f\u0131k kombinlere uyumlu<br \/>\n    \u2022    Kendi kuma\u015f\u0131ndan kaplama kemer mevcut<br \/>\n    \u2022    Koldaki T\u00fcyler c\u0131kmamaktad\u0131r.<\/p>\n<p>Kullan\u0131m Alan\u0131:<\/p>\n<p>Ofis \u015f\u0131kl\u0131\u011f\u0131ndan davetlere, \u00f6zel g\u00fcnlerden stil sahibi g\u00fcnl\u00fck kombinlere kadar bir\u00e7ok ortamda fark yaratman\u0131z\u0131 sa\u011flar.<\/p>\n<p>\u0130\u00c7ER\u0130K BAKIM<\/p>\n<p>%100 Pes<\/p>\n<p>Y\u0131kama Talimat\u0131:<br \/>\n   \u2022    Sadece kuru temizleme yap\u0131lmal\u0131d\u0131r.<br \/>\n   \u2022    Makinede y\u0131kamay\u0131n\u0131z.<br \/>\n   \u2022    T\u00fcy detaylar\u0131n\u0131n formunu korumak i\u00e7in elde i\u015flemden ka\u00e7\u0131n\u0131lmal\u0131d\u0131r.<br \/>\n   \u2022    \u00dct\u00fcleme yap\u0131lacaksa d\u00fc\u015f\u00fck \u0131s\u0131da, buhar kullanmadan tersinden \u00fct\u00fclenmelidir.<br \/>\n   \u2022    Uzun \u00f6m\u00fcrl\u00fc kullan\u0131m i\u00e7in t\u00fcy detaylar\u0131n\u0131 nemden ve s\u00fcrt\u00fcnmeden koruyunuz.<\/p>\n<p>Manken \u00d6l\u00e7\u00fcleri:<\/p>\n<p>176 cm 53 kilo \u2013 1 beden kullan\u0131lm\u0131\u015ft\u0131r<\/p>\n","protected":false},"featured_media":58143,"comment_status":"open","ping_status":"closed","template":"","meta":[],"product_brand":[],"product_cat":[2044],"product_tag":[7960,7096,7974],"class_list":{"0":"post-58152","1":"product","2":"type-product","3":"status-publish","4":"has-post-thumbnail","6":"product_cat-ceketler","7":"product_tag-kadin-dis-giyim","8":"product_tag-modern-tasarim","9":"product_tag-siyah-ceket","10":"pa_brand-ahel","11":"pa_color-siyah","12":"pa_size-4446","13":"pa_size-4463","15":"first","16":"outofstock","17":"shipping-taxable","18":"product-type-variable"},"_links":{"self":[{"href":"https:\/\/mod.wisdar.net\/tr\/wp-json\/wp\/v2\/product\/58152","targetHints":{"allow":["GET"]}}],"collection":[{"href":"https:\/\/mod.wisdar.net\/tr\/wp-json\/wp\/v2\/product"}],"about":[{"href":"https:\/\/mod.wisdar.net\/tr\/wp-json\/wp\/v2\/types\/product"}],"replies":[{"embeddable":true,"href":"https:\/\/mod.wisdar.net\/tr\/wp-json\/wp\/v2\/comments?post=58152"}],"wp:featuredmedia":[{"embeddable":true,"href":"https:\/\/mod.wisdar.net\/tr\/wp-json\/wp\/v2\/media\/58143"}],"wp:attachment":[{"href":"https:\/\/mod.wisdar.net\/tr\/wp-json\/wp\/v2\/media?parent=58152"}],"wp:term":[{"taxonomy":"product_brand","embeddable":true,"href":"https:\/\/mod.wisdar.net\/tr\/wp-json\/wp\/v2\/product_brand?post=58152"},{"taxonomy":"product_cat","embeddable":true,"href":"https:\/\/mod.wisdar.net\/tr\/wp-json\/wp\/v2\/product_cat?post=58152"},{"taxonomy":"product_tag","embeddable":true,"href":"https:\/\/mod.wisdar.net\/tr\/wp-json\/wp\/v2\/product_tag?post=58152"}],"curies":[{"name":"wp","href":"https:\/\/api.w.org\/{rel}","templated":true}]}}