{"id":58156,"date":"2025-12-28T14:36:50","date_gmt":"2025-12-28T14:36:50","guid":{"rendered":"https:\/\/modesthanim.com\/product\/genis-yakali-kase-ceket-tas\/"},"modified":"2026-02-19T22:59:54","modified_gmt":"2026-02-19T22:59:54","slug":"genis-yakali-kase-ceket-tas","status":"publish","type":"product","link":"https:\/\/mod.wisdar.net\/tr\/urun\/genis-yakali-kase-ceket-tas\/","title":{"rendered":"Geni\u015f Yakal\u0131 Ka\u015fe Ceket \u2013 Ta\u015f"},"content":{"rendered":"<p>\u00dcr\u00fcn \u00d6zellikleri:<br \/>\n\u00a0\u00a0 \u00a0\u2022\u00a0\u00a0 \u00a0Ka\u015fe kuma\u015ftan \u00fcretilmi\u015ftir.<br \/>\n\u00a0\u00a0 \u00a0\u2022\u00a0\u00a0 \u00a0Kuma\u015f i\u00e7eri\u011fi: %100 Polyester (PES)<br \/>\n\u00a0\u00a0 \u00a0\u2022\u00a0\u00a0 \u00a0\u00dcr\u00fcn boyu: 76 cm<br \/>\n\u00a0\u00a0 \u00a0\u2022\u00a0\u00a0 \u00a0Astarl\u0131d\u0131r.<br \/>\n\u00a0\u00a0 \u00a0\u2022\u00a0\u00a0 \u00a0Geni\u015f yaka detay\u0131 ile klasik ve zarif bir g\u00f6r\u00fcn\u00fcm sunar.<br \/>\n\u00a0\u00a0 \u00a0\u2022\u00a0\u00a0 \u00a0So\u011fuk havalarda \u015f\u0131kl\u0131\u011f\u0131 ve s\u0131cakl\u0131\u011f\u0131 bir arada sa\u011flar.<br \/>\n\u00a0\u00a0 \u00a0\u2022\u00a0\u00a0 \u00a0G\u00fcnl\u00fck ve \u015fehir kombinlerinde rahatl\u0131kla kullan\u0131labilir.<\/p>\n<p>Bak\u0131m ve Kullan\u0131m Talimatlar\u0131:<br \/>\n\u00a0\u00a0 \u00a0\u2022\u00a0\u00a0 \u00a0Sadece kuru temizleme yap\u0131lmal\u0131d\u0131r.<br \/>\n\u00a0\u00a0 \u00a0\u2022\u00a0\u00a0 \u00a0\u00dct\u00fcleme i\u015flemini d\u00fc\u015f\u00fck \u0131s\u0131da, tersten uygulay\u0131n\u0131z.<br \/>\n\u00a0\u00a0 \u00a0\u2022\u00a0\u00a0 \u00a0Nemli bezle silinerek y\u00fczey temizli\u011fi yap\u0131labilir.<br \/>\n\u00a0\u00a0 \u00a0\u2022\u00a0\u00a0 \u00a0Uzun \u00f6m\u00fcrl\u00fc kullan\u0131m i\u00e7in do\u011frudan g\u00fcne\u015f \u0131\u015f\u0131\u011f\u0131nda kurutmay\u0131n\u0131z.<\/p>\n","protected":false},"excerpt":{"rendered":"<p>\u00dcr\u00fcn \u00d6zellikleri:<br \/>\n\u00a0\u00a0 \u00a0\u2022\u00a0\u00a0 \u00a0Ka\u015fe kuma\u015ftan \u00fcretilmi\u015ftir.<br \/>\n\u00a0\u00a0 \u00a0\u2022\u00a0\u00a0 \u00a0Kuma\u015f i\u00e7eri\u011fi: %100 Polyester (PES)<br \/>\n\u00a0\u00a0 \u00a0\u2022\u00a0\u00a0 \u00a0\u00dcr\u00fcn boyu: 76 cm<br \/>\n\u00a0\u00a0 \u00a0\u2022\u00a0\u00a0 \u00a0Astarl\u0131d\u0131r.<br \/>\n\u00a0\u00a0 \u00a0\u2022\u00a0\u00a0 \u00a0Geni\u015f yaka detay\u0131 ile klasik ve zarif bir g\u00f6r\u00fcn\u00fcm sunar.<br \/>\n\u00a0\u00a0 \u00a0\u2022\u00a0\u00a0 \u00a0So\u011fuk havalarda \u015f\u0131kl\u0131\u011f\u0131 ve s\u0131cakl\u0131\u011f\u0131 bir arada sa\u011flar.<br \/>\n\u00a0\u00a0 \u00a0\u2022\u00a0\u00a0 \u00a0G\u00fcnl\u00fck ve \u015fehir kombinlerinde rahatl\u0131kla kullan\u0131labilir.<\/p>\n<p>Bak\u0131m ve Kullan\u0131m Talimatlar\u0131:<br \/>\n\u00a0\u00a0 \u00a0\u2022\u00a0\u00a0 \u00a0Sadece kuru temizleme yap\u0131lmal\u0131d\u0131r.<br \/>\n\u00a0\u00a0 \u00a0\u2022\u00a0\u00a0 \u00a0\u00dct\u00fcleme i\u015flemini d\u00fc\u015f\u00fck \u0131s\u0131da, tersten uygulay\u0131n\u0131z.<br \/>\n\u00a0\u00a0 \u00a0\u2022\u00a0\u00a0 \u00a0Nemli bezle silinerek y\u00fczey temizli\u011fi yap\u0131labilir.<br \/>\n\u00a0\u00a0 \u00a0\u2022\u00a0\u00a0 \u00a0Uzun \u00f6m\u00fcrl\u00fc kullan\u0131m i\u00e7in do\u011frudan g\u00fcne\u015f \u0131\u015f\u0131\u011f\u0131nda kurutmay\u0131n\u0131z.<\/p>\n","protected":false},"featured_media":58146,"comment_status":"open","ping_status":"closed","template":"","meta":[],"product_brand":[],"product_cat":[2044],"product_tag":[6823,7960,7942,6825,8396,7946],"class_list":{"0":"post-58156","1":"product","2":"type-product","3":"status-publish","4":"has-post-thumbnail","6":"product_cat-ceketler","7":"product_tag-genis-yaka","8":"product_tag-kadin-dis-giyim","9":"product_tag-klasik-ceket","10":"product_tag-sehir-stili","11":"product_tag-tas-rengi","12":"product_tag-tuvit-ceket","13":"pa_brand-ahel","14":"pa_color-tas","15":"pa_size-4701","16":"pa_size-4706","17":"pa_size-4711","18":"pa_size-4713","20":"first","21":"outofstock","22":"shipping-taxable","23":"product-type-variable"},"_links":{"self":[{"href":"https:\/\/mod.wisdar.net\/tr\/wp-json\/wp\/v2\/product\/58156","targetHints":{"allow":["GET"]}}],"collection":[{"href":"https:\/\/mod.wisdar.net\/tr\/wp-json\/wp\/v2\/product"}],"about":[{"href":"https:\/\/mod.wisdar.net\/tr\/wp-json\/wp\/v2\/types\/product"}],"replies":[{"embeddable":true,"href":"https:\/\/mod.wisdar.net\/tr\/wp-json\/wp\/v2\/comments?post=58156"}],"wp:featuredmedia":[{"embeddable":true,"href":"https:\/\/mod.wisdar.net\/tr\/wp-json\/wp\/v2\/media\/58146"}],"wp:attachment":[{"href":"https:\/\/mod.wisdar.net\/tr\/wp-json\/wp\/v2\/media?parent=58156"}],"wp:term":[{"taxonomy":"product_brand","embeddable":true,"href":"https:\/\/mod.wisdar.net\/tr\/wp-json\/wp\/v2\/product_brand?post=58156"},{"taxonomy":"product_cat","embeddable":true,"href":"https:\/\/mod.wisdar.net\/tr\/wp-json\/wp\/v2\/product_cat?post=58156"},{"taxonomy":"product_tag","embeddable":true,"href":"https:\/\/mod.wisdar.net\/tr\/wp-json\/wp\/v2\/product_tag?post=58156"}],"curies":[{"name":"wp","href":"https:\/\/api.w.org\/{rel}","templated":true}]}}