{"id":58193,"date":"2025-12-28T14:39:24","date_gmt":"2025-12-28T14:39:24","guid":{"rendered":"https:\/\/modesthanim.com\/product\/merryna-yaka-fiyonklu-kurklu-kase-bebe-mavisi\/"},"modified":"2026-02-19T22:59:02","modified_gmt":"2026-02-19T22:59:02","slug":"merryna-yaka-fiyonklu-kurklu-kase-bebe-mavisi","status":"publish","type":"product","link":"https:\/\/mod.wisdar.net\/tr\/urun\/merryna-yaka-fiyonklu-kurklu-kase-bebe-mavisi\/","title":{"rendered":"Merryna Yaka Fiyonklu K\u00fcrkl\u00fc Ka\u015fe \u2013 bebe mavisi"},"content":{"rendered":"<p>\u00dcr\u00fcn \u00d6zellikleri<\/p>\n<p>\t\u00dcr\u00fcn Boyu: 76 cm<\/p>\n<p>\tKuma\u015f T\u00fcr\u00fc: Kadife dokulu k\u00fcrk g\u00f6r\u00fcn\u00fcm<\/p>\n<p>\tDetay: Kollar\u0131nda Gold Fox k\u00fcrk detay\u0131<\/p>\n<p>\tAstar: Astarl\u0131<\/p>\n<p>\tKemerli, belden oturtmal\u0131 form<\/p>\n<p>\tSo\u011fuk havalarda s\u0131cak tutar, \u015f\u0131k bir g\u00f6r\u00fcn\u00fcm sa\u011flar.<\/p>\n<p>\tG\u00fcnl\u00fck ve \u00f6zel davet kombinlerine uyum sa\u011flar.<\/p>\n<p>Y\u0131kama ve Bak\u0131m Talimat\u0131<\/p>\n<p>\tSadece kuru temizleme yap\u0131lmal\u0131d\u0131r.<\/p>\n<p>\tIslak bezle silme d\u0131\u015f\u0131nda y\u0131kamay\u0131n\u0131z.<\/p>\n<p>\t\u00dct\u00fcleme yap\u0131lmaz.<\/p>\n<p>\tDirekt g\u00fcne\u015f \u0131\u015f\u0131\u011f\u0131na maruz b\u0131rakmay\u0131n\u0131z.<\/p>\n<p>\tK\u00fcrk detaylar\u0131n\u0131 formunu korumak i\u00e7in ask\u0131da muhafaza ediniz.<\/p>\n<p>Kullan\u0131m \u00d6nerisi<\/p>\n<p>Zarif dokusu ve k\u00fcrk detaylar\u0131yla k\u0131\u015f sezonunun g\u00f6z al\u0131c\u0131 par\u00e7as\u0131.<br \/>\nTopuklu ayakkab\u0131lar ve klasik pantolonlarla kombinleyerek \u015f\u0131k bir g\u00f6r\u00fcn\u00fcm elde edebilirsiniz.<\/p>\n","protected":false},"excerpt":{"rendered":"<p>\u00dcr\u00fcn \u00d6zellikleri<\/p>\n<p>\t\u00dcr\u00fcn Boyu: 76 cm<\/p>\n<p>\tKuma\u015f T\u00fcr\u00fc: Kadife dokulu k\u00fcrk g\u00f6r\u00fcn\u00fcm<\/p>\n<p>\tDetay: Kollar\u0131nda Gold Fox k\u00fcrk detay\u0131<\/p>\n<p>\tAstar: Astarl\u0131<\/p>\n<p>\tKemerli, belden oturtmal\u0131 form<\/p>\n<p>\tSo\u011fuk havalarda s\u0131cak tutar, \u015f\u0131k bir g\u00f6r\u00fcn\u00fcm sa\u011flar.<\/p>\n<p>\tG\u00fcnl\u00fck ve \u00f6zel davet kombinlerine uyum sa\u011flar.<\/p>\n<p>Y\u0131kama ve Bak\u0131m Talimat\u0131<\/p>\n<p>\tSadece kuru temizleme yap\u0131lmal\u0131d\u0131r.<\/p>\n<p>\tIslak bezle silme d\u0131\u015f\u0131nda y\u0131kamay\u0131n\u0131z.<\/p>\n<p>\t\u00dct\u00fcleme yap\u0131lmaz.<\/p>\n<p>\tDirekt g\u00fcne\u015f \u0131\u015f\u0131\u011f\u0131na maruz b\u0131rakmay\u0131n\u0131z.<\/p>\n<p>\tK\u00fcrk detaylar\u0131n\u0131 formunu korumak i\u00e7in ask\u0131da muhafaza ediniz.<\/p>\n<p>Kullan\u0131m \u00d6nerisi<\/p>\n<p>Zarif dokusu ve k\u00fcrk detaylar\u0131yla k\u0131\u015f sezonunun g\u00f6z al\u0131c\u0131 par\u00e7as\u0131.<br \/>\nTopuklu ayakkab\u0131lar ve klasik pantolonlarla kombinleyerek \u015f\u0131k bir g\u00f6r\u00fcn\u00fcm elde edebilirsiniz.<\/p>\n","protected":false},"featured_media":58187,"comment_status":"open","ping_status":"closed","template":"","meta":[],"product_brand":[],"product_cat":[2047],"product_tag":[5012,7419,7668,7972,6311],"class_list":{"0":"post-58193","1":"product","2":"type-product","3":"status-publish","4":"has-post-thumbnail","6":"product_cat-paltolar","7":"product_tag-elegant","8":"product_tag-gunluk","9":"product_tag-kemerli","10":"product_tag-suni-kurk","11":"product_tag-winter-coat","12":"pa_brand-ahel","13":"pa_color-bebe-mavisi","14":"pa_size-4446","15":"pa_size-4463","17":"first","18":"outofstock","19":"shipping-taxable","20":"product-type-variable"},"_links":{"self":[{"href":"https:\/\/mod.wisdar.net\/tr\/wp-json\/wp\/v2\/product\/58193","targetHints":{"allow":["GET"]}}],"collection":[{"href":"https:\/\/mod.wisdar.net\/tr\/wp-json\/wp\/v2\/product"}],"about":[{"href":"https:\/\/mod.wisdar.net\/tr\/wp-json\/wp\/v2\/types\/product"}],"replies":[{"embeddable":true,"href":"https:\/\/mod.wisdar.net\/tr\/wp-json\/wp\/v2\/comments?post=58193"}],"wp:featuredmedia":[{"embeddable":true,"href":"https:\/\/mod.wisdar.net\/tr\/wp-json\/wp\/v2\/media\/58187"}],"wp:attachment":[{"href":"https:\/\/mod.wisdar.net\/tr\/wp-json\/wp\/v2\/media?parent=58193"}],"wp:term":[{"taxonomy":"product_brand","embeddable":true,"href":"https:\/\/mod.wisdar.net\/tr\/wp-json\/wp\/v2\/product_brand?post=58193"},{"taxonomy":"product_cat","embeddable":true,"href":"https:\/\/mod.wisdar.net\/tr\/wp-json\/wp\/v2\/product_cat?post=58193"},{"taxonomy":"product_tag","embeddable":true,"href":"https:\/\/mod.wisdar.net\/tr\/wp-json\/wp\/v2\/product_tag?post=58193"}],"curies":[{"name":"wp","href":"https:\/\/api.w.org\/{rel}","templated":true}]}}