{"id":58290,"date":"2025-12-28T14:45:13","date_gmt":"2025-12-28T14:45:13","guid":{"rendered":"https:\/\/modesthanim.com\/product\/aksesuar-detayli-scuba-elbise-kahve\/"},"modified":"2026-04-02T20:28:07","modified_gmt":"2026-04-02T20:28:07","slug":"aksesuar-detayli-scuba-elbise-kahve","status":"publish","type":"product","link":"https:\/\/mod.wisdar.net\/tr\/urun\/aksesuar-detayli-scuba-elbise-kahve\/","title":{"rendered":"Aksesuar Detayl\u0131 Scuba Elbise \u2013 Kahve"},"content":{"rendered":"<p>\u00dcr\u00fcn Tan\u0131m\u0131:<\/p>\n<p>G\u00fc\u00e7l\u00fc duru\u015fun sade \u015f\u0131kl\u0131kla birle\u015fti\u011fi bu \u00f6zel tasar\u0131m, modern \u00e7izgileriyle zarafeti vurguluyor. Bel k\u0131sm\u0131ndaki metalik aksesuarlar elbiseye hareket katarken, geni\u015f yakas\u0131 ve yar\u0131m fermuar detay\u0131yla sportif bir \u015f\u0131kl\u0131k sunar. Scuba kuma\u015f\u0131n tok ve d\u00fczg\u00fcn duru\u015fu, formunu korurken v\u00fccudu zarif\u00e7e sarar. Siyah\u0131n zamans\u0131z asaletiyle dikkat \u00e7eken bu par\u00e7a, hem g\u00fcnl\u00fck \u015f\u0131kl\u0131k hem de \u00f6zel anlar i\u00e7in sofistike bir tercih sunar.<\/p>\n<p> \u00dcr\u00fcn \u00d6zellikleri:<\/p>\n<p>    \u2022    Boy: 130 cm (El ile \u00f6l\u00e7\u00fcmlerde farkl\u0131l\u0131k g\u00f6sterebilir)<br \/>\n    \u2022    Scuba kuma\u015f\u0131r<br \/>\n    \u2022    Fermuar detayl\u0131<br \/>\n    \u2022    Geni\u015f valon yaka<br \/>\n    \u2022    G\u00fcnl\u00fck ve \u015f\u0131k kombinlere uyumlu<\/p>\n<p>Kullan\u0131m Alan\u0131:<\/p>\n<p>    \u2022    Hafif sportif dokunu\u015flu<br \/>\n    \u2022        G\u00fcnl\u00fck, ofis ve \u00f6zel etkinliklerde kullan\u0131ma uygun<\/p>\n<p>\u0130\u00c7ER\u0130K BAKIM<\/p>\n<p>%92 Pes  \u2013 %8 EA<\/p>\n<p>K\u0131sa programda 30 derecede y\u0131kay\u0131n\u0131z. Sererek kurutunuz. Kurutma makinas\u0131 kullanmay\u0131n\u0131z.<\/p>\n<p>Manken \u00d6l\u00e7\u00fcleri:<\/p>\n<p>176 cm 53 kilo \u2013 1 beden kullan\u0131lm\u0131\u015ft\u0131r<\/p>\n","protected":false},"excerpt":{"rendered":"<p>\u00dcr\u00fcn Tan\u0131m\u0131:<\/p>\n<p>G\u00fc\u00e7l\u00fc duru\u015fun sade \u015f\u0131kl\u0131kla birle\u015fti\u011fi bu \u00f6zel tasar\u0131m, modern \u00e7izgileriyle zarafeti vurguluyor. Bel k\u0131sm\u0131ndaki metalik aksesuarlar elbiseye hareket katarken, geni\u015f yakas\u0131 ve yar\u0131m fermuar detay\u0131yla sportif bir \u015f\u0131kl\u0131k sunar. Scuba kuma\u015f\u0131n tok ve d\u00fczg\u00fcn duru\u015fu, formunu korurken v\u00fccudu zarif\u00e7e sarar. Siyah\u0131n zamans\u0131z asaletiyle dikkat \u00e7eken bu par\u00e7a, hem g\u00fcnl\u00fck \u015f\u0131kl\u0131k hem de \u00f6zel anlar i\u00e7in sofistike bir tercih sunar.<\/p>\n<p> \u00dcr\u00fcn \u00d6zellikleri:<\/p>\n<p>    \u2022    Boy: 130 cm (El ile \u00f6l\u00e7\u00fcmlerde farkl\u0131l\u0131k g\u00f6sterebilir)<br \/>\n    \u2022    Scuba kuma\u015f\u0131r<br \/>\n    \u2022    Fermuar detayl\u0131<br \/>\n    \u2022    Geni\u015f valon yaka<br \/>\n    \u2022    G\u00fcnl\u00fck ve \u015f\u0131k kombinlere uyumlu<\/p>\n<p>Kullan\u0131m Alan\u0131:<\/p>\n<p>    \u2022    Hafif sportif dokunu\u015flu<br \/>\n    \u2022        G\u00fcnl\u00fck, ofis ve \u00f6zel etkinliklerde kullan\u0131ma uygun<\/p>\n<p>\u0130\u00c7ER\u0130K BAKIM<\/p>\n<p>%92 Pes  \u2013 %8 EA<\/p>\n<p>K\u0131sa programda 30 derecede y\u0131kay\u0131n\u0131z. Sererek kurutunuz. Kurutma makinas\u0131 kullanmay\u0131n\u0131z.<\/p>\n<p>Manken \u00d6l\u00e7\u00fcleri:<\/p>\n<p>176 cm 53 kilo \u2013 1 beden kullan\u0131lm\u0131\u015ft\u0131r<\/p>\n","protected":false},"featured_media":58275,"comment_status":"open","ping_status":"closed","template":"","meta":[],"product_brand":[],"product_cat":[6249,1933],"product_tag":[7428,6823,7354,6746,6772],"class_list":{"0":"post-58290","1":"product","2":"type-product","3":"status-publish","4":"has-post-thumbnail","6":"product_cat-elbiseler","7":"product_cat-gunluk-ve-gunduz-elbiseleri","8":"product_tag-fermuar-detayi","9":"product_tag-genis-yaka","10":"product_tag-gunluk-giyim-2","11":"product_tag-kahve-elbise","12":"product_tag-ozel-gun","13":"pa_brand-ahel","14":"pa_color-kahve","15":"pa_size-4446","16":"pa_size-4463","18":"first","19":"outofstock","20":"shipping-taxable","21":"product-type-variable"},"_links":{"self":[{"href":"https:\/\/mod.wisdar.net\/tr\/wp-json\/wp\/v2\/product\/58290","targetHints":{"allow":["GET"]}}],"collection":[{"href":"https:\/\/mod.wisdar.net\/tr\/wp-json\/wp\/v2\/product"}],"about":[{"href":"https:\/\/mod.wisdar.net\/tr\/wp-json\/wp\/v2\/types\/product"}],"replies":[{"embeddable":true,"href":"https:\/\/mod.wisdar.net\/tr\/wp-json\/wp\/v2\/comments?post=58290"}],"wp:featuredmedia":[{"embeddable":true,"href":"https:\/\/mod.wisdar.net\/tr\/wp-json\/wp\/v2\/media\/58275"}],"wp:attachment":[{"href":"https:\/\/mod.wisdar.net\/tr\/wp-json\/wp\/v2\/media?parent=58290"}],"wp:term":[{"taxonomy":"product_brand","embeddable":true,"href":"https:\/\/mod.wisdar.net\/tr\/wp-json\/wp\/v2\/product_brand?post=58290"},{"taxonomy":"product_cat","embeddable":true,"href":"https:\/\/mod.wisdar.net\/tr\/wp-json\/wp\/v2\/product_cat?post=58290"},{"taxonomy":"product_tag","embeddable":true,"href":"https:\/\/mod.wisdar.net\/tr\/wp-json\/wp\/v2\/product_tag?post=58290"}],"curies":[{"name":"wp","href":"https:\/\/api.w.org\/{rel}","templated":true}]}}