{"id":58330,"date":"2025-12-28T14:47:34","date_gmt":"2025-12-28T14:47:34","guid":{"rendered":"https:\/\/modesthanim.com\/product\/pileli-suet-ceket-mocha\/"},"modified":"2026-02-19T23:00:56","modified_gmt":"2026-02-19T23:00:56","slug":"pileli-suet-ceket-mocha","status":"publish","type":"product","link":"https:\/\/mod.wisdar.net\/tr\/urun\/pileli-suet-ceket-mocha\/","title":{"rendered":"Pileli S\u00fcet Ceket \u2013 Mocha"},"content":{"rendered":"<p>\u00dcr\u00fcn \u00d6zellikleri<\/p>\n<p>Kuma\u015f T\u00fcr\u00fc: S\u00fcet<br \/>\n\u0130\u00e7erik: %93 PES, %7 SP<br \/>\nBoy: 55 cm<br \/>\nKal\u0131p: Rahat fit<br \/>\nDetay: Ku\u015fakl\u0131 bel, yumu\u015fak dokulu y\u00fczey, sade ve zarif tasar\u0131m<br \/>\nAstar: Astarl\u0131<\/p>\n<p>\u00dcr\u00fcn A\u00e7\u0131klamas\u0131<\/p>\n<p>Yumu\u015fak s\u00fcet dokusuyla konforu ve zarafeti bir araya getiren bu ceket, minimal \u00e7izgileriyle her stile kolayca uyum sa\u011flar.<br \/>\n%93 PES ve %7 SP kar\u0131\u015f\u0131m\u0131 kuma\u015f\u0131, esnek yap\u0131s\u0131yla g\u00fcn boyu hareket \u00f6zg\u00fcrl\u00fc\u011f\u00fc sunar.<br \/>\nModern kesimi ve 55 cm boyuyla, \u015fehir ya\u015fam\u0131nda ve \u00f6zel davetlerde \u015f\u0131k bir g\u00f6r\u00fcn\u00fcm elde etmenizi sa\u011flar.<br \/>\nSezonun \u00f6ne \u00e7\u0131kan par\u00e7as\u0131 olarak, sade ama g\u00fc\u00e7l\u00fc bir duru\u015f sergiler.<\/p>\n","protected":false},"excerpt":{"rendered":"<p>\u00dcr\u00fcn \u00d6zellikleri<\/p>\n<p>Kuma\u015f T\u00fcr\u00fc: S\u00fcet<br \/>\n\u0130\u00e7erik: %93 PES, %7 SP<br \/>\nBoy: 55 cm<br \/>\nKal\u0131p: Rahat fit<br \/>\nDetay: Ku\u015fakl\u0131 bel, yumu\u015fak dokulu y\u00fczey, sade ve zarif tasar\u0131m<br \/>\nAstar: Astarl\u0131<\/p>\n<p>\u00dcr\u00fcn A\u00e7\u0131klamas\u0131<\/p>\n<p>Yumu\u015fak s\u00fcet dokusuyla konforu ve zarafeti bir araya getiren bu ceket, minimal \u00e7izgileriyle her stile kolayca uyum sa\u011flar.<br \/>\n%93 PES ve %7 SP kar\u0131\u015f\u0131m\u0131 kuma\u015f\u0131, esnek yap\u0131s\u0131yla g\u00fcn boyu hareket \u00f6zg\u00fcrl\u00fc\u011f\u00fc sunar.<br \/>\nModern kesimi ve 55 cm boyuyla, \u015fehir ya\u015fam\u0131nda ve \u00f6zel davetlerde \u015f\u0131k bir g\u00f6r\u00fcn\u00fcm elde etmenizi sa\u011flar.<br \/>\nSezonun \u00f6ne \u00e7\u0131kan par\u00e7as\u0131 olarak, sade ama g\u00fc\u00e7l\u00fc bir duru\u015f sergiler.<\/p>\n","protected":false},"featured_media":58324,"comment_status":"open","ping_status":"closed","template":"","meta":[],"product_brand":[],"product_cat":[2044],"product_tag":[],"class_list":{"0":"post-58330","1":"product","2":"type-product","3":"status-publish","4":"has-post-thumbnail","6":"product_cat-ceketler","7":"pa_brand-ahel","8":"pa_color-mocha","9":"pa_size-4446","10":"pa_size-4463","12":"first","13":"outofstock","14":"shipping-taxable","15":"product-type-variable"},"_links":{"self":[{"href":"https:\/\/mod.wisdar.net\/tr\/wp-json\/wp\/v2\/product\/58330","targetHints":{"allow":["GET"]}}],"collection":[{"href":"https:\/\/mod.wisdar.net\/tr\/wp-json\/wp\/v2\/product"}],"about":[{"href":"https:\/\/mod.wisdar.net\/tr\/wp-json\/wp\/v2\/types\/product"}],"replies":[{"embeddable":true,"href":"https:\/\/mod.wisdar.net\/tr\/wp-json\/wp\/v2\/comments?post=58330"}],"wp:featuredmedia":[{"embeddable":true,"href":"https:\/\/mod.wisdar.net\/tr\/wp-json\/wp\/v2\/media\/58324"}],"wp:attachment":[{"href":"https:\/\/mod.wisdar.net\/tr\/wp-json\/wp\/v2\/media?parent=58330"}],"wp:term":[{"taxonomy":"product_brand","embeddable":true,"href":"https:\/\/mod.wisdar.net\/tr\/wp-json\/wp\/v2\/product_brand?post=58330"},{"taxonomy":"product_cat","embeddable":true,"href":"https:\/\/mod.wisdar.net\/tr\/wp-json\/wp\/v2\/product_cat?post=58330"},{"taxonomy":"product_tag","embeddable":true,"href":"https:\/\/mod.wisdar.net\/tr\/wp-json\/wp\/v2\/product_tag?post=58330"}],"curies":[{"name":"wp","href":"https:\/\/api.w.org\/{rel}","templated":true}]}}