{"id":58423,"date":"2025-12-28T14:50:23","date_gmt":"2025-12-28T14:50:23","guid":{"rendered":"https:\/\/modesthanim.com\/product\/sura-ceket-yag-yesili\/"},"modified":"2026-04-02T21:02:08","modified_gmt":"2026-04-02T21:02:08","slug":"sura-ceket-yag-yesili","status":"publish","type":"product","link":"https:\/\/mod.wisdar.net\/tr\/urun\/sura-ceket-yag-yesili\/","title":{"rendered":"\u015eURA CEKET Ya\u011f Ye\u015fili"},"content":{"rendered":"<p>\u2014 Technical Details \u2014<br \/>\nTedarik\u00e7i Mam\u00fcl Kodu: 1036<\/p>\n","protected":false},"excerpt":{"rendered":"<p>\u2014 Technical Details \u2014<br \/>\nTedarik\u00e7i Mam\u00fcl Kodu: 1036<\/p>\n","protected":false},"featured_media":58412,"comment_status":"open","ping_status":"closed","template":"","meta":[],"product_brand":[],"product_cat":[2044],"product_tag":[7960,6876],"class_list":{"0":"post-58423","1":"product","2":"type-product","3":"status-publish","4":"has-post-thumbnail","6":"product_cat-ceketler","7":"product_tag-kadin-dis-giyim","8":"product_tag-rahat-kesim","9":"pa_brand-markasiz","10":"pa_color-yag-yesili","11":"pa_size-4701","12":"pa_size-4706","13":"pa_size-4711","14":"pa_size-4713","16":"first","17":"outofstock","18":"shipping-taxable","19":"product-type-variable"},"_links":{"self":[{"href":"https:\/\/mod.wisdar.net\/tr\/wp-json\/wp\/v2\/product\/58423","targetHints":{"allow":["GET"]}}],"collection":[{"href":"https:\/\/mod.wisdar.net\/tr\/wp-json\/wp\/v2\/product"}],"about":[{"href":"https:\/\/mod.wisdar.net\/tr\/wp-json\/wp\/v2\/types\/product"}],"replies":[{"embeddable":true,"href":"https:\/\/mod.wisdar.net\/tr\/wp-json\/wp\/v2\/comments?post=58423"}],"wp:featuredmedia":[{"embeddable":true,"href":"https:\/\/mod.wisdar.net\/tr\/wp-json\/wp\/v2\/media\/58412"}],"wp:attachment":[{"href":"https:\/\/mod.wisdar.net\/tr\/wp-json\/wp\/v2\/media?parent=58423"}],"wp:term":[{"taxonomy":"product_brand","embeddable":true,"href":"https:\/\/mod.wisdar.net\/tr\/wp-json\/wp\/v2\/product_brand?post=58423"},{"taxonomy":"product_cat","embeddable":true,"href":"https:\/\/mod.wisdar.net\/tr\/wp-json\/wp\/v2\/product_cat?post=58423"},{"taxonomy":"product_tag","embeddable":true,"href":"https:\/\/mod.wisdar.net\/tr\/wp-json\/wp\/v2\/product_tag?post=58423"}],"curies":[{"name":"wp","href":"https:\/\/api.w.org\/{rel}","templated":true}]}}