{"id":58500,"date":"2025-12-28T14:52:13","date_gmt":"2025-12-28T14:52:13","guid":{"rendered":"https:\/\/modesthanim.com\/product\/law-hirka-turuncu\/"},"modified":"2026-02-10T20:09:56","modified_gmt":"2026-02-10T20:09:56","slug":"law-hirka-turuncu","status":"publish","type":"product","link":"https:\/\/mod.wisdar.net\/tr\/urun\/law-hirka-turuncu\/","title":{"rendered":"LAW HIRKA Turuncu"},"content":{"rendered":"<p>LAW markas\u0131n\u0131n \u00f6zel tasar\u0131m\u0131 olan bu turuncu hirka, \u015f\u0131k ve modern tarz\u0131n\u0131z\u0131 tamamlayacak. Kaliteli kuma\u015f\u0131 ve rahat kesimiyle g\u00fcn boyu konfor sa\u011flar. Her mevsim kombinlerinize renk katacak \u015f\u0131k bir se\u00e7enek.<\/p>\n","protected":false},"excerpt":{"rendered":"<p>LAW markas\u0131n\u0131n \u00f6zel tasar\u0131m\u0131 olan bu turuncu hirka, \u015f\u0131k ve modern tarz\u0131n\u0131z\u0131 tamamlayacak. Kaliteli kuma\u015f\u0131 ve rahat kesimiyle g\u00fcn boyu konfor sa\u011flar. Her mevsim kombinlerinize renk katacak \u015f\u0131k bir se\u00e7enek.<\/p>\n","protected":false},"featured_media":58490,"comment_status":"open","ping_status":"closed","template":"","meta":[],"product_brand":[],"product_cat":[1909],"product_tag":[],"class_list":{"0":"post-58500","1":"product","2":"type-product","3":"status-publish","4":"has-post-thumbnail","6":"product_cat-bluzlar-ve-gomlekler","7":"pa_brand-markasiz","8":"pa_color-turuncu","9":"pa_size-std","11":"first","12":"instock","13":"shipping-taxable","14":"purchasable","15":"product-type-variable"},"_links":{"self":[{"href":"https:\/\/mod.wisdar.net\/tr\/wp-json\/wp\/v2\/product\/58500","targetHints":{"allow":["GET"]}}],"collection":[{"href":"https:\/\/mod.wisdar.net\/tr\/wp-json\/wp\/v2\/product"}],"about":[{"href":"https:\/\/mod.wisdar.net\/tr\/wp-json\/wp\/v2\/types\/product"}],"replies":[{"embeddable":true,"href":"https:\/\/mod.wisdar.net\/tr\/wp-json\/wp\/v2\/comments?post=58500"}],"wp:featuredmedia":[{"embeddable":true,"href":"https:\/\/mod.wisdar.net\/tr\/wp-json\/wp\/v2\/media\/58490"}],"wp:attachment":[{"href":"https:\/\/mod.wisdar.net\/tr\/wp-json\/wp\/v2\/media?parent=58500"}],"wp:term":[{"taxonomy":"product_brand","embeddable":true,"href":"https:\/\/mod.wisdar.net\/tr\/wp-json\/wp\/v2\/product_brand?post=58500"},{"taxonomy":"product_cat","embeddable":true,"href":"https:\/\/mod.wisdar.net\/tr\/wp-json\/wp\/v2\/product_cat?post=58500"},{"taxonomy":"product_tag","embeddable":true,"href":"https:\/\/mod.wisdar.net\/tr\/wp-json\/wp\/v2\/product_tag?post=58500"}],"curies":[{"name":"wp","href":"https:\/\/api.w.org\/{rel}","templated":true}]}}