{"id":58518,"date":"2025-12-28T14:52:54","date_gmt":"2025-12-28T14:52:54","guid":{"rendered":"https:\/\/modesthanim.com\/product\/mixray-baklava-desen-hirka-sari\/"},"modified":"2026-04-15T20:34:35","modified_gmt":"2026-04-15T20:34:35","slug":"mixray-baklava-desen-hirka-sari","status":"publish","type":"product","link":"https:\/\/mod.wisdar.net\/tr\/urun\/mixray-baklava-desen-hirka-sari\/","title":{"rendered":"M\u0130XRAY BAKLAVA DESEN HIRKA Sar\u0131"},"content":{"rendered":"<p>HIRKA BOY: 70 CM<br \/>\nKOL BOY: 55 CM<br \/>\nG\u00d6\u011e\u00dcS: 58 CM<br \/>\nKUMA\u015e \u0130\u00c7ER\u0130\u011e\u0130: %70 AKR\u0130L\u0130K  %30 POLYESTER TR\u0130KO KUMA\u015eTIR.<br \/>\nYUKARDA BEL\u0130RT\u0130LEN \u00d6L\u00c7\u00dcLER STANDART BEDENE A\u0130TT\u0130R.<br \/>\nYIKAMA TAL\u0130MATI<br \/>\n\u00c7ama\u015f\u0131r suyu kullan\u0131lmaz.<br \/>\nHafif \u0131s\u0131 ile \u00fct\u00fclenebilir<br \/>\nKuru temizleme yap\u0131labilir.<br \/>\n\u0130ADE ve DE\u011e\u0130\u015e\u0130M<br \/>\nFaturas\u0131z iade ve de\u011fi\u015fim yoktur.<br \/>\n\u00dcr\u00fcn\u00fc teslim ald\u0131ktan sonra herhangi bir nedenden dolay\u0131 iade veya de\u011fi\u015fime g\u00f6ndermek isterseniz teslim ald\u0131\u011f\u0131n\u0131z tarih itibariyle 14 g\u00fcn i\u00e7erisinde iade\/de\u011fi\u015fim ger\u00e7ekle\u015ftirebilirsiniz.<br \/>\nHasarl\u0131 ve eksik \u00fcr\u00fcnler i\u00e7in 24 saat i\u00e7erisinde online ma\u011fazam\u0131z \u00fczerinden iade talebi olu\u015fturulabilir.<\/p>\n<p>\u2014 Technical Details \u2014<br \/>\nTedarik\u00e7i Mam\u00fcl Kodu: 6937<\/p>\n","protected":false},"excerpt":{"rendered":"<p>HIRKA BOY: 70 CM<br \/>\nKOL BOY: 55 CM<br \/>\nG\u00d6\u011e\u00dcS: 58 CM<br \/>\nKUMA\u015e \u0130\u00c7ER\u0130\u011e\u0130: %70 AKR\u0130L\u0130K  %30 POLYESTER TR\u0130KO KUMA\u015eTIR.<br \/>\nYUKARDA BEL\u0130RT\u0130LEN \u00d6L\u00c7\u00dcLER STANDART BEDENE A\u0130TT\u0130R.<br \/>\nYIKAMA TAL\u0130MATI<br \/>\n\u00c7ama\u015f\u0131r suyu kullan\u0131lmaz.<br \/>\nHafif \u0131s\u0131 ile \u00fct\u00fclenebilir<br \/>\nKuru temizleme yap\u0131labilir.<br \/>\n\u0130ADE ve DE\u011e\u0130\u015e\u0130M<br \/>\nFaturas\u0131z iade ve de\u011fi\u015fim yoktur.<br \/>\n\u00dcr\u00fcn\u00fc teslim ald\u0131ktan sonra herhangi bir nedenden dolay\u0131 iade veya de\u011fi\u015fime g\u00f6ndermek isterseniz teslim ald\u0131\u011f\u0131n\u0131z tarih itibariyle 14 g\u00fcn i\u00e7erisinde iade\/de\u011fi\u015fim ger\u00e7ekle\u015ftirebilirsiniz.<br \/>\nHasarl\u0131 ve eksik \u00fcr\u00fcnler i\u00e7in 24 saat i\u00e7erisinde online ma\u011fazam\u0131z \u00fczerinden iade talebi olu\u015fturulabilir.<\/p>\n<p>\u2014 Technical Details \u2014<br \/>\nTedarik\u00e7i Mam\u00fcl Kodu: 6937<\/p>\n","protected":false},"featured_media":58512,"comment_status":"open","ping_status":"closed","template":"","meta":[],"product_brand":[],"product_cat":[1927],"product_tag":[7887,7308],"class_list":{"0":"post-58518","1":"product","2":"type-product","3":"status-publish","4":"has-post-thumbnail","6":"product_cat-hoodies-sweatshirtler","7":"product_tag-baklava-deseni","8":"product_tag-hirka","9":"pa_brand-markasiz","10":"pa_color-sari","11":"pa_size-std","13":"first","14":"instock","15":"shipping-taxable","16":"purchasable","17":"product-type-variable"},"_links":{"self":[{"href":"https:\/\/mod.wisdar.net\/tr\/wp-json\/wp\/v2\/product\/58518","targetHints":{"allow":["GET"]}}],"collection":[{"href":"https:\/\/mod.wisdar.net\/tr\/wp-json\/wp\/v2\/product"}],"about":[{"href":"https:\/\/mod.wisdar.net\/tr\/wp-json\/wp\/v2\/types\/product"}],"replies":[{"embeddable":true,"href":"https:\/\/mod.wisdar.net\/tr\/wp-json\/wp\/v2\/comments?post=58518"}],"wp:featuredmedia":[{"embeddable":true,"href":"https:\/\/mod.wisdar.net\/tr\/wp-json\/wp\/v2\/media\/58512"}],"wp:attachment":[{"href":"https:\/\/mod.wisdar.net\/tr\/wp-json\/wp\/v2\/media?parent=58518"}],"wp:term":[{"taxonomy":"product_brand","embeddable":true,"href":"https:\/\/mod.wisdar.net\/tr\/wp-json\/wp\/v2\/product_brand?post=58518"},{"taxonomy":"product_cat","embeddable":true,"href":"https:\/\/mod.wisdar.net\/tr\/wp-json\/wp\/v2\/product_cat?post=58518"},{"taxonomy":"product_tag","embeddable":true,"href":"https:\/\/mod.wisdar.net\/tr\/wp-json\/wp\/v2\/product_tag?post=58518"}],"curies":[{"name":"wp","href":"https:\/\/api.w.org\/{rel}","templated":true}]}}