{"id":58543,"date":"2025-12-28T14:53:28","date_gmt":"2025-12-28T14:53:28","guid":{"rendered":"https:\/\/modesthanim.com\/product\/law-hirka-krem-rengi\/"},"modified":"2026-04-15T21:50:34","modified_gmt":"2026-04-15T21:50:34","slug":"law-hirka-krem-rengi","status":"publish","type":"product","link":"https:\/\/mod.wisdar.net\/tr\/urun\/law-hirka-krem-rengi\/","title":{"rendered":"LAW HIRKA Krem Rengi"},"content":{"rendered":"<p>\u015e\u0131k ve modern tasar\u0131m\u0131yla dikkat \u00e7eken LAW HIRKA, gard\u0131robunuzun vazge\u00e7ilmez par\u00e7alar\u0131ndan biri olacak. Y\u00fcksek kaliteli kuma\u015f\u0131 ve rahat kesimiyle g\u00fcn boyu konfor sunar. Krem rengi tonu, her t\u00fcrl\u00fc kombinasyonla uyum sa\u011flayarak \u015f\u0131kl\u0131\u011f\u0131n\u0131z\u0131 tamamlar.<\/p>\n","protected":false},"excerpt":{"rendered":"<p>\u015e\u0131k ve modern tasar\u0131m\u0131yla dikkat \u00e7eken LAW HIRKA, gard\u0131robunuzun vazge\u00e7ilmez par\u00e7alar\u0131ndan biri olacak. Y\u00fcksek kaliteli kuma\u015f\u0131 ve rahat kesimiyle g\u00fcn boyu konfor sunar. Krem rengi tonu, her t\u00fcrl\u00fc kombinasyonla uyum sa\u011flayarak \u015f\u0131kl\u0131\u011f\u0131n\u0131z\u0131 tamamlar.<\/p>\n","protected":false},"featured_media":58533,"comment_status":"open","ping_status":"closed","template":"","meta":[],"product_brand":[],"product_cat":[1909],"product_tag":[],"class_list":{"0":"post-58543","1":"product","2":"type-product","3":"status-publish","4":"has-post-thumbnail","6":"product_cat-bluzlar-ve-gomlekler","7":"pa_brand-markasiz","8":"pa_color-ekru","9":"pa_size-std","11":"first","12":"instock","13":"shipping-taxable","14":"purchasable","15":"product-type-variable"},"_links":{"self":[{"href":"https:\/\/mod.wisdar.net\/tr\/wp-json\/wp\/v2\/product\/58543","targetHints":{"allow":["GET"]}}],"collection":[{"href":"https:\/\/mod.wisdar.net\/tr\/wp-json\/wp\/v2\/product"}],"about":[{"href":"https:\/\/mod.wisdar.net\/tr\/wp-json\/wp\/v2\/types\/product"}],"replies":[{"embeddable":true,"href":"https:\/\/mod.wisdar.net\/tr\/wp-json\/wp\/v2\/comments?post=58543"}],"wp:featuredmedia":[{"embeddable":true,"href":"https:\/\/mod.wisdar.net\/tr\/wp-json\/wp\/v2\/media\/58533"}],"wp:attachment":[{"href":"https:\/\/mod.wisdar.net\/tr\/wp-json\/wp\/v2\/media?parent=58543"}],"wp:term":[{"taxonomy":"product_brand","embeddable":true,"href":"https:\/\/mod.wisdar.net\/tr\/wp-json\/wp\/v2\/product_brand?post=58543"},{"taxonomy":"product_cat","embeddable":true,"href":"https:\/\/mod.wisdar.net\/tr\/wp-json\/wp\/v2\/product_cat?post=58543"},{"taxonomy":"product_tag","embeddable":true,"href":"https:\/\/mod.wisdar.net\/tr\/wp-json\/wp\/v2\/product_tag?post=58543"}],"curies":[{"name":"wp","href":"https:\/\/api.w.org\/{rel}","templated":true}]}}