{"id":58637,"date":"2025-12-28T14:55:44","date_gmt":"2025-12-28T14:55:44","guid":{"rendered":"https:\/\/modesthanim.com\/product\/suet-pantolon-bej\/"},"modified":"2026-04-02T20:10:55","modified_gmt":"2026-04-02T20:10:55","slug":"suet-pantolon-bej","status":"publish","type":"product","link":"https:\/\/mod.wisdar.net\/tr\/urun\/suet-pantolon-bej\/","title":{"rendered":"S\u00fcet Pantolon \u2013 Bej"},"content":{"rendered":"<p>Zarif ve \u015f\u0131k tasar\u0131m\u0131yla \u00f6ne \u00e7\u0131kan bu s\u00fcet pantolon, rahatl\u0131k ve stil m\u00fckemmel bir uyum sa\u011flar. Premium s\u00fcet kuma\u015f\u0131, \u00fcst\u00fcn kalite ve dayan\u0131kl\u0131l\u0131k sunarken, bej rengi her mevsim gard\u0131robunuza uyum sa\u011flar. Hem g\u00fcnl\u00fck hem de \u00f6zel g\u00fcnler i\u00e7in ideal bir se\u00e7im.<\/p>\n","protected":false},"excerpt":{"rendered":"<p>Zarif ve \u015f\u0131k tasar\u0131m\u0131yla \u00f6ne \u00e7\u0131kan bu s\u00fcet pantolon, rahatl\u0131k ve stil m\u00fckemmel bir uyum sa\u011flar. Premium s\u00fcet kuma\u015f\u0131, \u00fcst\u00fcn kalite ve dayan\u0131kl\u0131l\u0131k sunarken, bej rengi her mevsim gard\u0131robunuza uyum sa\u011flar. Hem g\u00fcnl\u00fck hem de \u00f6zel g\u00fcnler i\u00e7in ideal bir se\u00e7im.<\/p>\n","protected":false},"featured_media":58629,"comment_status":"open","ping_status":"closed","template":"","meta":[],"product_brand":[],"product_cat":[1882],"product_tag":[],"class_list":{"0":"post-58637","1":"product","2":"type-product","3":"status-publish","4":"has-post-thumbnail","6":"product_cat-alt-giyim","7":"pa_brand-ahel","8":"pa_color-bej","9":"pa_size-4701","10":"pa_size-4706","11":"pa_size-4711","12":"pa_size-4713","14":"first","15":"outofstock","16":"shipping-taxable","17":"product-type-variable"},"_links":{"self":[{"href":"https:\/\/mod.wisdar.net\/tr\/wp-json\/wp\/v2\/product\/58637","targetHints":{"allow":["GET"]}}],"collection":[{"href":"https:\/\/mod.wisdar.net\/tr\/wp-json\/wp\/v2\/product"}],"about":[{"href":"https:\/\/mod.wisdar.net\/tr\/wp-json\/wp\/v2\/types\/product"}],"replies":[{"embeddable":true,"href":"https:\/\/mod.wisdar.net\/tr\/wp-json\/wp\/v2\/comments?post=58637"}],"wp:featuredmedia":[{"embeddable":true,"href":"https:\/\/mod.wisdar.net\/tr\/wp-json\/wp\/v2\/media\/58629"}],"wp:attachment":[{"href":"https:\/\/mod.wisdar.net\/tr\/wp-json\/wp\/v2\/media?parent=58637"}],"wp:term":[{"taxonomy":"product_brand","embeddable":true,"href":"https:\/\/mod.wisdar.net\/tr\/wp-json\/wp\/v2\/product_brand?post=58637"},{"taxonomy":"product_cat","embeddable":true,"href":"https:\/\/mod.wisdar.net\/tr\/wp-json\/wp\/v2\/product_cat?post=58637"},{"taxonomy":"product_tag","embeddable":true,"href":"https:\/\/mod.wisdar.net\/tr\/wp-json\/wp\/v2\/product_tag?post=58637"}],"curies":[{"name":"wp","href":"https:\/\/api.w.org\/{rel}","templated":true}]}}