{"id":58754,"date":"2025-12-28T15:00:49","date_gmt":"2025-12-28T15:00:49","guid":{"rendered":"https:\/\/modesthanim.com\/product\/simli-triko-tunik-kirmizi\/"},"modified":"2026-04-15T21:45:22","modified_gmt":"2026-04-15T21:45:22","slug":"simli-triko-tunik-kirmizi","status":"publish","type":"product","link":"https:\/\/mod.wisdar.net\/tr\/urun\/simli-triko-tunik-kirmizi\/","title":{"rendered":"S\u0130ML\u0130 TR\u0130KO TUN\u0130K K\u0131rm\u0131z\u0131"},"content":{"rendered":"<p>\u2014 Technical Details \u2014<br \/>\nTedarik\u00e7i Mam\u00fcl Kodu: 51114<\/p>\n","protected":false},"excerpt":{"rendered":"<p>\u2014 Technical Details \u2014<br \/>\nTedarik\u00e7i Mam\u00fcl Kodu: 51114<\/p>\n","protected":false},"featured_media":58749,"comment_status":"open","ping_status":"closed","template":"","meta":[],"product_brand":[],"product_cat":[1909],"product_tag":[],"class_list":{"0":"post-58754","1":"product","2":"type-product","3":"status-publish","4":"has-post-thumbnail","6":"product_cat-bluzlar-ve-gomlekler","7":"pa_brand-markasiz","8":"pa_color-kirmizi","9":"pa_size-std","11":"first","12":"instock","13":"sale","14":"shipping-taxable","15":"purchasable","16":"product-type-variable"},"_links":{"self":[{"href":"https:\/\/mod.wisdar.net\/tr\/wp-json\/wp\/v2\/product\/58754","targetHints":{"allow":["GET"]}}],"collection":[{"href":"https:\/\/mod.wisdar.net\/tr\/wp-json\/wp\/v2\/product"}],"about":[{"href":"https:\/\/mod.wisdar.net\/tr\/wp-json\/wp\/v2\/types\/product"}],"replies":[{"embeddable":true,"href":"https:\/\/mod.wisdar.net\/tr\/wp-json\/wp\/v2\/comments?post=58754"}],"wp:featuredmedia":[{"embeddable":true,"href":"https:\/\/mod.wisdar.net\/tr\/wp-json\/wp\/v2\/media\/58749"}],"wp:attachment":[{"href":"https:\/\/mod.wisdar.net\/tr\/wp-json\/wp\/v2\/media?parent=58754"}],"wp:term":[{"taxonomy":"product_brand","embeddable":true,"href":"https:\/\/mod.wisdar.net\/tr\/wp-json\/wp\/v2\/product_brand?post=58754"},{"taxonomy":"product_cat","embeddable":true,"href":"https:\/\/mod.wisdar.net\/tr\/wp-json\/wp\/v2\/product_cat?post=58754"},{"taxonomy":"product_tag","embeddable":true,"href":"https:\/\/mod.wisdar.net\/tr\/wp-json\/wp\/v2\/product_tag?post=58754"}],"curies":[{"name":"wp","href":"https:\/\/api.w.org\/{rel}","templated":true}]}}