{"id":58785,"date":"2025-12-28T15:01:48","date_gmt":"2025-12-28T15:01:48","guid":{"rendered":"https:\/\/modesthanim.com\/product\/hafif-kis-hirkasi-siyah\/"},"modified":"2026-04-15T21:17:07","modified_gmt":"2026-04-15T21:17:07","slug":"hafif-kis-hirkasi-siyah","status":"publish","type":"product","link":"https:\/\/mod.wisdar.net\/tr\/urun\/hafif-kis-hirkasi-siyah\/","title":{"rendered":"HAF\u0130F KI\u015e HIRKASI Siyah"},"content":{"rendered":"<p>K\u0131\u015f\u0131n so\u011fuk havalarda \u015f\u0131kl\u0131\u011f\u0131n\u0131zdan \u00f6d\u00fcn vermeden sizi s\u0131cak tutacak hafif ve \u015f\u0131k bir h\u0131rka. Kaliteli malzemesi ve modern tasar\u0131m\u0131 ile gard\u0131robunuzun vazge\u00e7ilmez bir par\u00e7as\u0131 olacak.<\/p>\n","protected":false},"excerpt":{"rendered":"<p>K\u0131\u015f\u0131n so\u011fuk havalarda \u015f\u0131kl\u0131\u011f\u0131n\u0131zdan \u00f6d\u00fcn vermeden sizi s\u0131cak tutacak hafif ve \u015f\u0131k bir h\u0131rka. Kaliteli malzemesi ve modern tasar\u0131m\u0131 ile gard\u0131robunuzun vazge\u00e7ilmez bir par\u00e7as\u0131 olacak.<\/p>\n","protected":false},"featured_media":58778,"comment_status":"open","ping_status":"closed","template":"","meta":[],"product_brand":[],"product_cat":[2044],"product_tag":[],"class_list":{"0":"post-58785","1":"product","2":"type-product","3":"status-publish","4":"has-post-thumbnail","6":"product_cat-ceketler","7":"pa_brand-markasiz","8":"pa_color-siyah","9":"pa_size-std","11":"first","12":"outofstock","13":"shipping-taxable","14":"product-type-variable"},"_links":{"self":[{"href":"https:\/\/mod.wisdar.net\/tr\/wp-json\/wp\/v2\/product\/58785","targetHints":{"allow":["GET"]}}],"collection":[{"href":"https:\/\/mod.wisdar.net\/tr\/wp-json\/wp\/v2\/product"}],"about":[{"href":"https:\/\/mod.wisdar.net\/tr\/wp-json\/wp\/v2\/types\/product"}],"replies":[{"embeddable":true,"href":"https:\/\/mod.wisdar.net\/tr\/wp-json\/wp\/v2\/comments?post=58785"}],"wp:featuredmedia":[{"embeddable":true,"href":"https:\/\/mod.wisdar.net\/tr\/wp-json\/wp\/v2\/media\/58778"}],"wp:attachment":[{"href":"https:\/\/mod.wisdar.net\/tr\/wp-json\/wp\/v2\/media?parent=58785"}],"wp:term":[{"taxonomy":"product_brand","embeddable":true,"href":"https:\/\/mod.wisdar.net\/tr\/wp-json\/wp\/v2\/product_brand?post=58785"},{"taxonomy":"product_cat","embeddable":true,"href":"https:\/\/mod.wisdar.net\/tr\/wp-json\/wp\/v2\/product_cat?post=58785"},{"taxonomy":"product_tag","embeddable":true,"href":"https:\/\/mod.wisdar.net\/tr\/wp-json\/wp\/v2\/product_tag?post=58785"}],"curies":[{"name":"wp","href":"https:\/\/api.w.org\/{rel}","templated":true}]}}