{"id":58825,"date":"2025-12-28T15:03:04","date_gmt":"2025-12-28T15:03:04","guid":{"rendered":"https:\/\/modesthanim.com\/product\/siyah-fildisi-asimetrik-yaka-detayli-triko-elbise\/"},"modified":"2026-04-15T22:55:16","modified_gmt":"2026-04-15T22:55:16","slug":"siyah-fildisi-asimetrik-yaka-detayli-triko-elbise","status":"publish","type":"product","link":"https:\/\/mod.wisdar.net\/tr\/urun\/siyah-fildisi-asimetrik-yaka-detayli-triko-elbise\/","title":{"rendered":"Siyah Fildi\u015fi Asimetrik Yaka Detayl\u0131 Triko Elbise"},"content":{"rendered":"<p>\u015e\u0131k asimetrik yaka detay\u0131na sahip bu triko elbise, zarif fildi\u015fi rengi ve siyah kombinasyonuyla modern bir tarz sunar. Rahat triko kuma\u015f\u0131, g\u00fcnl\u00fck kullan\u0131m i\u00e7in ideal olup \u00f6zel g\u00fcnlerde de \u015f\u0131kl\u0131\u011f\u0131n\u0131z\u0131 tamamlar. Her mevsime uygun tasar\u0131m\u0131yla gard\u0131robunuzun vazge\u00e7ilmez par\u00e7as\u0131 olacak.<\/p>\n","protected":false},"excerpt":{"rendered":"<p>\u015e\u0131k asimetrik yaka detay\u0131na sahip bu triko elbise, zarif fildi\u015fi rengi ve siyah kombinasyonuyla modern bir tarz sunar. Rahat triko kuma\u015f\u0131, g\u00fcnl\u00fck kullan\u0131m i\u00e7in ideal olup \u00f6zel g\u00fcnlerde de \u015f\u0131kl\u0131\u011f\u0131n\u0131z\u0131 tamamlar. Her mevsime uygun tasar\u0131m\u0131yla gard\u0131robunuzun vazge\u00e7ilmez par\u00e7as\u0131 olacak.<\/p>\n","protected":false},"featured_media":58814,"comment_status":"open","ping_status":"closed","template":"","meta":[],"product_brand":[],"product_cat":[6249,1933],"product_tag":[],"class_list":{"0":"post-58825","1":"product","2":"type-product","3":"status-publish","4":"has-post-thumbnail","6":"product_cat-elbiseler","7":"product_cat-gunluk-ve-gunduz-elbiseleri","8":"pa_brand-ahel","9":"pa_color-siyah","10":"pa_size-4446","11":"pa_size-4463","13":"first","14":"instock","15":"sale","16":"shipping-taxable","17":"purchasable","18":"product-type-variable"},"_links":{"self":[{"href":"https:\/\/mod.wisdar.net\/tr\/wp-json\/wp\/v2\/product\/58825","targetHints":{"allow":["GET"]}}],"collection":[{"href":"https:\/\/mod.wisdar.net\/tr\/wp-json\/wp\/v2\/product"}],"about":[{"href":"https:\/\/mod.wisdar.net\/tr\/wp-json\/wp\/v2\/types\/product"}],"replies":[{"embeddable":true,"href":"https:\/\/mod.wisdar.net\/tr\/wp-json\/wp\/v2\/comments?post=58825"}],"wp:featuredmedia":[{"embeddable":true,"href":"https:\/\/mod.wisdar.net\/tr\/wp-json\/wp\/v2\/media\/58814"}],"wp:attachment":[{"href":"https:\/\/mod.wisdar.net\/tr\/wp-json\/wp\/v2\/media?parent=58825"}],"wp:term":[{"taxonomy":"product_brand","embeddable":true,"href":"https:\/\/mod.wisdar.net\/tr\/wp-json\/wp\/v2\/product_brand?post=58825"},{"taxonomy":"product_cat","embeddable":true,"href":"https:\/\/mod.wisdar.net\/tr\/wp-json\/wp\/v2\/product_cat?post=58825"},{"taxonomy":"product_tag","embeddable":true,"href":"https:\/\/mod.wisdar.net\/tr\/wp-json\/wp\/v2\/product_tag?post=58825"}],"curies":[{"name":"wp","href":"https:\/\/api.w.org\/{rel}","templated":true}]}}