{"id":59015,"date":"2025-12-28T15:11:10","date_gmt":"2025-12-28T15:11:10","guid":{"rendered":"https:\/\/modesthanim.com\/product\/fildisi-asimetrik-yaka-detayli-triko-elbise-kahverengi\/"},"modified":"2026-04-15T22:30:27","modified_gmt":"2026-04-15T22:30:27","slug":"fildisi-asimetrik-yaka-detayli-triko-elbise-kahverengi","status":"publish","type":"product","link":"https:\/\/mod.wisdar.net\/tr\/urun\/fildisi-asimetrik-yaka-detayli-triko-elbise-kahverengi\/","title":{"rendered":"Fildi\u015fi Asimetrik Yaka Detayl\u0131 Triko Elbise \u2013 Kahverengi"},"content":{"rendered":"<p>Asimetrik yaka detay\u0131yla dikkat \u00e7eken bu fildi\u015fi renkli triko elbise, modern ve \u015f\u0131k bir tarz sunar. Rahat triko kuma\u015f\u0131 ile g\u00fcn boyu konfor sa\u011flarken, kahverengi tonuyla zarif bir g\u00f6r\u00fcn\u00fcm kazand\u0131r\u0131r. Hem g\u00fcnl\u00fck kullan\u0131m hem de \u00f6zel g\u00fcnler i\u00e7in ideal bir se\u00e7im.<\/p>\n","protected":false},"excerpt":{"rendered":"<p>Asimetrik yaka detay\u0131yla dikkat \u00e7eken bu fildi\u015fi renkli triko elbise, modern ve \u015f\u0131k bir tarz sunar. Rahat triko kuma\u015f\u0131 ile g\u00fcn boyu konfor sa\u011flarken, kahverengi tonuyla zarif bir g\u00f6r\u00fcn\u00fcm kazand\u0131r\u0131r. Hem g\u00fcnl\u00fck kullan\u0131m hem de \u00f6zel g\u00fcnler i\u00e7in ideal bir se\u00e7im.<\/p>\n","protected":false},"featured_media":59007,"comment_status":"open","ping_status":"closed","template":"","meta":[],"product_brand":[],"product_cat":[6249,1933],"product_tag":[],"class_list":{"0":"post-59015","1":"product","2":"type-product","3":"status-publish","4":"has-post-thumbnail","6":"product_cat-elbiseler","7":"product_cat-gunluk-ve-gunduz-elbiseleri","8":"pa_brand-ahel","9":"pa_color-kahve","10":"pa_size-4446","11":"pa_size-4463","13":"first","14":"outofstock","15":"shipping-taxable","16":"product-type-variable"},"_links":{"self":[{"href":"https:\/\/mod.wisdar.net\/tr\/wp-json\/wp\/v2\/product\/59015","targetHints":{"allow":["GET"]}}],"collection":[{"href":"https:\/\/mod.wisdar.net\/tr\/wp-json\/wp\/v2\/product"}],"about":[{"href":"https:\/\/mod.wisdar.net\/tr\/wp-json\/wp\/v2\/types\/product"}],"replies":[{"embeddable":true,"href":"https:\/\/mod.wisdar.net\/tr\/wp-json\/wp\/v2\/comments?post=59015"}],"wp:featuredmedia":[{"embeddable":true,"href":"https:\/\/mod.wisdar.net\/tr\/wp-json\/wp\/v2\/media\/59007"}],"wp:attachment":[{"href":"https:\/\/mod.wisdar.net\/tr\/wp-json\/wp\/v2\/media?parent=59015"}],"wp:term":[{"taxonomy":"product_brand","embeddable":true,"href":"https:\/\/mod.wisdar.net\/tr\/wp-json\/wp\/v2\/product_brand?post=59015"},{"taxonomy":"product_cat","embeddable":true,"href":"https:\/\/mod.wisdar.net\/tr\/wp-json\/wp\/v2\/product_cat?post=59015"},{"taxonomy":"product_tag","embeddable":true,"href":"https:\/\/mod.wisdar.net\/tr\/wp-json\/wp\/v2\/product_tag?post=59015"}],"curies":[{"name":"wp","href":"https:\/\/api.w.org\/{rel}","templated":true}]}}