{"id":59021,"date":"2025-12-28T15:10:52","date_gmt":"2025-12-28T15:10:52","guid":{"rendered":"https:\/\/modesthanim.com\/product\/cavin-bel-buzgulu-zincirli-saten-elbise-lacivert\/"},"modified":"2026-04-10T03:23:48","modified_gmt":"2026-04-10T03:23:48","slug":"cavin-bel-buzgulu-zincirli-saten-elbise-lacivert","status":"publish","type":"product","link":"https:\/\/mod.wisdar.net\/tr\/urun\/cavin-bel-buzgulu-zincirli-saten-elbise-lacivert\/","title":{"rendered":"Cavin Bel B\u00fczg\u00fcl\u00fc Zincirli Saten Elbise \u2013 Lacivert"},"content":{"rendered":"<p>\u00dcretimden kaynakl\u0131 bir kusur bulunmad\u0131\u011f\u0131 s\u00fcrece; Signature Collection&#8217;da sat\u0131\u015fa sunulan abiye \u00fcr\u00fcnlerde yaln\u0131zca beden de\u011fi\u015fimi yap\u0131lmaktad\u0131r.<\/p>\n<p>\u00dcR\u00dcN TANIMI<\/p>\n<p>I\u015f\u0131lt\u0131l\u0131 saten dokusuyla asil bir duru\u015f sergileyen bu abiye, zarif kesimi ve inci detayl\u0131 kemeriyle \u015f\u0131kl\u0131\u011f\u0131 en sade haliyle yans\u0131t\u0131yor. Davetlerde ve \u00f6zel g\u00fcnlerde sofistike bir g\u00f6r\u00fcn\u00fcm arayanlar i\u00e7in ideal bir se\u00e7im.<\/p>\n<p>\u00dcR\u00dcN \u00d6ZELL\u0130KLER\u0130<\/p>\n<p>\tElbise Boy : 151 cm<br \/>\n\tSaten Kuma\u015ft\u0131r.<br \/>\n\t\u0130nci detayl\u0131 kemeri mevcuttur.<br \/>\n\tSeyyar astarl\u0131d\u0131r.<br \/>\n\tBel alt\u0131ndan b\u00fczg\u00fcleri mevcuttur<br \/>\n\t\u0130spanyol kollar\u0131 vard\u0131r<br \/>\n\tTam kal\u0131pt\u0131r<br \/>\n\tArkadan fermuarld\u0131\u0131r<\/p>\n<p>\u0130\u00c7ER\u0130K VE BAKIM<\/p>\n<p>%65 Pes %35 Pamuk kuma\u015ft\u0131r.<br \/>\nYaln\u0131zca kuru temizleme yap\u0131n\u0131z.<br \/>\nD\u00fc\u015f\u00fck \u0131s\u0131da tersten \u00fct\u00fclenebilir elle \u00f6l\u00e7\u00fcmlerde 2-3 cm de\u011fi\u015fiklik g\u00f6sterebilir.<br \/>\n\u00a0<br \/>\nManken \u00d6l\u00e7\u00fcleri: Boy 175\u00a0cm, 50 kilo<br \/>\nManken \u00fczerindeki \u00fcr\u00fcn 36\u00a0bedendir.<\/p>\n","protected":false},"excerpt":{"rendered":"<p>\u00dcretimden kaynakl\u0131 bir kusur bulunmad\u0131\u011f\u0131 s\u00fcrece; Signature Collection&#8217;da sat\u0131\u015fa sunulan abiye \u00fcr\u00fcnlerde yaln\u0131zca beden de\u011fi\u015fimi yap\u0131lmaktad\u0131r.<\/p>\n<p>\u00dcR\u00dcN TANIMI<\/p>\n<p>I\u015f\u0131lt\u0131l\u0131 saten dokusuyla asil bir duru\u015f sergileyen bu abiye, zarif kesimi ve inci detayl\u0131 kemeriyle \u015f\u0131kl\u0131\u011f\u0131 en sade haliyle yans\u0131t\u0131yor. Davetlerde ve \u00f6zel g\u00fcnlerde sofistike bir g\u00f6r\u00fcn\u00fcm arayanlar i\u00e7in ideal bir se\u00e7im.<\/p>\n<p>\u00dcR\u00dcN \u00d6ZELL\u0130KLER\u0130<\/p>\n<p>\tElbise Boy : 151 cm<br \/>\n\tSaten Kuma\u015ft\u0131r.<br \/>\n\t\u0130nci detayl\u0131 kemeri mevcuttur.<br \/>\n\tSeyyar astarl\u0131d\u0131r.<br \/>\n\tBel alt\u0131ndan b\u00fczg\u00fcleri mevcuttur<br \/>\n\t\u0130spanyol kollar\u0131 vard\u0131r<br \/>\n\tTam kal\u0131pt\u0131r<br \/>\n\tArkadan fermuarld\u0131\u0131r<\/p>\n<p>\u0130\u00c7ER\u0130K VE BAKIM<\/p>\n<p>%65 Pes %35 Pamuk kuma\u015ft\u0131r.<br \/>\nYaln\u0131zca kuru temizleme yap\u0131n\u0131z.<br \/>\nD\u00fc\u015f\u00fck \u0131s\u0131da tersten \u00fct\u00fclenebilir elle \u00f6l\u00e7\u00fcmlerde 2-3 cm de\u011fi\u015fiklik g\u00f6sterebilir.<br \/>\n\u00a0<br \/>\nManken \u00d6l\u00e7\u00fcleri: Boy 175\u00a0cm, 50 kilo<br \/>\nManken \u00fczerindeki \u00fcr\u00fcn 36\u00a0bedendir.<\/p>\n","protected":false},"featured_media":59006,"comment_status":"open","ping_status":"closed","template":"","meta":[],"product_brand":[],"product_cat":[6249,1936],"product_tag":[8427,7959],"class_list":{"0":"post-59021","1":"product","2":"type-product","3":"status-publish","4":"has-post-thumbnail","6":"product_cat-elbiseler","7":"product_cat-resmi-ve-aksam-elbiseleri","8":"product_tag-gece-elbisesi","9":"product_tag-resmi-giyim","10":"pa_brand-ahel","11":"pa_color-lacivert","12":"pa_size-4701","13":"pa_size-4706","14":"pa_size-4711","15":"pa_size-4713","17":"first","18":"instock","19":"sale","20":"shipping-taxable","21":"purchasable","22":"product-type-variable"},"_links":{"self":[{"href":"https:\/\/mod.wisdar.net\/tr\/wp-json\/wp\/v2\/product\/59021","targetHints":{"allow":["GET"]}}],"collection":[{"href":"https:\/\/mod.wisdar.net\/tr\/wp-json\/wp\/v2\/product"}],"about":[{"href":"https:\/\/mod.wisdar.net\/tr\/wp-json\/wp\/v2\/types\/product"}],"replies":[{"embeddable":true,"href":"https:\/\/mod.wisdar.net\/tr\/wp-json\/wp\/v2\/comments?post=59021"}],"wp:featuredmedia":[{"embeddable":true,"href":"https:\/\/mod.wisdar.net\/tr\/wp-json\/wp\/v2\/media\/59006"}],"wp:attachment":[{"href":"https:\/\/mod.wisdar.net\/tr\/wp-json\/wp\/v2\/media?parent=59021"}],"wp:term":[{"taxonomy":"product_brand","embeddable":true,"href":"https:\/\/mod.wisdar.net\/tr\/wp-json\/wp\/v2\/product_brand?post=59021"},{"taxonomy":"product_cat","embeddable":true,"href":"https:\/\/mod.wisdar.net\/tr\/wp-json\/wp\/v2\/product_cat?post=59021"},{"taxonomy":"product_tag","embeddable":true,"href":"https:\/\/mod.wisdar.net\/tr\/wp-json\/wp\/v2\/product_tag?post=59021"}],"curies":[{"name":"wp","href":"https:\/\/api.w.org\/{rel}","templated":true}]}}