{"id":59074,"date":"2025-12-28T15:14:02","date_gmt":"2025-12-28T15:14:02","guid":{"rendered":"https:\/\/modesthanim.com\/product\/samy-puskul-hirkali-triko-elbise-lacivert\/"},"modified":"2026-04-02T21:29:45","modified_gmt":"2026-04-02T21:29:45","slug":"samy-puskul-hirkali-triko-elbise-lacivert","status":"publish","type":"product","link":"https:\/\/mod.wisdar.net\/tr\/urun\/samy-puskul-hirkali-triko-elbise-lacivert\/","title":{"rendered":"Samy P\u00fcsk\u00fcl H\u0131rkal\u0131 Triko Elbise \u2013 Lacivert"},"content":{"rendered":"","protected":false},"excerpt":{"rendered":"","protected":false},"featured_media":59063,"comment_status":"open","ping_status":"closed","template":"","meta":[],"product_brand":[],"product_cat":[6249,1933],"product_tag":[7575,6744,6745],"class_list":{"0":"post-59074","1":"product","2":"type-product","3":"status-publish","4":"has-post-thumbnail","6":"product_cat-elbiseler","7":"product_cat-gunluk-ve-gunduz-elbiseleri","8":"product_tag-gunluk-elbise","9":"product_tag-kadin-modasi","10":"product_tag-zarif-elbise","11":"pa_brand-ahel","12":"pa_color-lacivert","13":"pa_size-std","15":"first","16":"outofstock","17":"shipping-taxable","18":"product-type-variable"},"_links":{"self":[{"href":"https:\/\/mod.wisdar.net\/tr\/wp-json\/wp\/v2\/product\/59074","targetHints":{"allow":["GET"]}}],"collection":[{"href":"https:\/\/mod.wisdar.net\/tr\/wp-json\/wp\/v2\/product"}],"about":[{"href":"https:\/\/mod.wisdar.net\/tr\/wp-json\/wp\/v2\/types\/product"}],"replies":[{"embeddable":true,"href":"https:\/\/mod.wisdar.net\/tr\/wp-json\/wp\/v2\/comments?post=59074"}],"wp:featuredmedia":[{"embeddable":true,"href":"https:\/\/mod.wisdar.net\/tr\/wp-json\/wp\/v2\/media\/59063"}],"wp:attachment":[{"href":"https:\/\/mod.wisdar.net\/tr\/wp-json\/wp\/v2\/media?parent=59074"}],"wp:term":[{"taxonomy":"product_brand","embeddable":true,"href":"https:\/\/mod.wisdar.net\/tr\/wp-json\/wp\/v2\/product_brand?post=59074"},{"taxonomy":"product_cat","embeddable":true,"href":"https:\/\/mod.wisdar.net\/tr\/wp-json\/wp\/v2\/product_cat?post=59074"},{"taxonomy":"product_tag","embeddable":true,"href":"https:\/\/mod.wisdar.net\/tr\/wp-json\/wp\/v2\/product_tag?post=59074"}],"curies":[{"name":"wp","href":"https:\/\/api.w.org\/{rel}","templated":true}]}}