{"id":59118,"date":"2025-12-28T15:16:12","date_gmt":"2025-12-28T15:16:12","guid":{"rendered":"https:\/\/modesthanim.com\/product\/krem-rengi-asimetrik-yaka-detayli-triko-elbise\/"},"modified":"2026-04-15T22:26:58","modified_gmt":"2026-04-15T22:26:58","slug":"krem-rengi-asimetrik-yaka-detayli-triko-elbise","status":"publish","type":"product","link":"https:\/\/mod.wisdar.net\/tr\/urun\/krem-rengi-asimetrik-yaka-detayli-triko-elbise\/","title":{"rendered":"Krem Rengi Asimetrik Yaka Detayl\u0131 Triko Elbise"},"content":{"rendered":"<p>Bu zarif triko elbise, asimetrik yaka detay\u0131yla modern bir dokunu\u015f sunuyor. Krem rengiyle her mevsime uyum sa\u011flayan bu \u015f\u0131k tasar\u0131m, hem g\u00fcnl\u00fck kullan\u0131mda hem de \u00f6zel g\u00fcnlerde rahatl\u0131k ve stil bir arada sunar. Kaliteli triko kuma\u015f\u0131 sayesinde m\u00fckemmel bir oturma sa\u011flar ve konforlu bir giyim deneyimi vadediyor.<\/p>\n","protected":false},"excerpt":{"rendered":"<p>Bu zarif triko elbise, asimetrik yaka detay\u0131yla modern bir dokunu\u015f sunuyor. Krem rengiyle her mevsime uyum sa\u011flayan bu \u015f\u0131k tasar\u0131m, hem g\u00fcnl\u00fck kullan\u0131mda hem de \u00f6zel g\u00fcnlerde rahatl\u0131k ve stil bir arada sunar. Kaliteli triko kuma\u015f\u0131 sayesinde m\u00fckemmel bir oturma sa\u011flar ve konforlu bir giyim deneyimi vadediyor.<\/p>\n","protected":false},"featured_media":59108,"comment_status":"open","ping_status":"closed","template":"","meta":[],"product_brand":[],"product_cat":[6249,1933],"product_tag":[],"class_list":{"0":"post-59118","1":"product","2":"type-product","3":"status-publish","4":"has-post-thumbnail","6":"product_cat-elbiseler","7":"product_cat-gunluk-ve-gunduz-elbiseleri","8":"pa_brand-ahel","9":"pa_color-krem","10":"pa_size-4446","11":"pa_size-4463","13":"first","14":"instock","15":"sale","16":"shipping-taxable","17":"purchasable","18":"product-type-variable"},"_links":{"self":[{"href":"https:\/\/mod.wisdar.net\/tr\/wp-json\/wp\/v2\/product\/59118","targetHints":{"allow":["GET"]}}],"collection":[{"href":"https:\/\/mod.wisdar.net\/tr\/wp-json\/wp\/v2\/product"}],"about":[{"href":"https:\/\/mod.wisdar.net\/tr\/wp-json\/wp\/v2\/types\/product"}],"replies":[{"embeddable":true,"href":"https:\/\/mod.wisdar.net\/tr\/wp-json\/wp\/v2\/comments?post=59118"}],"wp:featuredmedia":[{"embeddable":true,"href":"https:\/\/mod.wisdar.net\/tr\/wp-json\/wp\/v2\/media\/59108"}],"wp:attachment":[{"href":"https:\/\/mod.wisdar.net\/tr\/wp-json\/wp\/v2\/media?parent=59118"}],"wp:term":[{"taxonomy":"product_brand","embeddable":true,"href":"https:\/\/mod.wisdar.net\/tr\/wp-json\/wp\/v2\/product_brand?post=59118"},{"taxonomy":"product_cat","embeddable":true,"href":"https:\/\/mod.wisdar.net\/tr\/wp-json\/wp\/v2\/product_cat?post=59118"},{"taxonomy":"product_tag","embeddable":true,"href":"https:\/\/mod.wisdar.net\/tr\/wp-json\/wp\/v2\/product_tag?post=59118"}],"curies":[{"name":"wp","href":"https:\/\/api.w.org\/{rel}","templated":true}]}}