{"id":59196,"date":"2025-12-28T17:43:57","date_gmt":"2025-12-28T17:43:57","guid":{"rendered":"https:\/\/modesthanim.com\/product\/arlea-kot-ceket-elbise-lacivert\/"},"modified":"2026-04-02T21:29:47","modified_gmt":"2026-04-02T21:29:47","slug":"arlea-kot-ceket-elbise-lacivert","status":"publish","type":"product","link":"https:\/\/mod.wisdar.net\/tr\/urun\/arlea-kot-ceket-elbise-lacivert\/","title":{"rendered":"Arlea Kot Ceket Elbise \u2013 Lacivert"},"content":{"rendered":"<p>\u00dcr\u00fcn \u00d6zellikleri<\/p>\n<p>Kuma\u015f T\u00fcr\u00fc: Kot kuma\u015f<br \/>\n\u0130\u00e7erik: %97 Pamuk, %3 Elastan<br \/>\nCeket Boyu: 48 cm<br \/>\nElbise Boyu: 138 cm<br \/>\nEl ile yap\u0131lan \u00f6l\u00e7\u00fcmlerde 2-3 cm farkl\u0131l\u0131k g\u00f6sterebilmektedir.<\/p>\n<p>A\u00e7\u0131klama<br \/>\nKot kuma\u015f\u0131n dayan\u0131kl\u0131 ve esnek yap\u0131s\u0131 sayesinde hem \u015f\u0131k hem de rahat bir kullan\u0131m sunar. %3 elastan i\u00e7eri\u011fi hareket kolayl\u0131\u011f\u0131 sa\u011flarken, modern kesimiyle g\u00fcnl\u00fck ve \u00f6zel kombinlerde rahatl\u0131kla tercih edilebilir.<\/p>\n<p>Y\u0131kama Talimat\u0131<\/p>\n<p>30\u00b0C\u2019de ters \u00e7evirerek y\u0131kay\u0131n\u0131z.<br \/>\nA\u011fart\u0131c\u0131 kullan\u0131lmaz.<br \/>\nD\u00fc\u015f\u00fck \u0131s\u0131da \u00fct\u00fclenebilir.<br \/>\nSererek kurutulmas\u0131 tavsiye edilir.<\/p>\n","protected":false},"excerpt":{"rendered":"<p>\u00dcr\u00fcn \u00d6zellikleri<\/p>\n<p>Kuma\u015f T\u00fcr\u00fc: Kot kuma\u015f<br \/>\n\u0130\u00e7erik: %97 Pamuk, %3 Elastan<br \/>\nCeket Boyu: 48 cm<br \/>\nElbise Boyu: 138 cm<br \/>\nEl ile yap\u0131lan \u00f6l\u00e7\u00fcmlerde 2-3 cm farkl\u0131l\u0131k g\u00f6sterebilmektedir.<\/p>\n<p>A\u00e7\u0131klama<br \/>\nKot kuma\u015f\u0131n dayan\u0131kl\u0131 ve esnek yap\u0131s\u0131 sayesinde hem \u015f\u0131k hem de rahat bir kullan\u0131m sunar. %3 elastan i\u00e7eri\u011fi hareket kolayl\u0131\u011f\u0131 sa\u011flarken, modern kesimiyle g\u00fcnl\u00fck ve \u00f6zel kombinlerde rahatl\u0131kla tercih edilebilir.<\/p>\n<p>Y\u0131kama Talimat\u0131<\/p>\n<p>30\u00b0C\u2019de ters \u00e7evirerek y\u0131kay\u0131n\u0131z.<br \/>\nA\u011fart\u0131c\u0131 kullan\u0131lmaz.<br \/>\nD\u00fc\u015f\u00fck \u0131s\u0131da \u00fct\u00fclenebilir.<br \/>\nSererek kurutulmas\u0131 tavsiye edilir.<\/p>\n","protected":false},"featured_media":59183,"comment_status":"open","ping_status":"closed","template":"","meta":[],"product_brand":[],"product_cat":[6249,1933],"product_tag":[],"class_list":{"0":"post-59196","1":"product","2":"type-product","3":"status-publish","4":"has-post-thumbnail","6":"product_cat-elbiseler","7":"product_cat-gunluk-ve-gunduz-elbiseleri","8":"pa_brand-ahel","9":"pa_color-lacivert","10":"pa_size-4701","11":"pa_size-4706","12":"pa_size-4711","13":"pa_size-4713","15":"first","16":"outofstock","17":"shipping-taxable","18":"product-type-variable"},"_links":{"self":[{"href":"https:\/\/mod.wisdar.net\/tr\/wp-json\/wp\/v2\/product\/59196","targetHints":{"allow":["GET"]}}],"collection":[{"href":"https:\/\/mod.wisdar.net\/tr\/wp-json\/wp\/v2\/product"}],"about":[{"href":"https:\/\/mod.wisdar.net\/tr\/wp-json\/wp\/v2\/types\/product"}],"replies":[{"embeddable":true,"href":"https:\/\/mod.wisdar.net\/tr\/wp-json\/wp\/v2\/comments?post=59196"}],"wp:featuredmedia":[{"embeddable":true,"href":"https:\/\/mod.wisdar.net\/tr\/wp-json\/wp\/v2\/media\/59183"}],"wp:attachment":[{"href":"https:\/\/mod.wisdar.net\/tr\/wp-json\/wp\/v2\/media?parent=59196"}],"wp:term":[{"taxonomy":"product_brand","embeddable":true,"href":"https:\/\/mod.wisdar.net\/tr\/wp-json\/wp\/v2\/product_brand?post=59196"},{"taxonomy":"product_cat","embeddable":true,"href":"https:\/\/mod.wisdar.net\/tr\/wp-json\/wp\/v2\/product_cat?post=59196"},{"taxonomy":"product_tag","embeddable":true,"href":"https:\/\/mod.wisdar.net\/tr\/wp-json\/wp\/v2\/product_tag?post=59196"}],"curies":[{"name":"wp","href":"https:\/\/api.w.org\/{rel}","templated":true}]}}