{"id":59696,"date":"2025-12-30T09:18:47","date_gmt":"2025-12-30T09:18:47","guid":{"rendered":"https:\/\/modesthanim.com\/product\/kurk-detayli-kapusonlu-uzun-fume-sisme-mont-12765\/"},"modified":"2026-03-22T10:31:08","modified_gmt":"2026-03-22T10:31:08","slug":"kurk-detayli-kapusonlu-uzun-fume-sisme-mont-12765","status":"publish","type":"product","link":"https:\/\/mod.wisdar.net\/tr\/urun\/kurk-detayli-kapusonlu-uzun-fume-sisme-mont-12765\/","title":{"rendered":"K\u00fcrk Detayl\u0131 Kap\u00fc\u015fonlu Uzun F\u00fcme \u015ei\u015fme Mont 12765"},"content":{"rendered":"<p>K\u00fcrk Detayl\u0131 Kap\u00fc\u015fonlu Uzun F\u00fcme \u015ei\u015fme Mont 12765 \u00d6zellikleri<\/p>\n<p>Modern f\u00fcme tonuyla \u00f6ne \u00e7\u0131kan bu \u015fi\u015fme mont, k\u00fcrk detayl\u0131 kap\u00fc\u015fonu ve uzun kesimiyle k\u0131\u015f g\u00fcnlerinde \u015f\u0131kl\u0131\u011f\u0131 ve s\u0131cakl\u0131\u011f\u0131 bir arada sunar. G\u00fcnl\u00fck kombinlerden \u00f6zel davetlere kadar farkl\u0131 alanlarda rahatl\u0131kla kullan\u0131labilir.<\/p>\n<p>\u00dcr\u00fcn Detaylar\u0131<br \/>\nK\u00fcrk detayl\u0131 kap\u00fc\u015fon \u2013 Uzun kesim \u2013 Kemerli \u2013 Cepli \u2013 Astarl\u0131 \u2013 Rahat kal\u0131p<\/p>\n<p>\u00dcr\u00fcn \u00d6l\u00e7\u00fcleri<br \/>\nBoy: 125 cm, G\u00f6\u011f\u00fcs: 105 cm, Bel: 104 cm, Basen: 112 cm, Beden: 38<br \/>\nBedenler aras\u0131 fark 4 cm\u2019dir.<\/p>\n<p>Kuma\u015f Bilgisi<br \/>\n%100 Polyester<\/p>\n<p>Modelin \u00d6l\u00e7\u00fcleri<br \/>\nBoy: 177 cm, G\u00f6\u011f\u00fcs: 83 cm, Bel: 63 cm, Basen: 90 cm<\/p>\n","protected":false},"excerpt":{"rendered":"<p>K\u00fcrk Detayl\u0131 Kap\u00fc\u015fonlu Uzun F\u00fcme \u015ei\u015fme Mont 12765 \u00d6zellikleri Modern f\u00fcme tonuyla \u00f6ne \u00e7\u0131kan bu \u015fi\u015fme mont, k\u00fcrk detayl\u0131 kap\u00fc\u015fonu ve uzun kesimiyle k\u0131\u015f g\u00fcnlerinde \u015f\u0131kl\u0131\u011f\u0131 ve s\u0131cakl\u0131\u011f\u0131 bir arada sunar. G\u00fcnl\u00fck kombinlerden \u00f6zel davetlere kadar farkl\u0131 alanlarda rahatl\u0131kla kullan\u0131labilir. \u00dcr\u00fcn Detaylar\u0131 K\u00fcrk detayl\u0131 kap\u00fc\u015fon \u2013 Uzun kesim \u2013 Kemerli \u2013 Cepli \u2013 Astarl\u0131 \u2013 [&hellip;]<\/p>\n","protected":false},"featured_media":59669,"comment_status":"open","ping_status":"closed","template":"","meta":[],"product_brand":[],"product_cat":[2047],"product_tag":[6312,6311],"class_list":{"0":"post-59696","1":"product","2":"type-product","3":"status-publish","4":"has-post-thumbnail","6":"product_cat-paltolar","7":"product_tag-long-coat","8":"product_tag-winter-coat","9":"pa_brand-zuhre","10":"pa_color-fume","11":"pa_size-4706","12":"pa_size-4711","13":"pa_size-4713","14":"pa_size-4751","15":"pa_size-4749","16":"pa_size-4747","18":"first","19":"instock","20":"sale","21":"shipping-taxable","22":"purchasable","23":"product-type-variable"},"_links":{"self":[{"href":"https:\/\/mod.wisdar.net\/tr\/wp-json\/wp\/v2\/product\/59696","targetHints":{"allow":["GET"]}}],"collection":[{"href":"https:\/\/mod.wisdar.net\/tr\/wp-json\/wp\/v2\/product"}],"about":[{"href":"https:\/\/mod.wisdar.net\/tr\/wp-json\/wp\/v2\/types\/product"}],"replies":[{"embeddable":true,"href":"https:\/\/mod.wisdar.net\/tr\/wp-json\/wp\/v2\/comments?post=59696"}],"wp:featuredmedia":[{"embeddable":true,"href":"https:\/\/mod.wisdar.net\/tr\/wp-json\/wp\/v2\/media\/59669"}],"wp:attachment":[{"href":"https:\/\/mod.wisdar.net\/tr\/wp-json\/wp\/v2\/media?parent=59696"}],"wp:term":[{"taxonomy":"product_brand","embeddable":true,"href":"https:\/\/mod.wisdar.net\/tr\/wp-json\/wp\/v2\/product_brand?post=59696"},{"taxonomy":"product_cat","embeddable":true,"href":"https:\/\/mod.wisdar.net\/tr\/wp-json\/wp\/v2\/product_cat?post=59696"},{"taxonomy":"product_tag","embeddable":true,"href":"https:\/\/mod.wisdar.net\/tr\/wp-json\/wp\/v2\/product_tag?post=59696"}],"curies":[{"name":"wp","href":"https:\/\/api.w.org\/{rel}","templated":true}]}}