{"id":59772,"date":"2025-12-30T09:20:11","date_gmt":"2025-12-30T09:20:11","guid":{"rendered":"https:\/\/modesthanim.com\/product\/kisa-kurk-beyaz-kaban-13828\/"},"modified":"2026-02-22T21:08:26","modified_gmt":"2026-02-22T21:08:26","slug":"kisa-kurk-beyaz-kaban-13828","status":"publish","type":"product","link":"https:\/\/mod.wisdar.net\/tr\/urun\/kisa-kurk-beyaz-kaban-13828\/","title":{"rendered":"K\u0131sa K\u00fcrk Beyaz Kaban 13828"},"content":{"rendered":"<p>K\u0131sa K\u00fcrk Beyaz Kaban 13828<\/p>\n<p>G\u00f6z al\u0131c\u0131 dokusu ve modern kesimiyle \u00f6ne \u00e7\u0131kan pelu\u015f kaban modelimiz, so\u011fuk havalarda hem s\u0131cak tutar hem de stilinizi tamamlar. Yumu\u015fac\u0131k dokusu ve geni\u015f yakas\u0131 ile konfor ve \u015f\u0131kl\u0131\u011f\u0131 bir arada sunar.<\/p>\n<p>\u00dcr\u00fcn Detaylar\u0131: Geni\u015f yaka, Pelu\u015f dokulu, Yan cepli, Astarl\u0131, K\u0131sa kesim<\/p>\n<p>\u00dcr\u00fcn \u00d6l\u00e7\u00fcleri: Boy: 80 cm, G\u00f6\u011f\u00fcs: 126 cm, Bel: 120 cm, Basen: 120 cm Beden: 1<\/p>\n<p>Bedenler aras\u0131 fark 4 cm&#8217;dir.<\/p>\n<p>Kuma\u015f Bilgisi: %100 Polyester<\/p>\n<p>Modelin \u00d6l\u00e7\u00fcleri: Boy: 176 cm, G\u00f6\u011f\u00fcs: 82 cm, Bel: 63 cm, Basen: 92 cm<\/p>\n","protected":false},"excerpt":{"rendered":"<p>K\u0131sa K\u00fcrk Beyaz Kaban 13828 G\u00f6z al\u0131c\u0131 dokusu ve modern kesimiyle \u00f6ne \u00e7\u0131kan pelu\u015f kaban modelimiz, so\u011fuk havalarda hem s\u0131cak tutar hem de stilinizi tamamlar. Yumu\u015fac\u0131k dokusu ve geni\u015f yakas\u0131 ile konfor ve \u015f\u0131kl\u0131\u011f\u0131 bir arada sunar. \u00dcr\u00fcn Detaylar\u0131: Geni\u015f yaka, Pelu\u015f dokulu, Yan cepli, Astarl\u0131, K\u0131sa kesim \u00dcr\u00fcn \u00d6l\u00e7\u00fcleri: Boy: 80 cm, G\u00f6\u011f\u00fcs: 126 [&hellip;]<\/p>\n","protected":false},"featured_media":59761,"comment_status":"open","ping_status":"closed","template":"","meta":[],"product_brand":[],"product_cat":[2047],"product_tag":[7960,7895],"class_list":{"0":"post-59772","1":"product","2":"type-product","3":"status-publish","4":"has-post-thumbnail","6":"product_cat-paltolar","7":"product_tag-kadin-dis-giyim","8":"product_tag-kis-modasi","9":"pa_brand-zuhre","10":"pa_color-beyaz","11":"pa_size-4446","12":"pa_size-4463","14":"first","15":"outofstock","16":"shipping-taxable","17":"product-type-variable"},"_links":{"self":[{"href":"https:\/\/mod.wisdar.net\/tr\/wp-json\/wp\/v2\/product\/59772","targetHints":{"allow":["GET"]}}],"collection":[{"href":"https:\/\/mod.wisdar.net\/tr\/wp-json\/wp\/v2\/product"}],"about":[{"href":"https:\/\/mod.wisdar.net\/tr\/wp-json\/wp\/v2\/types\/product"}],"replies":[{"embeddable":true,"href":"https:\/\/mod.wisdar.net\/tr\/wp-json\/wp\/v2\/comments?post=59772"}],"wp:featuredmedia":[{"embeddable":true,"href":"https:\/\/mod.wisdar.net\/tr\/wp-json\/wp\/v2\/media\/59761"}],"wp:attachment":[{"href":"https:\/\/mod.wisdar.net\/tr\/wp-json\/wp\/v2\/media?parent=59772"}],"wp:term":[{"taxonomy":"product_brand","embeddable":true,"href":"https:\/\/mod.wisdar.net\/tr\/wp-json\/wp\/v2\/product_brand?post=59772"},{"taxonomy":"product_cat","embeddable":true,"href":"https:\/\/mod.wisdar.net\/tr\/wp-json\/wp\/v2\/product_cat?post=59772"},{"taxonomy":"product_tag","embeddable":true,"href":"https:\/\/mod.wisdar.net\/tr\/wp-json\/wp\/v2\/product_tag?post=59772"}],"curies":[{"name":"wp","href":"https:\/\/api.w.org\/{rel}","templated":true}]}}