{"id":59898,"date":"2025-12-30T09:21:34","date_gmt":"2025-12-30T09:21:34","guid":{"rendered":"https:\/\/modesthanim.com\/product\/yaka-detayli-ipek-cupra-mavi-elbise-e-0444\/"},"modified":"2026-04-02T21:02:15","modified_gmt":"2026-04-02T21:02:15","slug":"yaka-detayli-ipek-cupra-mavi-elbise-e-0444","status":"publish","type":"product","link":"https:\/\/mod.wisdar.net\/tr\/urun\/yaka-detayli-ipek-cupra-mavi-elbise-e-0444\/","title":{"rendered":"Yaka Detayl\u0131 \u0130pek Cupra Mavi Elbise E-0444"},"content":{"rendered":"<p>Yaka Detayl\u0131 \u0130pek Cupra Mavi Elbise E-0444<\/p>\n<p>Zarif tasar\u0131m\u0131yla \u00f6ne \u00e7\u0131kan ipek cupra elbise modelimiz, mavi tonlar\u0131n sofistike havas\u0131n\u0131 yaka detay\u0131yla birle\u015ftirerek modern bir \u015f\u0131kl\u0131k sunuyor. Ak\u0131\u015fkan dokusu sayesinde hem \u00f6zel g\u00fcnlerde hem de g\u00fcnl\u00fck kullan\u0131mda rahatl\u0131k ve zarafet sa\u011flar.<\/p>\n<p>\u00dcr\u00fcn Detaylar\u0131:<br \/>\nYaka detayl\u0131, Uzun kollu, Maxi boy, Astars\u0131z<\/p>\n<p>\u00dcr\u00fcn \u00d6l\u00e7\u00fcleri (Elbise):<br \/>\nBoy: 148 cm, G\u00f6\u011f\u00fcs: 100 cm, Bel: 78 cm, Basen: 126 cm, Beden: 38<\/p>\n<p>Bedenler aras\u0131 fark 4 cm\u2019dir.<\/p>\n<p>Kuma\u015f Bilgisi:<br \/>\n%58 Lyocell \u2013 %42 Viskon<\/p>\n<p>Modelin \u00d6l\u00e7\u00fcleri:<br \/>\nBoy: 176 cm, G\u00f6\u011f\u00fcs: 84 cm, Bel: 61 cm, Basen: 92 cm<\/p>\n","protected":false},"excerpt":{"rendered":"<p>Yaka Detayl\u0131 \u0130pek Cupra Mavi Elbise E-0444 Zarif tasar\u0131m\u0131yla \u00f6ne \u00e7\u0131kan ipek cupra elbise modelimiz, mavi tonlar\u0131n sofistike havas\u0131n\u0131 yaka detay\u0131yla birle\u015ftirerek modern bir \u015f\u0131kl\u0131k sunuyor. Ak\u0131\u015fkan dokusu sayesinde hem \u00f6zel g\u00fcnlerde hem de g\u00fcnl\u00fck kullan\u0131mda rahatl\u0131k ve zarafet sa\u011flar. \u00dcr\u00fcn Detaylar\u0131: Yaka detayl\u0131, Uzun kollu, Maxi boy, Astars\u0131z \u00dcr\u00fcn \u00d6l\u00e7\u00fcleri (Elbise): Boy: 148 cm, [&hellip;]<\/p>\n","protected":false},"featured_media":59892,"comment_status":"open","ping_status":"closed","template":"","meta":[],"product_brand":[],"product_cat":[6249,1933],"product_tag":[6927,6839,7562],"class_list":{"0":"post-59898","1":"product","2":"type-product","3":"status-publish","4":"has-post-thumbnail","6":"product_cat-elbiseler","7":"product_cat-gunluk-ve-gunduz-elbiseleri","8":"product_tag-akiskan-elbise","9":"product_tag-cupro-kumas","10":"product_tag-mavi-elbise","11":"pa_brand-zuhre","12":"pa_color-mavi","13":"pa_size-4706","14":"pa_size-4711","15":"pa_size-4713","16":"pa_size-4751","18":"first","19":"outofstock","20":"shipping-taxable","21":"product-type-variable"},"_links":{"self":[{"href":"https:\/\/mod.wisdar.net\/tr\/wp-json\/wp\/v2\/product\/59898","targetHints":{"allow":["GET"]}}],"collection":[{"href":"https:\/\/mod.wisdar.net\/tr\/wp-json\/wp\/v2\/product"}],"about":[{"href":"https:\/\/mod.wisdar.net\/tr\/wp-json\/wp\/v2\/types\/product"}],"replies":[{"embeddable":true,"href":"https:\/\/mod.wisdar.net\/tr\/wp-json\/wp\/v2\/comments?post=59898"}],"wp:featuredmedia":[{"embeddable":true,"href":"https:\/\/mod.wisdar.net\/tr\/wp-json\/wp\/v2\/media\/59892"}],"wp:attachment":[{"href":"https:\/\/mod.wisdar.net\/tr\/wp-json\/wp\/v2\/media?parent=59898"}],"wp:term":[{"taxonomy":"product_brand","embeddable":true,"href":"https:\/\/mod.wisdar.net\/tr\/wp-json\/wp\/v2\/product_brand?post=59898"},{"taxonomy":"product_cat","embeddable":true,"href":"https:\/\/mod.wisdar.net\/tr\/wp-json\/wp\/v2\/product_cat?post=59898"},{"taxonomy":"product_tag","embeddable":true,"href":"https:\/\/mod.wisdar.net\/tr\/wp-json\/wp\/v2\/product_tag?post=59898"}],"curies":[{"name":"wp","href":"https:\/\/api.w.org\/{rel}","templated":true}]}}