{"id":59912,"date":"2025-12-30T09:21:38","date_gmt":"2025-12-30T09:21:38","guid":{"rendered":"https:\/\/modesthanim.com\/product\/yuksek-bel-duz-paca-kahve-pantolon-p-0255\/"},"modified":"2026-04-10T01:51:08","modified_gmt":"2026-04-10T01:51:08","slug":"yuksek-bel-duz-paca-kahve-pantolon-p-0255","status":"publish","type":"product","link":"https:\/\/mod.wisdar.net\/tr\/urun\/yuksek-bel-duz-paca-kahve-pantolon-p-0255\/","title":{"rendered":"Y\u00fcksek Bel D\u00fcz Pa\u00e7a Kahve Pantolon P-0255"},"content":{"rendered":"<p>Y\u00fcksek Bel D\u00fcz Pa\u00e7a Kahve Pantolon P-0255<\/p>\n<p>Modern ve sade tasar\u0131m\u0131yla \u00f6ne \u00e7\u0131kan y\u00fcksek bel d\u00fcz pa\u00e7a pantolon modelimiz, kahve tonu ile zarif ve \u015f\u0131k bir g\u00f6r\u00fcn\u00fcm sunar. G\u00fcnl\u00fck kombinlerde ve ofis stilinde rahatl\u0131kla kullan\u0131labilecek bu pantolon, y\u00fcksek bel yap\u0131s\u0131 ve d\u00fcz kesimiyle konforlu bir tercih olu\u015fturur.<\/p>\n<p>\u00dcr\u00fcn Detaylar\u0131:<br \/>\nY\u00fcksek bel, D\u00fcz pa\u00e7a, Fermuarl\u0131 ve d\u00fc\u011fmeli kapama, Cepli<\/p>\n<p>\u00dcr\u00fcn kemersiz olarak sat\u0131lmaktad\u0131r.<\/p>\n<p>\u00dcr\u00fcn \u00d6l\u00e7\u00fcleri (Pantolon):<br \/>\nBoy: 110 cm, Bel: 78 cm, Basen: 100 cm, Beden: 38<\/p>\n<p>Bedenler aras\u0131 fark 4 cm\u2019dir.<\/p>\n<p>Kuma\u015f Bilgisi:<br \/>\n%73 Polyester \u2013 %19 Viskon \u2013 %8 Elastan<\/p>\n<p>Modelin \u00d6l\u00e7\u00fcleri:<br \/>\nBoy: 176 cm, G\u00f6\u011f\u00fcs: 84 cm, Bel: 61 cm, Basen: 92 cm<\/p>\n","protected":false},"excerpt":{"rendered":"<p>Y\u00fcksek Bel D\u00fcz Pa\u00e7a Kahve Pantolon P-0255 Modern ve sade tasar\u0131m\u0131yla \u00f6ne \u00e7\u0131kan y\u00fcksek bel d\u00fcz pa\u00e7a pantolon modelimiz, kahve tonu ile zarif ve \u015f\u0131k bir g\u00f6r\u00fcn\u00fcm sunar. G\u00fcnl\u00fck kombinlerde ve ofis stilinde rahatl\u0131kla kullan\u0131labilecek bu pantolon, y\u00fcksek bel yap\u0131s\u0131 ve d\u00fcz kesimiyle konforlu bir tercih olu\u015fturur. \u00dcr\u00fcn Detaylar\u0131: Y\u00fcksek bel, D\u00fcz pa\u00e7a, Fermuarl\u0131 ve [&hellip;]<\/p>\n","protected":false},"featured_media":59897,"comment_status":"open","ping_status":"closed","template":"","meta":[],"product_brand":[],"product_cat":[1882],"product_tag":[7856,7855,7096,6754,8467],"class_list":{"0":"post-59912","1":"product","2":"type-product","3":"status-publish","4":"has-post-thumbnail","6":"product_cat-alt-giyim","7":"product_tag-kadin-pantolon","8":"product_tag-kahverengi-pantolon","9":"product_tag-modern-tasarim","10":"product_tag-ofis-kiyafeti","11":"product_tag-resmi-pantolon","12":"pa_brand-zuhre","13":"pa_color-kahve","14":"pa_size-4706","15":"pa_size-4711","16":"pa_size-4713","17":"pa_size-4751","19":"first","20":"instock","21":"sale","22":"shipping-taxable","23":"purchasable","24":"product-type-variable"},"_links":{"self":[{"href":"https:\/\/mod.wisdar.net\/tr\/wp-json\/wp\/v2\/product\/59912","targetHints":{"allow":["GET"]}}],"collection":[{"href":"https:\/\/mod.wisdar.net\/tr\/wp-json\/wp\/v2\/product"}],"about":[{"href":"https:\/\/mod.wisdar.net\/tr\/wp-json\/wp\/v2\/types\/product"}],"replies":[{"embeddable":true,"href":"https:\/\/mod.wisdar.net\/tr\/wp-json\/wp\/v2\/comments?post=59912"}],"wp:featuredmedia":[{"embeddable":true,"href":"https:\/\/mod.wisdar.net\/tr\/wp-json\/wp\/v2\/media\/59897"}],"wp:attachment":[{"href":"https:\/\/mod.wisdar.net\/tr\/wp-json\/wp\/v2\/media?parent=59912"}],"wp:term":[{"taxonomy":"product_brand","embeddable":true,"href":"https:\/\/mod.wisdar.net\/tr\/wp-json\/wp\/v2\/product_brand?post=59912"},{"taxonomy":"product_cat","embeddable":true,"href":"https:\/\/mod.wisdar.net\/tr\/wp-json\/wp\/v2\/product_cat?post=59912"},{"taxonomy":"product_tag","embeddable":true,"href":"https:\/\/mod.wisdar.net\/tr\/wp-json\/wp\/v2\/product_tag?post=59912"}],"curies":[{"name":"wp","href":"https:\/\/api.w.org\/{rel}","templated":true}]}}