{"id":6007,"date":"2025-11-01T19:18:41","date_gmt":"2025-11-01T19:18:41","guid":{"rendered":"https:\/\/modesthanim.com\/product\/siyah-file-astarli-yagmurluk\/"},"modified":"2026-04-10T13:43:01","modified_gmt":"2026-04-10T13:43:01","slug":"siyah-file-astarli-yagmurluk","status":"publish","type":"product","link":"https:\/\/mod.wisdar.net\/tr\/urun\/siyah-file-astarli-yagmurluk\/","title":{"rendered":"Siyah File Astarl\u0131 Ya\u011fmurluk"},"content":{"rendered":"<p>\u015e\u0131kl\u0131k ve i\u015flevselli\u011fi bir araya getiren bu file astarl\u0131 ya\u011fmurluk, hafif yap\u0131s\u0131 ve modern tasar\u0131m\u0131 ile ya\u011fmurlu havalarda tarz\u0131n\u0131z\u0131 tamamlar.<\/p>\n<p>Kuma\u015f \u0130\u00e7eri\u011fi: %60 Polyester, %40 Poliamid<br \/>\nFile Kuma\u015f: %100 Polyester<br \/>\nDesen: D\u00fcz<br \/>\nYaka Tipi: Kap\u00fc\u015fonlu Yaka<br \/>\nKol Tipi: D\u00fc\u015f\u00fck Kol<br \/>\nCep: Gizli Cep<br \/>\nAstar: Yar\u0131m Zebra Desenli Astar<br \/>\n\u00dcr\u00fcn Uzunlu\u011fu: 109 cm<br \/>\nKal\u0131p: Rahat Kal\u0131p<br \/>\nModelin Giydi\u011fi Beden: 36<\/p>\n<p>Model \u00d6l\u00e7\u00fcleri: Boy: 174 cm, G\u00f6\u011f\u00fcs: 83 cm, Bel: 57 cm, Kal\u00e7a: 88 cm<\/p>\n<p>\u2014 Teknik Detaylar \u2014<br \/>\nDesen: D\u00fcz<br \/>\nYaka Tipi: Kap\u00fc\u015fonlu Yaka<br \/>\nKol Tipi: D\u00fc\u015f\u00fck Kol<br \/>\nCep: Gizli Cep<br \/>\nAstar: Yar\u0131m Zebra Desenli Astar<br \/>\n\u00dcr\u00fcn Uzunlu\u011fu: 109 cm<br \/>\nKal\u0131p: Rahat Kal\u0131p<br \/>\nModelin Giydi\u011fi Beden: 36<br \/>\nModel \u00d6l\u00e7\u00fcleri: Boy: 174 cm, G\u00f6\u011f\u00fcs: 83 cm, Bel: 57 cm, Kal\u00e7a: 88 cm<br \/>\nBeden \u00d6l\u00e7\u00fcleri: {&#8217;36&#8217;: {&#8216;Omuz&#8217;: &#8216;55.5&#8217;, &#8216;G\u00f6\u011f\u00fcs&#8217;: &#8216;120&#8217;, &#8216;Bel&#8217;: &#8216;121&#8217;, &#8216;Kal\u00e7a&#8217;: &#8216;124&#8217;, &#8216;Uzunluk&#8217;: &#8216;109.5&#8217;, &#8216;Kol Uzunlu\u011fu&#8217;: &#8216;51.8&#8217;}, &#8217;38&#8217;: {&#8216;Omuz&#8217;: &#8217;56&#8217;, &#8216;G\u00f6\u011f\u00fcs&#8217;: &#8216;124&#8217;, &#8216;Bel&#8217;: &#8216;125&#8217;, &#8216;Kal\u00e7a&#8217;: &#8216;128&#8217;, &#8216;Uzunluk&#8217;: &#8216;110&#8217;, &#8216;Kol Uzunlu\u011fu&#8217;: &#8217;52&#8217;}, &#8217;40&#8217;: {&#8216;Omuz&#8217;: &#8216;56.5&#8217;, &#8216;G\u00f6\u011f\u00fcs&#8217;: &#8216;128&#8217;, &#8216;Bel&#8217;: &#8216;129&#8217;, &#8216;Kal\u00e7a&#8217;: &#8216;132&#8217;, &#8216;Uzunluk&#8217;: &#8216;110.5&#8217;, &#8216;Kol Uzunlu\u011fu&#8217;: &#8216;52.3&#8217;}, &#8217;42&#8217;: {&#8216;Omuz&#8217;: &#8217;57&#8217;, &#8216;G\u00f6\u011f\u00fcs&#8217;: &#8216;132&#8217;, &#8216;Bel&#8217;: &#8216;133&#8217;, &#8216;Kal\u00e7a&#8217;: &#8216;136&#8217;, &#8216;Uzunluk&#8217;: &#8216;111&#8217;, &#8216;Kol Uzunlu\u011fu&#8217;: &#8216;52.6&#8217;}}<\/p>\n","protected":false},"excerpt":{"rendered":"<p>\u015e\u0131kl\u0131k ve i\u015flevselli\u011fi bir araya getiren bu file astarl\u0131 ya\u011fmurluk, hafif yap\u0131s\u0131 ve modern tasar\u0131m\u0131 ile ya\u011fmurlu havalarda tarz\u0131n\u0131z\u0131 tamamlar. Kuma\u015f \u0130\u00e7eri\u011fi: %60 Polyester, %40 Poliamid File Kuma\u015f: %100 Polyester Desen: D\u00fcz Yaka Tipi: Kap\u00fc\u015fonlu Yaka Kol Tipi: D\u00fc\u015f\u00fck Kol Cep: Gizli Cep Astar: Yar\u0131m Zebra Desenli Astar \u00dcr\u00fcn Uzunlu\u011fu: 109 cm Kal\u0131p: Rahat Kal\u0131p [&hellip;]<\/p>\n","protected":false},"featured_media":52016,"comment_status":"open","ping_status":"closed","template":"","meta":[],"product_brand":[],"product_cat":[2047],"product_tag":[4999,8107],"class_list":{"0":"post-6007","1":"product","2":"type-product","3":"status-publish","4":"has-post-thumbnail","6":"product_cat-paltolar","7":"product_tag-outerwear","8":"product_tag-sik","9":"pa_brand-tugba","10":"pa_color-siyah","11":"pa_size-4701","12":"pa_size-4706","13":"pa_size-4711","14":"pa_size-4713","16":"first","17":"instock","18":"sale","19":"shipping-taxable","20":"purchasable","21":"product-type-variable"},"_links":{"self":[{"href":"https:\/\/mod.wisdar.net\/tr\/wp-json\/wp\/v2\/product\/6007","targetHints":{"allow":["GET"]}}],"collection":[{"href":"https:\/\/mod.wisdar.net\/tr\/wp-json\/wp\/v2\/product"}],"about":[{"href":"https:\/\/mod.wisdar.net\/tr\/wp-json\/wp\/v2\/types\/product"}],"replies":[{"embeddable":true,"href":"https:\/\/mod.wisdar.net\/tr\/wp-json\/wp\/v2\/comments?post=6007"}],"wp:featuredmedia":[{"embeddable":true,"href":"https:\/\/mod.wisdar.net\/tr\/wp-json\/wp\/v2\/media\/52016"}],"wp:attachment":[{"href":"https:\/\/mod.wisdar.net\/tr\/wp-json\/wp\/v2\/media?parent=6007"}],"wp:term":[{"taxonomy":"product_brand","embeddable":true,"href":"https:\/\/mod.wisdar.net\/tr\/wp-json\/wp\/v2\/product_brand?post=6007"},{"taxonomy":"product_cat","embeddable":true,"href":"https:\/\/mod.wisdar.net\/tr\/wp-json\/wp\/v2\/product_cat?post=6007"},{"taxonomy":"product_tag","embeddable":true,"href":"https:\/\/mod.wisdar.net\/tr\/wp-json\/wp\/v2\/product_tag?post=6007"}],"curies":[{"name":"wp","href":"https:\/\/api.w.org\/{rel}","templated":true}]}}