{"id":60265,"date":"2025-12-30T14:02:29","date_gmt":"2025-12-30T14:02:29","guid":{"rendered":"https:\/\/modesthanim.com\/product\/gizli-dugme-detayli-tunik-lacivert-t-0767\/"},"modified":"2026-04-15T20:27:27","modified_gmt":"2026-04-15T20:27:27","slug":"gizli-dugme-detayli-tunik-lacivert-t-0767","status":"publish","type":"product","link":"https:\/\/mod.wisdar.net\/tr\/urun\/gizli-dugme-detayli-tunik-lacivert-t-0767\/","title":{"rendered":"Gizli D\u00fc\u011fme Detayl\u0131 Tunik Lacivert T-0767"},"content":{"rendered":"<p>Gizli D\u00fc\u011fme Detayl\u0131 Tunik Lacivert T-0767 \u00d6zellikleri<\/p>\n<p>\u015e\u0131k ve sade tasar\u0131m\u0131yla \u00f6ne \u00e7\u0131kan uzun tunik, rahat kesimi ve cep detay\u0131yla g\u00fcnl\u00fck ve klasik kombinlerinize uyum sa\u011flar. Hafif ve d\u00f6k\u00fcml\u00fc kuma\u015f\u0131 sayesinde g\u00fcn boyu konfor sunar.<\/p>\n<p>\u00dcr\u00fcn Detaylar\u0131<br \/>\nKlasik yaka, Gizli d\u00fc\u011fme kapamal\u0131, Cep detayl\u0131, Uzun kesim<\/p>\n<p>\u00dcr\u00fcn \u00d6l\u00e7\u00fcleri: Boy: 100 cm, G\u00f6\u011f\u00fcs: 102 cm, Bel: 103 cm, Basen: 114 cm, Beden: 38<br \/>\nBedenler aras\u0131 fark 4 cm&#8217;dir.<\/p>\n<p>Kuma\u015f Bilgisi: %100 Polyester<\/p>\n<p>Modelin \u00d6l\u00e7\u00fcleri: Boy: 176 cm, G\u00f6\u011f\u00fcs: 80 cm, Bel: 61 cm, Basen: 90 cm<\/p>\n","protected":false},"excerpt":{"rendered":"<p>Gizli D\u00fc\u011fme Detayl\u0131 Tunik Lacivert T-0767 \u00d6zellikleri \u015e\u0131k ve sade tasar\u0131m\u0131yla \u00f6ne \u00e7\u0131kan uzun tunik, rahat kesimi ve cep detay\u0131yla g\u00fcnl\u00fck ve klasik kombinlerinize uyum sa\u011flar. Hafif ve d\u00f6k\u00fcml\u00fc kuma\u015f\u0131 sayesinde g\u00fcn boyu konfor sunar. \u00dcr\u00fcn Detaylar\u0131 Klasik yaka, Gizli d\u00fc\u011fme kapamal\u0131, Cep detayl\u0131, Uzun kesim \u00dcr\u00fcn \u00d6l\u00e7\u00fcleri: Boy: 100 cm, G\u00f6\u011f\u00fcs: 102 cm, Bel: [&hellip;]<\/p>\n","protected":false},"featured_media":60247,"comment_status":"open","ping_status":"closed","template":"","meta":[],"product_brand":[],"product_cat":[2050],"product_tag":[5012,7354,6744,8282,7021,6751],"class_list":{"0":"post-60265","1":"product","2":"type-product","3":"status-publish","4":"has-post-thumbnail","6":"product_cat-blazer-ceketler","7":"product_tag-elegant","8":"product_tag-gunluk-giyim-2","9":"product_tag-kadin-modasi","10":"product_tag-lacivert-2","11":"product_tag-polyester","12":"product_tag-rahat","13":"pa_brand-zuhre","14":"pa_color-lacivert","15":"pa_size-4706","16":"pa_size-4711","17":"pa_size-4713","18":"pa_size-4751","19":"pa_size-4749","20":"pa_size-4747","21":"pa_size-4746","22":"pa_size-4744","24":"first","25":"instock","26":"sale","27":"shipping-taxable","28":"purchasable","29":"product-type-variable"},"_links":{"self":[{"href":"https:\/\/mod.wisdar.net\/tr\/wp-json\/wp\/v2\/product\/60265","targetHints":{"allow":["GET"]}}],"collection":[{"href":"https:\/\/mod.wisdar.net\/tr\/wp-json\/wp\/v2\/product"}],"about":[{"href":"https:\/\/mod.wisdar.net\/tr\/wp-json\/wp\/v2\/types\/product"}],"replies":[{"embeddable":true,"href":"https:\/\/mod.wisdar.net\/tr\/wp-json\/wp\/v2\/comments?post=60265"}],"wp:featuredmedia":[{"embeddable":true,"href":"https:\/\/mod.wisdar.net\/tr\/wp-json\/wp\/v2\/media\/60247"}],"wp:attachment":[{"href":"https:\/\/mod.wisdar.net\/tr\/wp-json\/wp\/v2\/media?parent=60265"}],"wp:term":[{"taxonomy":"product_brand","embeddable":true,"href":"https:\/\/mod.wisdar.net\/tr\/wp-json\/wp\/v2\/product_brand?post=60265"},{"taxonomy":"product_cat","embeddable":true,"href":"https:\/\/mod.wisdar.net\/tr\/wp-json\/wp\/v2\/product_cat?post=60265"},{"taxonomy":"product_tag","embeddable":true,"href":"https:\/\/mod.wisdar.net\/tr\/wp-json\/wp\/v2\/product_tag?post=60265"}],"curies":[{"name":"wp","href":"https:\/\/api.w.org\/{rel}","templated":true}]}}