{"id":60422,"date":"2025-12-30T14:04:08","date_gmt":"2025-12-30T14:04:08","guid":{"rendered":"https:\/\/modesthanim.com\/product\/aksesuar-detayli-gizli-fermuarli-tas-etek-etk-0228\/"},"modified":"2026-04-02T21:08:58","modified_gmt":"2026-04-02T21:08:58","slug":"aksesuar-detayli-gizli-fermuarli-tas-etek-etk-0228","status":"publish","type":"product","link":"https:\/\/mod.wisdar.net\/tr\/urun\/aksesuar-detayli-gizli-fermuarli-tas-etek-etk-0228\/","title":{"rendered":"Aksesuar Detayl\u0131 Gizli Fermuarl\u0131 Ta\u015f Etek ETK-0228"},"content":{"rendered":"<p>Aksesuar Detayl\u0131 Gizli Fermuarl\u0131 Ta\u015f Etek ETK-0228<\/p>\n<p>\u015e\u0131k ve zarif kesimiyle dikkat \u00e7eken bu etek kuma\u015f\u0131yla rahat bir kullan\u0131m sunar. Uzun boyu ve d\u00f6k\u00fcml\u00fc yap\u0131s\u0131yla klasik ve modern kombinlere uyum sa\u011flar.<\/p>\n<p>\u00dcr\u00fcn Detaylar\u0131: Uzun boy, D\u00f6k\u00fcml\u00fc, Elastik bel<\/p>\n<p>\u00dcr\u00fcn \u00d6l\u00e7\u00fcleri: Boy: 95 cm, Bel: 74 cm, Basen: 108 cm<\/p>\n<p>Kuma\u015f Bilgisi: %95 Polyester \u2013 %5 Spandex<\/p>\n<p>Modelin \u00d6l\u00e7\u00fcleri:<\/p>\n","protected":false},"excerpt":{"rendered":"<p>Aksesuar Detayl\u0131 Gizli Fermuarl\u0131 Ta\u015f Etek ETK-0228 \u015e\u0131k ve zarif kesimiyle dikkat \u00e7eken bu etek kuma\u015f\u0131yla rahat bir kullan\u0131m sunar. Uzun boyu ve d\u00f6k\u00fcml\u00fc yap\u0131s\u0131yla klasik ve modern kombinlere uyum sa\u011flar. \u00dcr\u00fcn Detaylar\u0131: Uzun boy, D\u00f6k\u00fcml\u00fc, Elastik bel \u00dcr\u00fcn \u00d6l\u00e7\u00fcleri: Boy: 95 cm, Bel: 74 cm, Basen: 108 cm Kuma\u015f Bilgisi: %95 Polyester \u2013 %5 [&hellip;]<\/p>\n","protected":false},"featured_media":60413,"comment_status":"open","ping_status":"closed","template":"","meta":[],"product_brand":[],"product_cat":[1969],"product_tag":[7149,6883,6744,6765,7601],"class_list":{"0":"post-60422","1":"product","2":"type-product","3":"status-publish","4":"has-post-thumbnail","6":"product_cat-etekler","7":"product_tag-aksesuar-detayli","8":"product_tag-gizli-fermuar","9":"product_tag-kadin-modasi","10":"product_tag-lastikli-bel","11":"product_tag-uzun-etek","12":"pa_brand-zuhre","13":"pa_color-tas","14":"pa_size-4706","15":"pa_size-4711","16":"pa_size-4713","17":"pa_size-4751","18":"pa_size-4749","20":"first","21":"outofstock","22":"shipping-taxable","23":"product-type-variable"},"_links":{"self":[{"href":"https:\/\/mod.wisdar.net\/tr\/wp-json\/wp\/v2\/product\/60422","targetHints":{"allow":["GET"]}}],"collection":[{"href":"https:\/\/mod.wisdar.net\/tr\/wp-json\/wp\/v2\/product"}],"about":[{"href":"https:\/\/mod.wisdar.net\/tr\/wp-json\/wp\/v2\/types\/product"}],"replies":[{"embeddable":true,"href":"https:\/\/mod.wisdar.net\/tr\/wp-json\/wp\/v2\/comments?post=60422"}],"wp:featuredmedia":[{"embeddable":true,"href":"https:\/\/mod.wisdar.net\/tr\/wp-json\/wp\/v2\/media\/60413"}],"wp:attachment":[{"href":"https:\/\/mod.wisdar.net\/tr\/wp-json\/wp\/v2\/media?parent=60422"}],"wp:term":[{"taxonomy":"product_brand","embeddable":true,"href":"https:\/\/mod.wisdar.net\/tr\/wp-json\/wp\/v2\/product_brand?post=60422"},{"taxonomy":"product_cat","embeddable":true,"href":"https:\/\/mod.wisdar.net\/tr\/wp-json\/wp\/v2\/product_cat?post=60422"},{"taxonomy":"product_tag","embeddable":true,"href":"https:\/\/mod.wisdar.net\/tr\/wp-json\/wp\/v2\/product_tag?post=60422"}],"curies":[{"name":"wp","href":"https:\/\/api.w.org\/{rel}","templated":true}]}}