{"id":60489,"date":"2025-12-30T14:04:43","date_gmt":"2025-12-30T14:04:43","guid":{"rendered":"https:\/\/modesthanim.com\/product\/asimetrik-desen-gecisli-kusakli-siyah-ikili-takim-tk-1687\/"},"modified":"2026-02-22T21:25:10","modified_gmt":"2026-02-22T21:25:10","slug":"asimetrik-desen-gecisli-kusakli-siyah-ikili-takim-tk-1687","status":"publish","type":"product","link":"https:\/\/mod.wisdar.net\/tr\/urun\/asimetrik-desen-gecisli-kusakli-siyah-ikili-takim-tk-1687\/","title":{"rendered":"Asimetrik Desen Ge\u00e7i\u015fli Ku\u015fakl\u0131 Siyah \u0130kili Tak\u0131m TK-1687"},"content":{"rendered":"<p>Asimetrik Desen Ge\u00e7i\u015fli Ku\u015fakl\u0131 Siyah \u0130kili Tak\u0131m TK-1687<\/p>\n<p>Modern dokusu ve zarif kesimiyle dikkat \u00e7eken bu tak\u0131m modelimiz, asimetrik desen ge\u00e7i\u015fleri ve beldeki ku\u015fak detay\u0131yla \u015f\u0131kl\u0131\u011f\u0131 \u00f6n plana \u00e7\u0131kar\u0131yor. Geni\u015f pa\u00e7a pantolonuyla konfor sunarken, \u00fcst par\u00e7as\u0131ndaki volan kol detay\u0131 tasar\u0131ma sofistike bir dokunu\u015f kat\u0131yor.<\/p>\n<p>\u00dcr\u00fcn Detaylar\u0131: Asimetrik desenli \u00fcst, Ku\u015fak detayl\u0131, Volan kollu, Geni\u015f pa\u00e7a pantolon<\/p>\n<p>\u00dcr\u00fcn \u00d6l\u00e7\u00fcleri:<br \/>\n\u00dcst: Boy: 83 cm, G\u00f6\u011f\u00fcs: 102 cm, Bel: 101 cm, Basen: 114 cm, Beden: 38<br \/>\nPantolon: Boy: 105 cm, Bel: 68 cm, Basen: 107 cm, Beden: 38<\/p>\n<p>Bedenler aras\u0131 fark 4 cm&#8217;dir.<\/p>\n<p>Kuma\u015f Bilgisi: %48 Rayon, %34 Polyamide, %15 Viskon, %3 Elastane<\/p>\n<p>Modelin \u00d6l\u00e7\u00fcleri: Boy: 177 cm, G\u00f6\u011f\u00fcs: 78 cm, Bel: 61 cm, Basen: 88 cm<\/p>\n","protected":false},"excerpt":{"rendered":"<p>Asimetrik Desen Ge\u00e7i\u015fli Ku\u015fakl\u0131 Siyah \u0130kili Tak\u0131m TK-1687 Modern dokusu ve zarif kesimiyle dikkat \u00e7eken bu tak\u0131m modelimiz, asimetrik desen ge\u00e7i\u015fleri ve beldeki ku\u015fak detay\u0131yla \u015f\u0131kl\u0131\u011f\u0131 \u00f6n plana \u00e7\u0131kar\u0131yor. Geni\u015f pa\u00e7a pantolonuyla konfor sunarken, \u00fcst par\u00e7as\u0131ndaki volan kol detay\u0131 tasar\u0131ma sofistike bir dokunu\u015f kat\u0131yor. \u00dcr\u00fcn Detaylar\u0131: Asimetrik desenli \u00fcst, Ku\u015fak detayl\u0131, Volan kollu, Geni\u015f pa\u00e7a [&hellip;]<\/p>\n","protected":false},"featured_media":60476,"comment_status":"open","ping_status":"closed","template":"","meta":[],"product_brand":[],"product_cat":[1900],"product_tag":[7729,6925,7668],"class_list":{"0":"post-60489","1":"product","2":"type-product","3":"status-publish","4":"has-post-thumbnail","6":"product_cat-koordinatlar-setler","7":"product_tag-bol-paca-pantolon","8":"product_tag-firfirli-kollar","9":"product_tag-kemerli","10":"pa_brand-zuhre","11":"pa_color-siyah","12":"pa_size-4706","13":"pa_size-4711","14":"pa_size-4713","16":"first","17":"outofstock","18":"shipping-taxable","19":"product-type-variable"},"_links":{"self":[{"href":"https:\/\/mod.wisdar.net\/tr\/wp-json\/wp\/v2\/product\/60489","targetHints":{"allow":["GET"]}}],"collection":[{"href":"https:\/\/mod.wisdar.net\/tr\/wp-json\/wp\/v2\/product"}],"about":[{"href":"https:\/\/mod.wisdar.net\/tr\/wp-json\/wp\/v2\/types\/product"}],"replies":[{"embeddable":true,"href":"https:\/\/mod.wisdar.net\/tr\/wp-json\/wp\/v2\/comments?post=60489"}],"wp:featuredmedia":[{"embeddable":true,"href":"https:\/\/mod.wisdar.net\/tr\/wp-json\/wp\/v2\/media\/60476"}],"wp:attachment":[{"href":"https:\/\/mod.wisdar.net\/tr\/wp-json\/wp\/v2\/media?parent=60489"}],"wp:term":[{"taxonomy":"product_brand","embeddable":true,"href":"https:\/\/mod.wisdar.net\/tr\/wp-json\/wp\/v2\/product_brand?post=60489"},{"taxonomy":"product_cat","embeddable":true,"href":"https:\/\/mod.wisdar.net\/tr\/wp-json\/wp\/v2\/product_cat?post=60489"},{"taxonomy":"product_tag","embeddable":true,"href":"https:\/\/mod.wisdar.net\/tr\/wp-json\/wp\/v2\/product_tag?post=60489"}],"curies":[{"name":"wp","href":"https:\/\/api.w.org\/{rel}","templated":true}]}}