{"id":6049,"date":"2025-11-01T19:19:59","date_gmt":"2025-11-01T19:19:59","guid":{"rendered":"https:\/\/modesthanim.com\/product\/file-astarli-trenckot-toprak-rengi\/"},"modified":"2026-04-03T13:34:26","modified_gmt":"2026-04-03T13:34:26","slug":"file-astarli-trenckot-toprak-rengi","status":"publish","type":"product","link":"https:\/\/mod.wisdar.net\/tr\/urun\/file-astarli-trenckot-toprak-rengi\/","title":{"rendered":"File Astarl\u0131 Tren\u00e7kot \u2013 Toprak Rengi"},"content":{"rendered":"<p>\u015e\u0131kl\u0131k ve i\u015flevselli\u011fi bir araya getiren bu file astarl\u0131 tren\u00e7kot, hafif yap\u0131s\u0131 ve modern tasar\u0131m\u0131yla ya\u011fmurlu havalarda tarz\u0131n\u0131z\u0131 tamamlar.<\/p>\n<p>Kuma\u015f \u0130\u00e7eri\u011fi: %60 Polyester, %40 Poliamid<br \/>\nFile Kuma\u015f: %100 Polyester<br \/>\nDesen: D\u00fcz<br \/>\nYaka Tipi: Kap\u00fc\u015fonlu Yaka<br \/>\nKol Tipi: D\u00fc\u015f\u00fck Kol<br \/>\nCep: Gizli Cep<br \/>\nAstar: Yar\u0131m Zebra Desenli Astar<br \/>\n\u00dcr\u00fcn Uzunlu\u011fu: 109 cm<br \/>\nKal\u0131p: Rahat Kal\u0131p<br \/>\nModelin Giydi\u011fi Beden: 36<\/p>\n<p>Model \u00d6l\u00e7\u00fcleri: Boy: 174 cm, G\u00f6\u011f\u00fcs: 83 cm, Bel: 57 cm, Kal\u00e7a: 88 cm<\/p>\n<p>\u2014 Teknik Detaylar \u2014<br \/>\nDesen: D\u00fcz<br \/>\nYaka Tipi: Kap\u00fc\u015fonlu Yaka<br \/>\nKol Tipi: D\u00fc\u015f\u00fck Kol<br \/>\nCep: Gizli Cep<br \/>\nAstar: Yar\u0131m Zebra Desenli Astar<br \/>\n\u00dcr\u00fcn Uzunlu\u011fu: 109 cm<br \/>\nKal\u0131p: Rahat Kal\u0131p<br \/>\nModelin Giydi\u011fi Beden: 36<br \/>\nBeden \u00d6l\u00e7\u00fcleri (cm): {&#8217;36&#8217;: {&#8216;Omuz&#8217;: 55.5, &#8216;G\u00f6\u011f\u00fcs&#8217;: 120, &#8216;Bel&#8217;: 121, &#8216;Kal\u00e7a&#8217;: 124, &#8216;Uzunluk&#8217;: 109.5, &#8216;Kol Uzunlu\u011fu&#8217;: 51.8}, &#8217;38&#8217;: {&#8216;Omuz&#8217;: 56, &#8216;G\u00f6\u011f\u00fcs&#8217;: 124, &#8216;Bel&#8217;: 125, &#8216;Kal\u00e7a&#8217;: 128, &#8216;Uzunluk&#8217;: 110, &#8216;Kol Uzunlu\u011fu&#8217;: 52}, &#8217;40&#8217;: {&#8216;Omuz&#8217;: 56.5, &#8216;G\u00f6\u011f\u00fcs&#8217;: 128, &#8216;Bel&#8217;: 129, &#8216;Kal\u00e7a&#8217;: 132, &#8216;Uzunluk&#8217;: 110.5, &#8216;Kol Uzunlu\u011fu&#8217;: 52.3}, &#8217;42&#8217;: {&#8216;Omuz&#8217;: 57, &#8216;G\u00f6\u011f\u00fcs&#8217;: 132, &#8216;Bel&#8217;: 133, &#8216;Kal\u00e7a&#8217;: 136, &#8216;Uzunluk&#8217;: 111, &#8216;Kol Uzunlu\u011fu&#8217;: 52.6}}<\/p>\n","protected":false},"excerpt":{"rendered":"<p>\u015e\u0131kl\u0131k ve i\u015flevselli\u011fi bir araya getiren bu file astarl\u0131 tren\u00e7kot, hafif yap\u0131s\u0131 ve modern tasar\u0131m\u0131yla ya\u011fmurlu havalarda tarz\u0131n\u0131z\u0131 tamamlar. Kuma\u015f \u0130\u00e7eri\u011fi: %60 Polyester, %40 Poliamid File Kuma\u015f: %100 Polyester Desen: D\u00fcz Yaka Tipi: Kap\u00fc\u015fonlu Yaka Kol Tipi: D\u00fc\u015f\u00fck Kol Cep: Gizli Cep Astar: Yar\u0131m Zebra Desenli Astar \u00dcr\u00fcn Uzunlu\u011fu: 109 cm Kal\u0131p: Rahat Kal\u0131p Modelin [&hellip;]<\/p>\n","protected":false},"featured_media":52013,"comment_status":"open","ping_status":"closed","template":"","meta":[],"product_brand":[],"product_cat":[],"product_tag":[],"class_list":{"0":"post-6049","1":"product","2":"type-product","3":"status-publish","4":"has-post-thumbnail","7":"first","8":"instock","9":"sale","10":"shipping-taxable","11":"purchasable","12":"product-type-variable"},"_links":{"self":[{"href":"https:\/\/mod.wisdar.net\/tr\/wp-json\/wp\/v2\/product\/6049","targetHints":{"allow":["GET"]}}],"collection":[{"href":"https:\/\/mod.wisdar.net\/tr\/wp-json\/wp\/v2\/product"}],"about":[{"href":"https:\/\/mod.wisdar.net\/tr\/wp-json\/wp\/v2\/types\/product"}],"replies":[{"embeddable":true,"href":"https:\/\/mod.wisdar.net\/tr\/wp-json\/wp\/v2\/comments?post=6049"}],"wp:featuredmedia":[{"embeddable":true,"href":"https:\/\/mod.wisdar.net\/tr\/wp-json\/wp\/v2\/media\/52013"}],"wp:attachment":[{"href":"https:\/\/mod.wisdar.net\/tr\/wp-json\/wp\/v2\/media?parent=6049"}],"wp:term":[{"taxonomy":"product_brand","embeddable":true,"href":"https:\/\/mod.wisdar.net\/tr\/wp-json\/wp\/v2\/product_brand?post=6049"},{"taxonomy":"product_cat","embeddable":true,"href":"https:\/\/mod.wisdar.net\/tr\/wp-json\/wp\/v2\/product_cat?post=6049"},{"taxonomy":"product_tag","embeddable":true,"href":"https:\/\/mod.wisdar.net\/tr\/wp-json\/wp\/v2\/product_tag?post=6049"}],"curies":[{"name":"wp","href":"https:\/\/api.w.org\/{rel}","templated":true}]}}