{"id":60591,"date":"2025-12-30T14:05:35","date_gmt":"2025-12-30T14:05:35","guid":{"rendered":"https:\/\/modesthanim.com\/product\/kruvaze-yaka-kemer-detayli-camel-ceket-c-0170\/"},"modified":"2026-04-15T20:36:42","modified_gmt":"2026-04-15T20:36:42","slug":"kruvaze-yaka-kemer-detayli-camel-ceket-c-0170","status":"publish","type":"product","link":"https:\/\/mod.wisdar.net\/tr\/urun\/kruvaze-yaka-kemer-detayli-camel-ceket-c-0170\/","title":{"rendered":"Kruvaze Yaka Kemer Detayl\u0131 Camel Ceket C-0170"},"content":{"rendered":"<p>Kruvaze Yaka Kemer Detayl\u0131 Camel Ceket C-0170<\/p>\n<p>Klasik ve s\u0131cak tonuyla dikkat \u00e7eken camel renkli ceket, kruvaze yaka ve kemer detay\u0131yla kombinlerinize zarif bir dokunu\u015f katar. Gold d\u00fc\u011fmeler ve geni\u015f cepler, hem \u015f\u0131kl\u0131k hem de fonksiyonellik sunar.<\/p>\n<p>\u00dcr\u00fcn Detaylar\u0131: Kruvaze yaka, Gold d\u00fc\u011fmeli, Cepli, Kemer detayl\u0131, Dokulu kuma\u015f<\/p>\n<p>\u00dcr\u00fcn \u00d6l\u00e7\u00fcleri: Boy: 84 cm, G\u00f6\u011f\u00fcs: 97 cm, Bel: 83 cm, Basen: 108 cm, Beden: 38<\/p>\n<p>Bedenler aras\u0131 fark 4 cm&#8217;dir.<\/p>\n<p>Kuma\u015f Bilgisi: %100 Polyester<br \/>\nModelin \u00d6l\u00e7\u00fcleri: Boy: 178 cm, G\u00f6\u011f\u00fcs: 76 cm, Bel: 60 cm, Basen: 90 cm<\/p>\n","protected":false},"excerpt":{"rendered":"<p>Kruvaze Yaka Kemer Detayl\u0131 Camel Ceket C-0170 Klasik ve s\u0131cak tonuyla dikkat \u00e7eken camel renkli ceket, kruvaze yaka ve kemer detay\u0131yla kombinlerinize zarif bir dokunu\u015f katar. Gold d\u00fc\u011fmeler ve geni\u015f cepler, hem \u015f\u0131kl\u0131k hem de fonksiyonellik sunar. \u00dcr\u00fcn Detaylar\u0131: Kruvaze yaka, Gold d\u00fc\u011fmeli, Cepli, Kemer detayl\u0131, Dokulu kuma\u015f \u00dcr\u00fcn \u00d6l\u00e7\u00fcleri: Boy: 84 cm, G\u00f6\u011f\u00fcs: 97 [&hellip;]<\/p>\n","protected":false},"featured_media":60572,"comment_status":"open","ping_status":"closed","template":"","meta":[],"product_brand":[],"product_cat":[2044],"product_tag":[8376,7590,6824],"class_list":{"0":"post-60591","1":"product","2":"type-product","3":"status-publish","4":"has-post-thumbnail","6":"product_cat-ceketler","7":"product_tag-altin-dugmeler","8":"product_tag-dokulu-kumas","9":"product_tag-kemer-detayi","10":"pa_brand-zuhre","11":"pa_color-camel","12":"pa_size-4706","13":"pa_size-4711","14":"pa_size-4713","15":"pa_size-4751","17":"first","18":"outofstock","19":"shipping-taxable","20":"product-type-variable"},"_links":{"self":[{"href":"https:\/\/mod.wisdar.net\/tr\/wp-json\/wp\/v2\/product\/60591","targetHints":{"allow":["GET"]}}],"collection":[{"href":"https:\/\/mod.wisdar.net\/tr\/wp-json\/wp\/v2\/product"}],"about":[{"href":"https:\/\/mod.wisdar.net\/tr\/wp-json\/wp\/v2\/types\/product"}],"replies":[{"embeddable":true,"href":"https:\/\/mod.wisdar.net\/tr\/wp-json\/wp\/v2\/comments?post=60591"}],"wp:featuredmedia":[{"embeddable":true,"href":"https:\/\/mod.wisdar.net\/tr\/wp-json\/wp\/v2\/media\/60572"}],"wp:attachment":[{"href":"https:\/\/mod.wisdar.net\/tr\/wp-json\/wp\/v2\/media?parent=60591"}],"wp:term":[{"taxonomy":"product_brand","embeddable":true,"href":"https:\/\/mod.wisdar.net\/tr\/wp-json\/wp\/v2\/product_brand?post=60591"},{"taxonomy":"product_cat","embeddable":true,"href":"https:\/\/mod.wisdar.net\/tr\/wp-json\/wp\/v2\/product_cat?post=60591"},{"taxonomy":"product_tag","embeddable":true,"href":"https:\/\/mod.wisdar.net\/tr\/wp-json\/wp\/v2\/product_tag?post=60591"}],"curies":[{"name":"wp","href":"https:\/\/api.w.org\/{rel}","templated":true}]}}