{"id":60656,"date":"2025-12-30T14:06:20","date_gmt":"2025-12-30T14:06:20","guid":{"rendered":"https:\/\/modesthanim.com\/product\/kurk-yaka-fermuarli-ceket-etek-siyah-ikili-takim-tk-1730\/"},"modified":"2026-01-14T19:22:02","modified_gmt":"2026-01-14T19:22:02","slug":"kurk-yaka-fermuarli-ceket-etek-siyah-ikili-takim-tk-1730","status":"publish","type":"product","link":"https:\/\/mod.wisdar.net\/tr\/urun\/kurk-yaka-fermuarli-ceket-etek-siyah-ikili-takim-tk-1730\/","title":{"rendered":"K\u00fcrk Yaka Fermuarl\u0131 Ceket Etek Siyah \u0130kili Tak\u0131m TK-1730"},"content":{"rendered":"<p>K\u00fcrk Yaka Fermuarl\u0131 Ceket Etek Siyah \u0130kili Tak\u0131m TK-1730<\/p>\n<p>Modern \u00e7izgileri ve zarif detaylar\u0131yla dikkat \u00e7eken tak\u0131m modeli, k\u00fcrk yakas\u0131 ve fermuar detaylar\u0131yla \u015f\u0131kl\u0131\u011f\u0131 konforla bulu\u015fturur. G\u00fcnd\u00fczden geceye bir\u00e7ok farkl\u0131 kombinle rahatl\u0131kla kullan\u0131labilir.<\/p>\n<p>\u00dcr\u00fcn Detaylar\u0131: K\u00fcrk yaka, Fermuar detayl\u0131 ceket, Cepli \u00fcst, Uzun etek<\/p>\n<p>\u00dcr\u00fcn \u00d6l\u00e7\u00fcleri:<br \/>\nCeket: Boy: 54 cm, G\u00f6\u011f\u00fcs: 104 cm, Bel: 103 cm, Basen: 103 cm, Beden: 38<br \/>\nEtek: Boy: 95 cm, Bel: 74 cm, Basen: 101 cm<\/p>\n<p>Bedenler aras\u0131 fark 4 cm\u2019dir.<\/p>\n<p>Kuma\u015f Bilgisi: %100 Polyester<\/p>\n<p>Modelin \u00d6l\u00e7\u00fcleri: Boy: 177 cm, G\u00f6\u011f\u00fcs: 78 cm, Bel: 61 cm, Basen: 88 cm<\/p>\n","protected":false},"excerpt":{"rendered":"<p>K\u00fcrk Yaka Fermuarl\u0131 Ceket Etek Siyah \u0130kili Tak\u0131m TK-1730 Modern \u00e7izgileri ve zarif detaylar\u0131yla dikkat \u00e7eken tak\u0131m modeli, k\u00fcrk yakas\u0131 ve fermuar detaylar\u0131yla \u015f\u0131kl\u0131\u011f\u0131 konforla bulu\u015fturur. G\u00fcnd\u00fczden geceye bir\u00e7ok farkl\u0131 kombinle rahatl\u0131kla kullan\u0131labilir. \u00dcr\u00fcn Detaylar\u0131: K\u00fcrk yaka, Fermuar detayl\u0131 ceket, Cepli \u00fcst, Uzun etek \u00dcr\u00fcn \u00d6l\u00e7\u00fcleri: Ceket: Boy: 54 cm, G\u00f6\u011f\u00fcs: 104 cm, Bel: 103 [&hellip;]<\/p>\n","protected":false},"featured_media":60649,"comment_status":"open","ping_status":"closed","template":"","meta":[],"product_brand":[],"product_cat":[1900],"product_tag":[7622],"class_list":{"0":"post-60656","1":"product","2":"type-product","3":"status-publish","4":"has-post-thumbnail","6":"product_cat-koordinatlar-setler","7":"product_tag-siyah-etek","8":"pa_brand-zuhre","9":"pa_color-siyah","10":"pa_size-4706","11":"pa_size-4711","12":"pa_size-4713","14":"first","15":"instock","16":"sale","17":"shipping-taxable","18":"purchasable","19":"product-type-variable"},"_links":{"self":[{"href":"https:\/\/mod.wisdar.net\/tr\/wp-json\/wp\/v2\/product\/60656","targetHints":{"allow":["GET"]}}],"collection":[{"href":"https:\/\/mod.wisdar.net\/tr\/wp-json\/wp\/v2\/product"}],"about":[{"href":"https:\/\/mod.wisdar.net\/tr\/wp-json\/wp\/v2\/types\/product"}],"replies":[{"embeddable":true,"href":"https:\/\/mod.wisdar.net\/tr\/wp-json\/wp\/v2\/comments?post=60656"}],"wp:featuredmedia":[{"embeddable":true,"href":"https:\/\/mod.wisdar.net\/tr\/wp-json\/wp\/v2\/media\/60649"}],"wp:attachment":[{"href":"https:\/\/mod.wisdar.net\/tr\/wp-json\/wp\/v2\/media?parent=60656"}],"wp:term":[{"taxonomy":"product_brand","embeddable":true,"href":"https:\/\/mod.wisdar.net\/tr\/wp-json\/wp\/v2\/product_brand?post=60656"},{"taxonomy":"product_cat","embeddable":true,"href":"https:\/\/mod.wisdar.net\/tr\/wp-json\/wp\/v2\/product_cat?post=60656"},{"taxonomy":"product_tag","embeddable":true,"href":"https:\/\/mod.wisdar.net\/tr\/wp-json\/wp\/v2\/product_tag?post=60656"}],"curies":[{"name":"wp","href":"https:\/\/api.w.org\/{rel}","templated":true}]}}