{"id":60707,"date":"2025-12-30T14:06:43","date_gmt":"2025-12-30T14:06:43","guid":{"rendered":"https:\/\/modesthanim.com\/product\/desenli-kusakli-tavus-kusu-elbise-e-0516\/"},"modified":"2026-02-22T21:22:53","modified_gmt":"2026-02-22T21:22:53","slug":"desenli-kusakli-tavus-kusu-elbise-e-0516","status":"publish","type":"product","link":"https:\/\/mod.wisdar.net\/tr\/urun\/desenli-kusakli-tavus-kusu-elbise-e-0516\/","title":{"rendered":"Desenli Ku\u015fakl\u0131 Tavus Ku\u015fu Elbise E-0516"},"content":{"rendered":"<p>Desenli Ku\u015fakl\u0131 Tavus Ku\u015fu Elbise E-0516<\/p>\n<p>Do\u011fal tonlardaki desenleri ve d\u00f6k\u00fcml\u00fc kuma\u015f\u0131yla \u00f6ne \u00e7\u0131kan tavus ku\u015fu elbise, belindeki ku\u015fak detay\u0131yla \u00f6l\u00e7\u00fcl\u00fc ve zarif bir sil\u00fcet sunar. G\u00fcnl\u00fck kullan\u0131mda da \u00f6zel g\u00fcnlerde de rahatl\u0131kla tercih edilebilir.<\/p>\n<p>\u00dcr\u00fcn Detaylar\u0131: Bisiklet yaka, Uzun kol, Ku\u015fakl\u0131, D\u00f6k\u00fcml\u00fc kesim, Desenli kuma\u015f<\/p>\n<p>\u00dcr\u00fcn \u00d6l\u00e7\u00fcleri: Boy: 140 cm, G\u00f6\u011f\u00fcs: 96 cm, Bel: 77 cm, Beden: 38<\/p>\n<p>Bedenler aras\u0131 fark 4 cm&#8217;dir.<\/p>\n<p>Kuma\u015f Bilgisi:  %58 Lyocell, %42 Viskon<\/p>\n<p>Modelin \u00d6l\u00e7\u00fcleri: Boy: 178 cm, G\u00f6\u011f\u00fcs: 76 cm, Bel: 60 cm, Basen: 90 cm<\/p>\n","protected":false},"excerpt":{"rendered":"<p>Desenli Ku\u015fakl\u0131 Tavus Ku\u015fu Elbise E-0516 Do\u011fal tonlardaki desenleri ve d\u00f6k\u00fcml\u00fc kuma\u015f\u0131yla \u00f6ne \u00e7\u0131kan tavus ku\u015fu elbise, belindeki ku\u015fak detay\u0131yla \u00f6l\u00e7\u00fcl\u00fc ve zarif bir sil\u00fcet sunar. G\u00fcnl\u00fck kullan\u0131mda da \u00f6zel g\u00fcnlerde de rahatl\u0131kla tercih edilebilir. \u00dcr\u00fcn Detaylar\u0131: Bisiklet yaka, Uzun kol, Ku\u015fakl\u0131, D\u00f6k\u00fcml\u00fc kesim, Desenli kuma\u015f \u00dcr\u00fcn \u00d6l\u00e7\u00fcleri: Boy: 140 cm, G\u00f6\u011f\u00fcs: 96 cm, Bel: [&hellip;]<\/p>\n","protected":false},"featured_media":60690,"comment_status":"open","ping_status":"closed","template":"","meta":[],"product_brand":[],"product_cat":[6249,1933],"product_tag":[8299,6745],"class_list":{"0":"post-60707","1":"product","2":"type-product","3":"status-publish","4":"has-post-thumbnail","6":"product_cat-elbiseler","7":"product_cat-gunluk-ve-gunduz-elbiseleri","8":"product_tag-kemerli-elbise","9":"product_tag-zarif-elbise","10":"pa_brand-zuhre","11":"pa_color-tavus-kusu","12":"pa_size-4706","13":"pa_size-4711","14":"pa_size-4713","15":"pa_size-4751","17":"first","18":"outofstock","19":"shipping-taxable","20":"product-type-variable"},"_links":{"self":[{"href":"https:\/\/mod.wisdar.net\/tr\/wp-json\/wp\/v2\/product\/60707","targetHints":{"allow":["GET"]}}],"collection":[{"href":"https:\/\/mod.wisdar.net\/tr\/wp-json\/wp\/v2\/product"}],"about":[{"href":"https:\/\/mod.wisdar.net\/tr\/wp-json\/wp\/v2\/types\/product"}],"replies":[{"embeddable":true,"href":"https:\/\/mod.wisdar.net\/tr\/wp-json\/wp\/v2\/comments?post=60707"}],"wp:featuredmedia":[{"embeddable":true,"href":"https:\/\/mod.wisdar.net\/tr\/wp-json\/wp\/v2\/media\/60690"}],"wp:attachment":[{"href":"https:\/\/mod.wisdar.net\/tr\/wp-json\/wp\/v2\/media?parent=60707"}],"wp:term":[{"taxonomy":"product_brand","embeddable":true,"href":"https:\/\/mod.wisdar.net\/tr\/wp-json\/wp\/v2\/product_brand?post=60707"},{"taxonomy":"product_cat","embeddable":true,"href":"https:\/\/mod.wisdar.net\/tr\/wp-json\/wp\/v2\/product_cat?post=60707"},{"taxonomy":"product_tag","embeddable":true,"href":"https:\/\/mod.wisdar.net\/tr\/wp-json\/wp\/v2\/product_tag?post=60707"}],"curies":[{"name":"wp","href":"https:\/\/api.w.org\/{rel}","templated":true}]}}