{"id":6074,"date":"2025-11-01T19:20:42","date_gmt":"2025-11-01T19:20:42","guid":{"rendered":"https:\/\/modesthanim.com\/product\/boru-detayli-yagmurluk-zeytin-yesili\/"},"modified":"2026-01-15T08:17:29","modified_gmt":"2026-01-15T08:17:29","slug":"boru-detayli-yagmurluk-zeytin-yesili","status":"publish","type":"product","link":"https:\/\/mod.wisdar.net\/tr\/urun\/boru-detayli-yagmurluk-zeytin-yesili\/","title":{"rendered":"Boru Detayl\u0131 Ya\u011fmurluk \u2013 Zeytin Ye\u015fili"},"content":{"rendered":"<p>Boru detaylar\u0131 ile vurgulanan bu ya\u011fmurluk, hem \u015fekil hem de zarafet a\u00e7\u0131s\u0131ndan dikkat \u00e7ekicidir. Kap\u00fc\u015fon, fermuar ve cepler gibi fonksiyonel detaylarla tamamlanan bu par\u00e7a, hem g\u00fcnl\u00fck kullan\u0131m hem de hafta sonu ka\u00e7amaklar\u0131 i\u00e7in vazge\u00e7ilmezdir.<\/p>\n<p>\u2014 Teknik Detaylar \u2014<br \/>\nDesen: D\u00fcz<br \/>\nYaka Tipi: Dik Yaka<br \/>\nKol Tipi: Raglan Kollar<br \/>\nCep: Yama Cep<br \/>\nAstar: Astars\u0131z<br \/>\n\u00dcr\u00fcn Uzunlu\u011fu: 110 cm<br \/>\nKal\u0131p: Rahat Kal\u0131p<br \/>\nModelin Giydi\u011fi Beden: 38<br \/>\nModel \u00d6l\u00e7\u00fcleri: {&#8216;Boy&#8217;: &#8216;175 cm&#8217;, &#8216;G\u00f6\u011f\u00fcs&#8217;: &#8217;80 cm&#8217;, &#8216;Bel&#8217;: &#8217;62 cm&#8217;, &#8216;Kal\u00e7a&#8217;: &#8217;90 cm&#8217;}<br \/>\nBeden \u00d6l\u00e7\u00fcleri (cm): {&#8217;38&#8217;: {&#8216;Omuz&#8217;: 55, &#8216;G\u00f6\u011f\u00fcs&#8217;: 112, &#8216;Kal\u00e7a&#8217;: 126, &#8216;Uzunluk&#8217;: 110, &#8216;Kol Uzunlu\u011fu&#8217;: 51.5}, &#8217;40&#8217;: {&#8216;Omuz&#8217;: 56, &#8216;G\u00f6\u011f\u00fcs&#8217;: 116, &#8216;Kal\u00e7a&#8217;: 130, &#8216;Uzunluk&#8217;: 110.5, &#8216;Kol Uzunlu\u011fu&#8217;: 52}, &#8217;42&#8217;: {&#8216;Omuz&#8217;: 57, &#8216;G\u00f6\u011f\u00fcs&#8217;: 120, &#8216;Kal\u00e7a&#8217;: 134, &#8216;Uzunluk&#8217;: 111, &#8216;Kol Uzunlu\u011fu&#8217;: 52.5}, &#8217;44&#8217;: {&#8216;Omuz&#8217;: 58, &#8216;G\u00f6\u011f\u00fcs&#8217;: 124, &#8216;Kal\u00e7a&#8217;: 138, &#8216;Uzunluk&#8217;: 111.5, &#8216;Kol Uzunlu\u011fu&#8217;: 53}}<\/p>\n","protected":false},"excerpt":{"rendered":"<p>Boru detaylar\u0131 ile vurgulanan bu ya\u011fmurluk, hem \u015fekil hem de zarafet a\u00e7\u0131s\u0131ndan dikkat \u00e7ekicidir. Kap\u00fc\u015fon, fermuar ve cepler gibi fonksiyonel detaylarla tamamlanan bu par\u00e7a, hem g\u00fcnl\u00fck kullan\u0131m hem de hafta sonu ka\u00e7amaklar\u0131 i\u00e7in vazge\u00e7ilmezdir. \u2014 Teknik Detaylar \u2014 Desen: D\u00fcz Yaka Tipi: Dik Yaka Kol Tipi: Raglan Kollar Cep: Yama Cep Astar: Astars\u0131z \u00dcr\u00fcn Uzunlu\u011fu: [&hellip;]<\/p>\n","protected":false},"featured_media":52011,"comment_status":"open","ping_status":"closed","template":"","meta":[],"product_brand":[],"product_cat":[],"product_tag":[],"class_list":{"0":"post-6074","1":"product","2":"type-product","3":"status-publish","4":"has-post-thumbnail","7":"first","8":"instock","9":"sale","10":"shipping-taxable","11":"purchasable","12":"product-type-variable"},"_links":{"self":[{"href":"https:\/\/mod.wisdar.net\/tr\/wp-json\/wp\/v2\/product\/6074","targetHints":{"allow":["GET"]}}],"collection":[{"href":"https:\/\/mod.wisdar.net\/tr\/wp-json\/wp\/v2\/product"}],"about":[{"href":"https:\/\/mod.wisdar.net\/tr\/wp-json\/wp\/v2\/types\/product"}],"replies":[{"embeddable":true,"href":"https:\/\/mod.wisdar.net\/tr\/wp-json\/wp\/v2\/comments?post=6074"}],"wp:featuredmedia":[{"embeddable":true,"href":"https:\/\/mod.wisdar.net\/tr\/wp-json\/wp\/v2\/media\/52011"}],"wp:attachment":[{"href":"https:\/\/mod.wisdar.net\/tr\/wp-json\/wp\/v2\/media?parent=6074"}],"wp:term":[{"taxonomy":"product_brand","embeddable":true,"href":"https:\/\/mod.wisdar.net\/tr\/wp-json\/wp\/v2\/product_brand?post=6074"},{"taxonomy":"product_cat","embeddable":true,"href":"https:\/\/mod.wisdar.net\/tr\/wp-json\/wp\/v2\/product_cat?post=6074"},{"taxonomy":"product_tag","embeddable":true,"href":"https:\/\/mod.wisdar.net\/tr\/wp-json\/wp\/v2\/product_tag?post=6074"}],"curies":[{"name":"wp","href":"https:\/\/api.w.org\/{rel}","templated":true}]}}