{"id":60784,"date":"2025-12-30T14:07:26","date_gmt":"2025-12-30T14:07:26","guid":{"rendered":"https:\/\/modesthanim.com\/product\/kusakli-ceket-pantolon-siyah-ikili-takim-tk-1718\/"},"modified":"2026-02-22T21:19:42","modified_gmt":"2026-02-22T21:19:42","slug":"kusakli-ceket-pantolon-siyah-ikili-takim-tk-1718","status":"publish","type":"product","link":"https:\/\/mod.wisdar.net\/tr\/urun\/kusakli-ceket-pantolon-siyah-ikili-takim-tk-1718\/","title":{"rendered":"Ku\u015fakl\u0131 Ceket Pantolon Siyah \u0130kili Tak\u0131m TK-1718"},"content":{"rendered":"<p>Ku\u015fakl\u0131 Ceket Pantolon Siyah \u0130kili Tak\u0131m TK-1718<\/p>\n<p>Siyah rengin zamans\u0131z \u015f\u0131kl\u0131\u011f\u0131n\u0131 modern kesimle bulu\u015fturan bu ikili tak\u0131m, ku\u015fakl\u0131 ceket ve geni\u015f pa\u00e7a pantolondan olu\u015fur. G\u00fcnl\u00fck kullan\u0131mdan \u00f6zel davetlere kadar her stile uyum sa\u011flayan bu tak\u0131m, rahat kal\u0131b\u0131yla konforlu bir kullan\u0131m sunar.<\/p>\n<p>\u00dcr\u00fcn Detaylar\u0131: Ku\u015fakl\u0131 ceket, D\u00fc\u011fme detayl\u0131, Geni\u015f pa\u00e7a pantolon, Rahat kal\u0131p, Fermuarl\u0131<\/p>\n<p>Ceket \u00d6l\u00e7\u00fcleri: Boy: 85 cm, G\u00f6\u011f\u00fcs: 111 cm, Bel: 115 cm, Basen: 118 cm, Beden: 38<\/p>\n<p>Pantolon \u00d6l\u00e7\u00fcleri: Boy: 106 cm, Bel: 68 cm, Basen: 104 cm, Beden: 38<br \/>\nBedenler aras\u0131 fark 4 cm\u2019dir.<\/p>\n<p>Kuma\u015f Bilgisi: %55 Polyester \u2013 %42 Viskon \u2013 %3 Elastan<\/p>\n<p>Modelin \u00d6l\u00e7\u00fcleri: Boy: 177 cm, G\u00f6\u011f\u00fcs: 88 cm, Bel: 58 cm, Basen: 90 cm<\/p>\n","protected":false},"excerpt":{"rendered":"<p>Ku\u015fakl\u0131 Ceket Pantolon Siyah \u0130kili Tak\u0131m TK-1718 Siyah rengin zamans\u0131z \u015f\u0131kl\u0131\u011f\u0131n\u0131 modern kesimle bulu\u015fturan bu ikili tak\u0131m, ku\u015fakl\u0131 ceket ve geni\u015f pa\u00e7a pantolondan olu\u015fur. G\u00fcnl\u00fck kullan\u0131mdan \u00f6zel davetlere kadar her stile uyum sa\u011flayan bu tak\u0131m, rahat kal\u0131b\u0131yla konforlu bir kullan\u0131m sunar. \u00dcr\u00fcn Detaylar\u0131: Ku\u015fakl\u0131 ceket, D\u00fc\u011fme detayl\u0131, Geni\u015f pa\u00e7a pantolon, Rahat kal\u0131p, Fermuarl\u0131 Ceket \u00d6l\u00e7\u00fcleri: [&hellip;]<\/p>\n","protected":false},"featured_media":60772,"comment_status":"open","ping_status":"closed","template":"","meta":[],"product_brand":[],"product_cat":[1900],"product_tag":[7729,8272,6876],"class_list":{"0":"post-60784","1":"product","2":"type-product","3":"status-publish","4":"has-post-thumbnail","6":"product_cat-koordinatlar-setler","7":"product_tag-bol-paca-pantolon","8":"product_tag-modern-terzilik","9":"product_tag-rahat-kesim","10":"pa_brand-zuhre","11":"pa_color-siyah","12":"pa_size-4706","13":"pa_size-4711","14":"pa_size-4713","15":"pa_size-4751","17":"first","18":"outofstock","19":"shipping-taxable","20":"product-type-variable"},"_links":{"self":[{"href":"https:\/\/mod.wisdar.net\/tr\/wp-json\/wp\/v2\/product\/60784","targetHints":{"allow":["GET"]}}],"collection":[{"href":"https:\/\/mod.wisdar.net\/tr\/wp-json\/wp\/v2\/product"}],"about":[{"href":"https:\/\/mod.wisdar.net\/tr\/wp-json\/wp\/v2\/types\/product"}],"replies":[{"embeddable":true,"href":"https:\/\/mod.wisdar.net\/tr\/wp-json\/wp\/v2\/comments?post=60784"}],"wp:featuredmedia":[{"embeddable":true,"href":"https:\/\/mod.wisdar.net\/tr\/wp-json\/wp\/v2\/media\/60772"}],"wp:attachment":[{"href":"https:\/\/mod.wisdar.net\/tr\/wp-json\/wp\/v2\/media?parent=60784"}],"wp:term":[{"taxonomy":"product_brand","embeddable":true,"href":"https:\/\/mod.wisdar.net\/tr\/wp-json\/wp\/v2\/product_brand?post=60784"},{"taxonomy":"product_cat","embeddable":true,"href":"https:\/\/mod.wisdar.net\/tr\/wp-json\/wp\/v2\/product_cat?post=60784"},{"taxonomy":"product_tag","embeddable":true,"href":"https:\/\/mod.wisdar.net\/tr\/wp-json\/wp\/v2\/product_tag?post=60784"}],"curies":[{"name":"wp","href":"https:\/\/api.w.org\/{rel}","templated":true}]}}