{"id":60873,"date":"2025-12-30T14:08:13","date_gmt":"2025-12-30T14:08:13","guid":{"rendered":"https:\/\/modesthanim.com\/product\/gomlek-yaka-kemer-detayli-siyah-kase-manto-13359\/"},"modified":"2026-04-10T02:11:09","modified_gmt":"2026-04-10T02:11:09","slug":"gomlek-yaka-kemer-detayli-siyah-kase-manto-13359","status":"publish","type":"product","link":"https:\/\/mod.wisdar.net\/tr\/urun\/gomlek-yaka-kemer-detayli-siyah-kase-manto-13359\/","title":{"rendered":"G\u00f6mlek Yaka Kemer Detayl\u0131 Siyah Ka\u015fe Manto 13359"},"content":{"rendered":"<p>G\u00f6mlek Yaka Kemer Detayl\u0131 Siyah Ka\u015fe Manto 13359<\/p>\n<p>Modern tasar\u0131m\u0131 ve zamans\u0131z rengiyle \u00f6n plana \u00e7\u0131kan manto modelimiz, kapak cepleri ve belden ba\u011flamal\u0131 kemer detay\u0131yla \u015f\u0131kl\u0131\u011f\u0131 fonksiyonellikle bulu\u015fturuyor. So\u011fuk havalarda stilinizden \u00f6d\u00fcn vermeden s\u0131cak kalman\u0131z\u0131 sa\u011flayacak bu uzun manto, her kombine kolayca uyum sa\u011flar.<\/p>\n<p>\u00dcr\u00fcn Detaylar\u0131: Klasik yaka, Kapak cepli, Belden ba\u011flamal\u0131 kemer, Uzun kesim, Man\u015fet detayl\u0131 kol<\/p>\n<p>\u00dcr\u00fcn \u00d6l\u00e7\u00fcleri: Boy: 142 cm, G\u00f6\u011f\u00fcs: 100 cm, Bel: 96 cm, Basen: 110 cm, Beden: 38<br \/>\nBedenler aras\u0131 fark 4 cm&#8217;dir.<\/p>\n<p>Kuma\u015f Bilgisi: %80 Polyester, %17 Viskon, %3 Elastan<\/p>\n<p>Modelin \u00d6l\u00e7\u00fcleri: Boy: 176 cm, G\u00f6\u011f\u00fcs: 82 cm, Bel: 63 cm, Basen: 92 cm<\/p>\n","protected":false},"excerpt":{"rendered":"<p>G\u00f6mlek Yaka Kemer Detayl\u0131 Siyah Ka\u015fe Manto 13359 Modern tasar\u0131m\u0131 ve zamans\u0131z rengiyle \u00f6n plana \u00e7\u0131kan manto modelimiz, kapak cepleri ve belden ba\u011flamal\u0131 kemer detay\u0131yla \u015f\u0131kl\u0131\u011f\u0131 fonksiyonellikle bulu\u015fturuyor. So\u011fuk havalarda stilinizden \u00f6d\u00fcn vermeden s\u0131cak kalman\u0131z\u0131 sa\u011flayacak bu uzun manto, her kombine kolayca uyum sa\u011flar. \u00dcr\u00fcn Detaylar\u0131: Klasik yaka, Kapak cepli, Belden ba\u011flamal\u0131 kemer, Uzun kesim, [&hellip;]<\/p>\n","protected":false},"featured_media":60857,"comment_status":"open","ping_status":"closed","template":"","meta":[],"product_brand":[],"product_cat":[2047],"product_tag":[6312,6311],"class_list":{"0":"post-60873","1":"product","2":"type-product","3":"status-publish","4":"has-post-thumbnail","6":"product_cat-paltolar","7":"product_tag-long-coat","8":"product_tag-winter-coat","9":"pa_brand-zuhre","10":"pa_color-siyah","11":"pa_size-4706","12":"pa_size-4711","13":"pa_size-4713","14":"pa_size-4751","15":"pa_size-4749","17":"first","18":"outofstock","19":"shipping-taxable","20":"product-type-variable"},"_links":{"self":[{"href":"https:\/\/mod.wisdar.net\/tr\/wp-json\/wp\/v2\/product\/60873","targetHints":{"allow":["GET"]}}],"collection":[{"href":"https:\/\/mod.wisdar.net\/tr\/wp-json\/wp\/v2\/product"}],"about":[{"href":"https:\/\/mod.wisdar.net\/tr\/wp-json\/wp\/v2\/types\/product"}],"replies":[{"embeddable":true,"href":"https:\/\/mod.wisdar.net\/tr\/wp-json\/wp\/v2\/comments?post=60873"}],"wp:featuredmedia":[{"embeddable":true,"href":"https:\/\/mod.wisdar.net\/tr\/wp-json\/wp\/v2\/media\/60857"}],"wp:attachment":[{"href":"https:\/\/mod.wisdar.net\/tr\/wp-json\/wp\/v2\/media?parent=60873"}],"wp:term":[{"taxonomy":"product_brand","embeddable":true,"href":"https:\/\/mod.wisdar.net\/tr\/wp-json\/wp\/v2\/product_brand?post=60873"},{"taxonomy":"product_cat","embeddable":true,"href":"https:\/\/mod.wisdar.net\/tr\/wp-json\/wp\/v2\/product_cat?post=60873"},{"taxonomy":"product_tag","embeddable":true,"href":"https:\/\/mod.wisdar.net\/tr\/wp-json\/wp\/v2\/product_tag?post=60873"}],"curies":[{"name":"wp","href":"https:\/\/api.w.org\/{rel}","templated":true}]}}