{"id":60983,"date":"2025-12-30T14:09:38","date_gmt":"2025-12-30T14:09:38","guid":{"rendered":"https:\/\/modesthanim.com\/product\/cift-cepli-kusakli-fume-kase-kaban-13659\/"},"modified":"2026-04-02T21:08:52","modified_gmt":"2026-04-02T21:08:52","slug":"cift-cepli-kusakli-fume-kase-kaban-13659","status":"publish","type":"product","link":"https:\/\/mod.wisdar.net\/tr\/urun\/cift-cepli-kusakli-fume-kase-kaban-13659\/","title":{"rendered":"\u00c7ift Cepli Ku\u015fakl\u0131 F\u00fcme Ka\u015fe Kaban 13659"},"content":{"rendered":"<p>\u00c7ift Cepli Ku\u015fakl\u0131 F\u00fcme Ka\u015fe Kaban 13659<\/p>\n<p>Klasik \u015f\u0131kl\u0131\u011f\u0131 modern \u00e7izgilerle bulu\u015fturan ka\u015fe kaban modelimiz, sade tasar\u0131m\u0131 ve fonksiyonel detaylar\u0131yla k\u0131\u015f gard\u0131robunuzun vazge\u00e7ilmezi olmaya aday. Bel ku\u015fa\u011f\u0131 sayesinde v\u00fccut formunu vurgularken, \u00e7ift cepli yap\u0131s\u0131 g\u00fcnl\u00fck kullan\u0131mda pratiklik sunar.<\/p>\n<p>\u00dcr\u00fcn Detaylar\u0131: Geni\u015f yaka, D\u00fc\u011fme detayl\u0131, \u00c7ift cepli, Ku\u015fakl\u0131, Uzun kesim<\/p>\n<p>\u00dcr\u00fcn \u00d6l\u00e7\u00fcleri: Boy: 130 cm, G\u00f6\u011f\u00fcs: 108 cm, Bel: 108 cm, Basen: 116 cm, Beden: 38<br \/>\nBedenler aras\u0131 fark 4 cm&#8217;dir.<\/p>\n<p>Kuma\u015f Bilgisi: %80 Polyester \u2013 %20 Rayon<\/p>\n<p>Modelin \u00d6l\u00e7\u00fcleri: Boy: 178 cm, G\u00f6\u011f\u00fcs: 82 cm, Bel: 58 cm, Basen: 89 cm<\/p>\n","protected":false},"excerpt":{"rendered":"<p>\u00c7ift Cepli Ku\u015fakl\u0131 F\u00fcme Ka\u015fe Kaban 13659 Klasik \u015f\u0131kl\u0131\u011f\u0131 modern \u00e7izgilerle bulu\u015fturan ka\u015fe kaban modelimiz, sade tasar\u0131m\u0131 ve fonksiyonel detaylar\u0131yla k\u0131\u015f gard\u0131robunuzun vazge\u00e7ilmezi olmaya aday. Bel ku\u015fa\u011f\u0131 sayesinde v\u00fccut formunu vurgularken, \u00e7ift cepli yap\u0131s\u0131 g\u00fcnl\u00fck kullan\u0131mda pratiklik sunar. \u00dcr\u00fcn Detaylar\u0131: Geni\u015f yaka, D\u00fc\u011fme detayl\u0131, \u00c7ift cepli, Ku\u015fakl\u0131, Uzun kesim \u00dcr\u00fcn \u00d6l\u00e7\u00fcleri: Boy: 130 cm, G\u00f6\u011f\u00fcs: [&hellip;]<\/p>\n","protected":false},"featured_media":60975,"comment_status":"open","ping_status":"closed","template":"","meta":[],"product_brand":[],"product_cat":[2047],"product_tag":[7960,6312,7096,6311],"class_list":{"0":"post-60983","1":"product","2":"type-product","3":"status-publish","4":"has-post-thumbnail","6":"product_cat-paltolar","7":"product_tag-kadin-dis-giyim","8":"product_tag-long-coat","9":"product_tag-modern-tasarim","10":"product_tag-winter-coat","11":"pa_brand-zuhre","12":"pa_color-fume","13":"pa_size-4706","14":"pa_size-4711","15":"pa_size-4713","16":"pa_size-4751","17":"pa_size-4749","19":"first","20":"outofstock","21":"shipping-taxable","22":"product-type-variable"},"_links":{"self":[{"href":"https:\/\/mod.wisdar.net\/tr\/wp-json\/wp\/v2\/product\/60983","targetHints":{"allow":["GET"]}}],"collection":[{"href":"https:\/\/mod.wisdar.net\/tr\/wp-json\/wp\/v2\/product"}],"about":[{"href":"https:\/\/mod.wisdar.net\/tr\/wp-json\/wp\/v2\/types\/product"}],"replies":[{"embeddable":true,"href":"https:\/\/mod.wisdar.net\/tr\/wp-json\/wp\/v2\/comments?post=60983"}],"wp:featuredmedia":[{"embeddable":true,"href":"https:\/\/mod.wisdar.net\/tr\/wp-json\/wp\/v2\/media\/60975"}],"wp:attachment":[{"href":"https:\/\/mod.wisdar.net\/tr\/wp-json\/wp\/v2\/media?parent=60983"}],"wp:term":[{"taxonomy":"product_brand","embeddable":true,"href":"https:\/\/mod.wisdar.net\/tr\/wp-json\/wp\/v2\/product_brand?post=60983"},{"taxonomy":"product_cat","embeddable":true,"href":"https:\/\/mod.wisdar.net\/tr\/wp-json\/wp\/v2\/product_cat?post=60983"},{"taxonomy":"product_tag","embeddable":true,"href":"https:\/\/mod.wisdar.net\/tr\/wp-json\/wp\/v2\/product_tag?post=60983"}],"curies":[{"name":"wp","href":"https:\/\/api.w.org\/{rel}","templated":true}]}}