{"id":61040,"date":"2025-12-30T14:10:20","date_gmt":"2025-12-30T14:10:20","guid":{"rendered":"https:\/\/modesthanim.com\/product\/pelus-yaka-ve-kol-detayli-siyah-kapitone-mont-13960\/"},"modified":"2026-01-14T19:20:34","modified_gmt":"2026-01-14T19:20:34","slug":"pelus-yaka-ve-kol-detayli-siyah-kapitone-mont-13960","status":"publish","type":"product","link":"https:\/\/mod.wisdar.net\/tr\/urun\/pelus-yaka-ve-kol-detayli-siyah-kapitone-mont-13960\/","title":{"rendered":"Pelu\u015f Yaka ve Kol Detayl\u0131 Siyah Kapitone Mont 13960"},"content":{"rendered":"<p>Pelu\u015f Yaka ve Kol Detayl\u0131 Siyah Kapitone Mont 13960<\/p>\n<p>Yal\u0131n \u015f\u0131kl\u0131\u011f\u0131yla \u00f6ne \u00e7\u0131kan bu siyah mont, kapitone dokusu ve ku\u015fakl\u0131 tasar\u0131m\u0131yla modern bir duru\u015f sergiler. K\u00fcrk detayl\u0131 man\u015fetleriyle s\u0131cakl\u0131k sunarken, uzun kesimi sayesinde so\u011fuk havalarda stilinizi tamamlarken konforu da beraberinde getirir.<\/p>\n<p>\u00dcr\u00fcn Detaylar\u0131: Kapitone kuma\u015f, K\u00fcrk detayl\u0131 man\u015fet, Ku\u015fakl\u0131, Uzun kesim, Rahat kal\u0131p<\/p>\n<p>\u00dcr\u00fcn \u00d6l\u00e7\u00fcleri (38): Boy: 120 cm, G\u00f6\u011f\u00fcs: 103 cm, Bel: 104 cm, Basen: 111 cm<\/p>\n<p>Bedenler aras\u0131 fark 4 cm\u2019dir.<\/p>\n<p>Kuma\u015f Bilgisi: %100 Polyester<\/p>\n<p>Modelin \u00d6l\u00e7\u00fcleri: Boy: 177 cm, G\u00f6\u011f\u00fcs: 78 cm, Bel: 61 cm, Basen: 88 cm<\/p>\n","protected":false},"excerpt":{"rendered":"<p>Pelu\u015f Yaka ve Kol Detayl\u0131 Siyah Kapitone Mont 13960 Yal\u0131n \u015f\u0131kl\u0131\u011f\u0131yla \u00f6ne \u00e7\u0131kan bu siyah mont, kapitone dokusu ve ku\u015fakl\u0131 tasar\u0131m\u0131yla modern bir duru\u015f sergiler. K\u00fcrk detayl\u0131 man\u015fetleriyle s\u0131cakl\u0131k sunarken, uzun kesimi sayesinde so\u011fuk havalarda stilinizi tamamlarken konforu da beraberinde getirir. \u00dcr\u00fcn Detaylar\u0131: Kapitone kuma\u015f, K\u00fcrk detayl\u0131 man\u015fet, Ku\u015fakl\u0131, Uzun kesim, Rahat kal\u0131p \u00dcr\u00fcn \u00d6l\u00e7\u00fcleri [&hellip;]<\/p>\n","protected":false},"featured_media":61026,"comment_status":"open","ping_status":"closed","template":"","meta":[],"product_brand":[],"product_cat":[1853],"product_tag":[],"class_list":{"0":"post-61040","1":"product","2":"type-product","3":"status-publish","4":"has-post-thumbnail","6":"product_cat-womens-fashion-ar","8":"first","9":"instock","10":"sale","11":"shipping-taxable","12":"purchasable","13":"product-type-variable"},"_links":{"self":[{"href":"https:\/\/mod.wisdar.net\/tr\/wp-json\/wp\/v2\/product\/61040","targetHints":{"allow":["GET"]}}],"collection":[{"href":"https:\/\/mod.wisdar.net\/tr\/wp-json\/wp\/v2\/product"}],"about":[{"href":"https:\/\/mod.wisdar.net\/tr\/wp-json\/wp\/v2\/types\/product"}],"replies":[{"embeddable":true,"href":"https:\/\/mod.wisdar.net\/tr\/wp-json\/wp\/v2\/comments?post=61040"}],"wp:featuredmedia":[{"embeddable":true,"href":"https:\/\/mod.wisdar.net\/tr\/wp-json\/wp\/v2\/media\/61026"}],"wp:attachment":[{"href":"https:\/\/mod.wisdar.net\/tr\/wp-json\/wp\/v2\/media?parent=61040"}],"wp:term":[{"taxonomy":"product_brand","embeddable":true,"href":"https:\/\/mod.wisdar.net\/tr\/wp-json\/wp\/v2\/product_brand?post=61040"},{"taxonomy":"product_cat","embeddable":true,"href":"https:\/\/mod.wisdar.net\/tr\/wp-json\/wp\/v2\/product_cat?post=61040"},{"taxonomy":"product_tag","embeddable":true,"href":"https:\/\/mod.wisdar.net\/tr\/wp-json\/wp\/v2\/product_tag?post=61040"}],"curies":[{"name":"wp","href":"https:\/\/api.w.org\/{rel}","templated":true}]}}