{"id":61196,"date":"2025-12-30T14:11:40","date_gmt":"2025-12-30T14:11:40","guid":{"rendered":"https:\/\/modesthanim.com\/product\/fermuar-ve-kemer-detayli-pelus-siyah-kaban-14000\/"},"modified":"2026-03-22T10:42:30","modified_gmt":"2026-03-22T10:42:30","slug":"fermuar-ve-kemer-detayli-pelus-siyah-kaban-14000","status":"publish","type":"product","link":"https:\/\/mod.wisdar.net\/tr\/urun\/fermuar-ve-kemer-detayli-pelus-siyah-kaban-14000\/","title":{"rendered":"Fermuar ve Kemer Detayl\u0131 Pelu\u015f Siyah Kaban 14000"},"content":{"rendered":"<p>Fermuar ve Kemer Detayl\u0131 Pelu\u015f Siyah Kaban 14000<\/p>\n<p>Modern \u00e7izgileri ve zarif detaylar\u0131yla \u00f6ne \u00e7\u0131kan bu manto, alt\u0131n renkli fermuar ve d\u00fc\u011fme detaylar\u0131yla sofistike bir g\u00f6r\u00fcn\u00fcm sunar. Bel k\u0131sm\u0131ndaki kemerle v\u00fccut hatlar\u0131n\u0131 vurgularken, pelu\u015f benzeri dokusuyla so\u011fuk havalarda s\u0131cakl\u0131k sa\u011flar.<\/p>\n<p>\u00dcr\u00fcn Detaylar\u0131: Geni\u015f yaka, Alt\u0131n fermuar kapama, Ku\u015fakl\u0131 bel detay\u0131, Alt\u0131n d\u00fc\u011fme detayl\u0131 etek ucu, D\u00fcz kesim, Uzun boy<\/p>\n<p>\u00dcr\u00fcn \u00d6l\u00e7\u00fcleri: Boy: 125 cm, G\u00f6\u011f\u00fcs: 106 cm, Bel: 105 cm, Basen: 113 cm, Beden: 38<\/p>\n<p>Bedenler aras\u0131 fark 4 cm&#8217;dir.<\/p>\n<p>Kuma\u015f Bilgisi: %55 Naylon \u2013 %45 Polyester<\/p>\n<p>Modelin \u00d6l\u00e7\u00fcleri: Boy: 176 cm, G\u00f6\u011f\u00fcs: 82 cm, Bel: 63 cm, Basen: 92 cm<\/p>\n","protected":false},"excerpt":{"rendered":"<p>Fermuar ve Kemer Detayl\u0131 Pelu\u015f Siyah Kaban 14000 Modern \u00e7izgileri ve zarif detaylar\u0131yla \u00f6ne \u00e7\u0131kan bu manto, alt\u0131n renkli fermuar ve d\u00fc\u011fme detaylar\u0131yla sofistike bir g\u00f6r\u00fcn\u00fcm sunar. Bel k\u0131sm\u0131ndaki kemerle v\u00fccut hatlar\u0131n\u0131 vurgularken, pelu\u015f benzeri dokusuyla so\u011fuk havalarda s\u0131cakl\u0131k sa\u011flar. \u00dcr\u00fcn Detaylar\u0131: Geni\u015f yaka, Alt\u0131n fermuar kapama, Ku\u015fakl\u0131 bel detay\u0131, Alt\u0131n d\u00fc\u011fme detayl\u0131 etek ucu, [&hellip;]<\/p>\n","protected":false},"featured_media":61185,"comment_status":"open","ping_status":"closed","template":"","meta":[],"product_brand":[],"product_cat":[2047],"product_tag":[7960,6312,6311],"class_list":{"0":"post-61196","1":"product","2":"type-product","3":"status-publish","4":"has-post-thumbnail","6":"product_cat-paltolar","7":"product_tag-kadin-dis-giyim","8":"product_tag-long-coat","9":"product_tag-winter-coat","10":"pa_brand-zuhre","11":"pa_color-siyah","12":"pa_size-4706","13":"pa_size-4711","14":"pa_size-4713","15":"pa_size-4751","16":"pa_size-4749","17":"pa_size-4747","19":"first","20":"instock","21":"sale","22":"shipping-taxable","23":"purchasable","24":"product-type-variable"},"_links":{"self":[{"href":"https:\/\/mod.wisdar.net\/tr\/wp-json\/wp\/v2\/product\/61196","targetHints":{"allow":["GET"]}}],"collection":[{"href":"https:\/\/mod.wisdar.net\/tr\/wp-json\/wp\/v2\/product"}],"about":[{"href":"https:\/\/mod.wisdar.net\/tr\/wp-json\/wp\/v2\/types\/product"}],"replies":[{"embeddable":true,"href":"https:\/\/mod.wisdar.net\/tr\/wp-json\/wp\/v2\/comments?post=61196"}],"wp:featuredmedia":[{"embeddable":true,"href":"https:\/\/mod.wisdar.net\/tr\/wp-json\/wp\/v2\/media\/61185"}],"wp:attachment":[{"href":"https:\/\/mod.wisdar.net\/tr\/wp-json\/wp\/v2\/media?parent=61196"}],"wp:term":[{"taxonomy":"product_brand","embeddable":true,"href":"https:\/\/mod.wisdar.net\/tr\/wp-json\/wp\/v2\/product_brand?post=61196"},{"taxonomy":"product_cat","embeddable":true,"href":"https:\/\/mod.wisdar.net\/tr\/wp-json\/wp\/v2\/product_cat?post=61196"},{"taxonomy":"product_tag","embeddable":true,"href":"https:\/\/mod.wisdar.net\/tr\/wp-json\/wp\/v2\/product_tag?post=61196"}],"curies":[{"name":"wp","href":"https:\/\/api.w.org\/{rel}","templated":true}]}}