{"id":6122,"date":"2025-11-01T19:22:15","date_gmt":"2025-11-01T19:22:15","guid":{"rendered":"https:\/\/modesthanim.com\/product\/pipet-detayli-sik-trenckot-ekru\/"},"modified":"2026-03-24T21:30:06","modified_gmt":"2026-03-24T21:30:06","slug":"pipet-detayli-sik-trenckot-ekru","status":"publish","type":"product","link":"https:\/\/mod.wisdar.net\/tr\/urun\/pipet-detayli-sik-trenckot-ekru\/","title":{"rendered":"Pipet Detayl\u0131 \u015e\u0131k Tren\u00e7kot \u2013 Ekru"},"content":{"rendered":"<p>Pipet detaylar\u0131 ile vurgulanan hatlar, tren\u00e7kotun formunu \u00f6ne \u00e7\u0131kar\u0131rken \u015f\u0131kl\u0131\u011f\u0131n\u0131 da vurgulamaktad\u0131r. Kap\u00fc\u015fon, fermuar ve cepler gibi fonksiyonel detaylarla tamamlanan bu par\u00e7a, hem g\u00fcnl\u00fck kullan\u0131m hem de hafta sonu ka\u00e7amaklar\u0131 i\u00e7in vazge\u00e7ilmezdir.<\/p>\n<p>\u2014 Teknik Detaylar \u2014<br \/>\nDesen: D\u00fcz<br \/>\nYaka Tipi: Stand Yaka<br \/>\nKol Tipi: Raglan Kol<br \/>\nCep: Yama Cep<br \/>\nAstar: Astars\u0131z<br \/>\n\u00dcr\u00fcn Uzunlu\u011fu: 110 cm<br \/>\nKal\u0131p: Rahat Kal\u0131p<br \/>\nModelin Giydi\u011fi Beden: 38<br \/>\nModel \u00d6l\u00e7\u00fcleri: {&#8216;Boy&#8217;: &#8216;175 cm&#8217;, &#8216;G\u00f6\u011f\u00fcs&#8217;: &#8217;80 cm&#8217;, &#8216;Bel&#8217;: &#8217;62 cm&#8217;, &#8216;Kal\u00e7a&#8217;: &#8217;90 cm&#8217;}<\/p>\n","protected":false},"excerpt":{"rendered":"<p>Pipet detaylar\u0131 ile vurgulanan hatlar, tren\u00e7kotun formunu \u00f6ne \u00e7\u0131kar\u0131rken \u015f\u0131kl\u0131\u011f\u0131n\u0131 da vurgulamaktad\u0131r. Kap\u00fc\u015fon, fermuar ve cepler gibi fonksiyonel detaylarla tamamlanan bu par\u00e7a, hem g\u00fcnl\u00fck kullan\u0131m hem de hafta sonu ka\u00e7amaklar\u0131 i\u00e7in vazge\u00e7ilmezdir. \u2014 Teknik Detaylar \u2014 Desen: D\u00fcz Yaka Tipi: Stand Yaka Kol Tipi: Raglan Kol Cep: Yama Cep Astar: Astars\u0131z \u00dcr\u00fcn Uzunlu\u011fu: 110 cm [&hellip;]<\/p>\n","protected":false},"featured_media":52007,"comment_status":"open","ping_status":"closed","template":"","meta":[],"product_brand":[],"product_cat":[2047],"product_tag":[6757,5012,6776],"class_list":{"0":"post-6122","1":"product","2":"type-product","3":"status-publish","4":"has-post-thumbnail","6":"product_cat-paltolar","7":"product_tag-ekru","8":"product_tag-elegant","9":"product_tag-trenckot","10":"pa_color-ekru","11":"pa_size-4706","12":"pa_size-4711","13":"pa_size-4713","14":"pa_size-4751","16":"first","17":"instock","18":"sale","19":"shipping-taxable","20":"purchasable","21":"product-type-variable"},"_links":{"self":[{"href":"https:\/\/mod.wisdar.net\/tr\/wp-json\/wp\/v2\/product\/6122","targetHints":{"allow":["GET"]}}],"collection":[{"href":"https:\/\/mod.wisdar.net\/tr\/wp-json\/wp\/v2\/product"}],"about":[{"href":"https:\/\/mod.wisdar.net\/tr\/wp-json\/wp\/v2\/types\/product"}],"replies":[{"embeddable":true,"href":"https:\/\/mod.wisdar.net\/tr\/wp-json\/wp\/v2\/comments?post=6122"}],"wp:featuredmedia":[{"embeddable":true,"href":"https:\/\/mod.wisdar.net\/tr\/wp-json\/wp\/v2\/media\/52007"}],"wp:attachment":[{"href":"https:\/\/mod.wisdar.net\/tr\/wp-json\/wp\/v2\/media?parent=6122"}],"wp:term":[{"taxonomy":"product_brand","embeddable":true,"href":"https:\/\/mod.wisdar.net\/tr\/wp-json\/wp\/v2\/product_brand?post=6122"},{"taxonomy":"product_cat","embeddable":true,"href":"https:\/\/mod.wisdar.net\/tr\/wp-json\/wp\/v2\/product_cat?post=6122"},{"taxonomy":"product_tag","embeddable":true,"href":"https:\/\/mod.wisdar.net\/tr\/wp-json\/wp\/v2\/product_tag?post=6122"}],"curies":[{"name":"wp","href":"https:\/\/api.w.org\/{rel}","templated":true}]}}