{"id":61273,"date":"2025-12-30T14:12:17","date_gmt":"2025-12-30T14:12:17","guid":{"rendered":"https:\/\/modesthanim.com\/product\/zincir-detayli-haki-trenckot-13560\/"},"modified":"2026-01-14T19:19:38","modified_gmt":"2026-01-14T19:19:38","slug":"zincir-detayli-haki-trenckot-13560","status":"publish","type":"product","link":"https:\/\/mod.wisdar.net\/tr\/urun\/zincir-detayli-haki-trenckot-13560\/","title":{"rendered":"Zincir Detayl\u0131 Haki Tren\u00e7kot 13560"},"content":{"rendered":"<p>Zincir Detayl\u0131 Haki Tren\u00e7kot 13560<\/p>\n<p>Zarif duru\u015fu ve klasik detaylar\u0131yla \u00f6ne \u00e7\u0131kan bu haki tren\u00e7kot, kruvaze yaka tasar\u0131m\u0131 ve beldeki ku\u015fak detay\u0131yla feminen bir sil\u00fcet olu\u015fturur. Uzun kesimi ve rahat yap\u0131s\u0131yla hem g\u00fcnl\u00fck hem de \u015f\u0131k kombinlerinizi tamamlar.<\/p>\n<p>\u00dcr\u00fcn Detaylar\u0131:<br \/>\nKruvaze yaka, Zincir detayl\u0131, Belden ku\u015fakl\u0131, D\u00fc\u011fme kapamal\u0131, Uzun kesim, Astarl\u0131, Rahat kal\u0131p<\/p>\n<p>\u00dcr\u00fcn \u00d6l\u00e7\u00fcleri:<br \/>\nBoy: 130 cm, G\u00f6\u011f\u00fcs: 103 cm, Bel: 84 cm, Basen: 111 cm, Beden: 38<br \/>\nBedenler aras\u0131 fark 4 cm&#8217;dir.<\/p>\n<p>Kuma\u015f Bilgisi:<br \/>\n%53 Cotton \u2013 %47 Polyester<\/p>\n<p>Modelin \u00d6l\u00e7\u00fcleri:<br \/>\nBoy: 179 cm, G\u00f6\u011f\u00fcs: 80 cm, Bel: 64 cm, Basen: 94 cm<\/p>\n","protected":false},"excerpt":{"rendered":"<p>Zincir Detayl\u0131 Haki Tren\u00e7kot 13560 Zarif duru\u015fu ve klasik detaylar\u0131yla \u00f6ne \u00e7\u0131kan bu haki tren\u00e7kot, kruvaze yaka tasar\u0131m\u0131 ve beldeki ku\u015fak detay\u0131yla feminen bir sil\u00fcet olu\u015fturur. Uzun kesimi ve rahat yap\u0131s\u0131yla hem g\u00fcnl\u00fck hem de \u015f\u0131k kombinlerinizi tamamlar. \u00dcr\u00fcn Detaylar\u0131: Kruvaze yaka, Zincir detayl\u0131, Belden ku\u015fakl\u0131, D\u00fc\u011fme kapamal\u0131, Uzun kesim, Astarl\u0131, Rahat kal\u0131p \u00dcr\u00fcn \u00d6l\u00e7\u00fcleri: [&hellip;]<\/p>\n","protected":false},"featured_media":61263,"comment_status":"open","ping_status":"closed","template":"","meta":[],"product_brand":[],"product_cat":[1853],"product_tag":[],"class_list":{"0":"post-61273","1":"product","2":"type-product","3":"status-publish","4":"has-post-thumbnail","6":"product_cat-womens-fashion-ar","8":"first","9":"instock","10":"sale","11":"shipping-taxable","12":"purchasable","13":"product-type-variable"},"_links":{"self":[{"href":"https:\/\/mod.wisdar.net\/tr\/wp-json\/wp\/v2\/product\/61273","targetHints":{"allow":["GET"]}}],"collection":[{"href":"https:\/\/mod.wisdar.net\/tr\/wp-json\/wp\/v2\/product"}],"about":[{"href":"https:\/\/mod.wisdar.net\/tr\/wp-json\/wp\/v2\/types\/product"}],"replies":[{"embeddable":true,"href":"https:\/\/mod.wisdar.net\/tr\/wp-json\/wp\/v2\/comments?post=61273"}],"wp:featuredmedia":[{"embeddable":true,"href":"https:\/\/mod.wisdar.net\/tr\/wp-json\/wp\/v2\/media\/61263"}],"wp:attachment":[{"href":"https:\/\/mod.wisdar.net\/tr\/wp-json\/wp\/v2\/media?parent=61273"}],"wp:term":[{"taxonomy":"product_brand","embeddable":true,"href":"https:\/\/mod.wisdar.net\/tr\/wp-json\/wp\/v2\/product_brand?post=61273"},{"taxonomy":"product_cat","embeddable":true,"href":"https:\/\/mod.wisdar.net\/tr\/wp-json\/wp\/v2\/product_cat?post=61273"},{"taxonomy":"product_tag","embeddable":true,"href":"https:\/\/mod.wisdar.net\/tr\/wp-json\/wp\/v2\/product_tag?post=61273"}],"curies":[{"name":"wp","href":"https:\/\/api.w.org\/{rel}","templated":true}]}}