{"id":61289,"date":"2025-12-30T14:12:27","date_gmt":"2025-12-30T14:12:27","guid":{"rendered":"https:\/\/modesthanim.com\/product\/dugme-gorunumlu-siyah-deri-etek-etk-0194\/"},"modified":"2026-04-10T02:03:43","modified_gmt":"2026-04-10T02:03:43","slug":"dugme-gorunumlu-siyah-deri-etek-etk-0194","status":"publish","type":"product","link":"https:\/\/mod.wisdar.net\/tr\/urun\/dugme-gorunumlu-siyah-deri-etek-etk-0194\/","title":{"rendered":"D\u00fc\u011fme G\u00f6r\u00fcn\u00fcml\u00fc Siyah Deri Etek ETK-0194"},"content":{"rendered":"<p>D\u00fc\u011fme G\u00f6r\u00fcn\u00fcml\u00fc Siyah Deri Etek ETK-0194<\/p>\n<p>Modern tasar\u0131m\u0131yla \u00f6ne \u00e7\u0131kan bu siyah etek, deri g\u00f6r\u00fcn\u00fcml\u00fc yap\u0131s\u0131 ve d\u00fc\u011fme g\u00f6r\u00fcn\u00fcml\u00fc detaylar\u0131yla g\u00fc\u00e7l\u00fc ve \u015f\u0131k bir duru\u015f sunar. Bel hatt\u0131n\u0131 vurgulayan y\u00fcksek bel kesimi ve klo\u015f formu sayesinde feminen bir siluet olu\u015fturur. G\u00fcnl\u00fck kombinlerde ve \u00f6zel davetlerde rahatl\u0131kla tercih edilebilir.<\/p>\n<p>\u00dcr\u00fcn Detaylar\u0131:<br \/>\nDeri g\u00f6r\u00fcn\u00fcml\u00fc \u2013 D\u00fc\u011fme g\u00f6r\u00fcn\u00fcml\u00fc detayl\u0131 \u2013 Y\u00fcksek bel \u2013 Klo\u015f kesim \u2013 Uzun boy- Astarl\u0131 <\/p>\n<p>\u00dcr\u00fcn \u00d6l\u00e7\u00fcleri:<br \/>\nBoy: 94 cm, Bel: 74 cm, Basen: 102 cm, Beden: 38<br \/>\nBedenler aras\u0131 fark 4 cm\u2019dir.<\/p>\n<p>Kuma\u015f Bilgisi:<br \/>\n%100 Polyester<\/p>\n<p>Modelin \u00d6l\u00e7\u00fcleri:<br \/>\nBoy: 179 cm, G\u00f6\u011f\u00fcs: 80 cm, Bel: 64 cm, Basen: 94 cm<\/p>\n","protected":false},"excerpt":{"rendered":"<p>D\u00fc\u011fme G\u00f6r\u00fcn\u00fcml\u00fc Siyah Deri Etek ETK-0194 Modern tasar\u0131m\u0131yla \u00f6ne \u00e7\u0131kan bu siyah etek, deri g\u00f6r\u00fcn\u00fcml\u00fc yap\u0131s\u0131 ve d\u00fc\u011fme g\u00f6r\u00fcn\u00fcml\u00fc detaylar\u0131yla g\u00fc\u00e7l\u00fc ve \u015f\u0131k bir duru\u015f sunar. Bel hatt\u0131n\u0131 vurgulayan y\u00fcksek bel kesimi ve klo\u015f formu sayesinde feminen bir siluet olu\u015fturur. G\u00fcnl\u00fck kombinlerde ve \u00f6zel davetlerde rahatl\u0131kla tercih edilebilir. \u00dcr\u00fcn Detaylar\u0131: Deri g\u00f6r\u00fcn\u00fcml\u00fc \u2013 D\u00fc\u011fme g\u00f6r\u00fcn\u00fcml\u00fc [&hellip;]<\/p>\n","protected":false},"featured_media":61281,"comment_status":"open","ping_status":"closed","template":"","meta":[],"product_brand":[],"product_cat":[1969],"product_tag":[6744,8247,7622],"class_list":{"0":"post-61289","1":"product","2":"type-product","3":"status-publish","4":"has-post-thumbnail","6":"product_cat-etekler","7":"product_tag-kadin-modasi","8":"product_tag-klos-etek","9":"product_tag-siyah-etek","10":"pa_brand-zuhre","11":"pa_color-siyah","12":"pa_size-4706","13":"pa_size-4711","14":"pa_size-4713","15":"pa_size-4751","17":"first","18":"instock","19":"sale","20":"shipping-taxable","21":"purchasable","22":"product-type-variable"},"_links":{"self":[{"href":"https:\/\/mod.wisdar.net\/tr\/wp-json\/wp\/v2\/product\/61289","targetHints":{"allow":["GET"]}}],"collection":[{"href":"https:\/\/mod.wisdar.net\/tr\/wp-json\/wp\/v2\/product"}],"about":[{"href":"https:\/\/mod.wisdar.net\/tr\/wp-json\/wp\/v2\/types\/product"}],"replies":[{"embeddable":true,"href":"https:\/\/mod.wisdar.net\/tr\/wp-json\/wp\/v2\/comments?post=61289"}],"wp:featuredmedia":[{"embeddable":true,"href":"https:\/\/mod.wisdar.net\/tr\/wp-json\/wp\/v2\/media\/61281"}],"wp:attachment":[{"href":"https:\/\/mod.wisdar.net\/tr\/wp-json\/wp\/v2\/media?parent=61289"}],"wp:term":[{"taxonomy":"product_brand","embeddable":true,"href":"https:\/\/mod.wisdar.net\/tr\/wp-json\/wp\/v2\/product_brand?post=61289"},{"taxonomy":"product_cat","embeddable":true,"href":"https:\/\/mod.wisdar.net\/tr\/wp-json\/wp\/v2\/product_cat?post=61289"},{"taxonomy":"product_tag","embeddable":true,"href":"https:\/\/mod.wisdar.net\/tr\/wp-json\/wp\/v2\/product_tag?post=61289"}],"curies":[{"name":"wp","href":"https:\/\/api.w.org\/{rel}","templated":true}]}}