{"id":61365,"date":"2025-12-30T14:13:06","date_gmt":"2025-12-30T14:13:06","guid":{"rendered":"https:\/\/modesthanim.com\/product\/aksesuar-detayli-bol-paca-siyah-pantolon-p-0260\/"},"modified":"2026-03-22T10:41:19","modified_gmt":"2026-03-22T10:41:19","slug":"aksesuar-detayli-bol-paca-siyah-pantolon-p-0260","status":"publish","type":"product","link":"https:\/\/mod.wisdar.net\/tr\/urun\/aksesuar-detayli-bol-paca-siyah-pantolon-p-0260\/","title":{"rendered":"Aksesuar Detayl\u0131 Bol Pa\u00e7a Siyah Pantolon P-0260"},"content":{"rendered":"<p>Aksesuar Detayl\u0131 Bol Pa\u00e7a Siyah Pantolon P-0260<\/p>\n<p>Zarif tasar\u0131m\u0131yla dikkat \u00e7eken siyah pantolon modelimiz, bol pa\u00e7a formu ve minimal aksesuar detay\u0131yla hem modern hem de \u015f\u0131k bir g\u00f6r\u00fcn\u00fcm sunar. Rahat kesimi sayesinde g\u00fcnl\u00fck kullan\u0131mda konfor sa\u011flarken, \u015f\u0131k kombinlerinizde de sofistike bir alternatif olu\u015fturur.<\/p>\n<p>\u00dcr\u00fcn Detaylar\u0131:<br \/>\nAksesuar detayl\u0131, Bol pa\u00e7a, Fermuarl\u0131 ve d\u00fc\u011fmeli kapama, Cepli, Rahat kesim<br \/>\nKemersiz olarak sat\u0131lmaktad\u0131r.<\/p>\n<p>\u00dcr\u00fcn \u00d6l\u00e7\u00fcleri (Pantolon):<br \/>\nBoy: 108 cm, Bel: 70 cm, Basen: 98 cm, Beden: 38<\/p>\n<p>Bedenler aras\u0131 fark 4 cm\u2019dir.<\/p>\n<p>Kuma\u015f Bilgisi:<br \/>\n%63 Polyester \u2013 %34 Viskon \u2013 %3 Elastan<\/p>\n<p>Modelin \u00d6l\u00e7\u00fcleri:<br \/>\nBoy: 175 cm, G\u00f6\u011f\u00fcs: 81 cm, Bel: 62 cm, Basen: 91 cm<\/p>\n","protected":false},"excerpt":{"rendered":"<p>Aksesuar Detayl\u0131 Bol Pa\u00e7a Siyah Pantolon P-0260 Zarif tasar\u0131m\u0131yla dikkat \u00e7eken siyah pantolon modelimiz, bol pa\u00e7a formu ve minimal aksesuar detay\u0131yla hem modern hem de \u015f\u0131k bir g\u00f6r\u00fcn\u00fcm sunar. Rahat kesimi sayesinde g\u00fcnl\u00fck kullan\u0131mda konfor sa\u011flarken, \u015f\u0131k kombinlerinizde de sofistike bir alternatif olu\u015fturur. \u00dcr\u00fcn Detaylar\u0131: Aksesuar detayl\u0131, Bol pa\u00e7a, Fermuarl\u0131 ve d\u00fc\u011fmeli kapama, Cepli, Rahat [&hellip;]<\/p>\n","protected":false},"featured_media":61350,"comment_status":"open","ping_status":"closed","template":"","meta":[],"product_brand":[],"product_cat":[1882],"product_tag":[7490,7874,6845,6876,7747],"class_list":{"0":"post-61365","1":"product","2":"type-product","3":"status-publish","4":"has-post-thumbnail","6":"product_cat-alt-giyim","7":"product_tag-bol-paca-2","8":"product_tag-moda-pantolonu","9":"product_tag-modern-stil","10":"product_tag-rahat-kesim","11":"product_tag-siyah-pantolon","12":"pa_brand-zuhre","13":"pa_color-siyah","14":"pa_size-4706","15":"pa_size-4711","16":"pa_size-4713","17":"pa_size-4751","19":"first","20":"instock","21":"sale","22":"shipping-taxable","23":"purchasable","24":"product-type-variable"},"_links":{"self":[{"href":"https:\/\/mod.wisdar.net\/tr\/wp-json\/wp\/v2\/product\/61365","targetHints":{"allow":["GET"]}}],"collection":[{"href":"https:\/\/mod.wisdar.net\/tr\/wp-json\/wp\/v2\/product"}],"about":[{"href":"https:\/\/mod.wisdar.net\/tr\/wp-json\/wp\/v2\/types\/product"}],"replies":[{"embeddable":true,"href":"https:\/\/mod.wisdar.net\/tr\/wp-json\/wp\/v2\/comments?post=61365"}],"wp:featuredmedia":[{"embeddable":true,"href":"https:\/\/mod.wisdar.net\/tr\/wp-json\/wp\/v2\/media\/61350"}],"wp:attachment":[{"href":"https:\/\/mod.wisdar.net\/tr\/wp-json\/wp\/v2\/media?parent=61365"}],"wp:term":[{"taxonomy":"product_brand","embeddable":true,"href":"https:\/\/mod.wisdar.net\/tr\/wp-json\/wp\/v2\/product_brand?post=61365"},{"taxonomy":"product_cat","embeddable":true,"href":"https:\/\/mod.wisdar.net\/tr\/wp-json\/wp\/v2\/product_cat?post=61365"},{"taxonomy":"product_tag","embeddable":true,"href":"https:\/\/mod.wisdar.net\/tr\/wp-json\/wp\/v2\/product_tag?post=61365"}],"curies":[{"name":"wp","href":"https:\/\/api.w.org\/{rel}","templated":true}]}}