{"id":61433,"date":"2025-12-30T14:13:48","date_gmt":"2025-12-30T14:13:48","guid":{"rendered":"https:\/\/modesthanim.com\/product\/aksesuar-detayli-desenli-tavus-kusu-ikili-takim-tk-1719\/"},"modified":"2026-04-10T02:03:12","modified_gmt":"2026-04-10T02:03:12","slug":"aksesuar-detayli-desenli-tavus-kusu-ikili-takim-tk-1719","status":"publish","type":"product","link":"https:\/\/mod.wisdar.net\/tr\/urun\/aksesuar-detayli-desenli-tavus-kusu-ikili-takim-tk-1719\/","title":{"rendered":"Aksesuar Detayl\u0131 Desenli Tavus Ku\u015fu \u0130kili Tak\u0131m TK-1719"},"content":{"rendered":"<p>Aksesuar Detayl\u0131 Desenli Tavus Ku\u015fu \u0130kili Tak\u0131m TK-1719<\/p>\n<p>Modern \u00e7izgileri ve zarif aksesuar detaylar\u0131yla \u00f6ne \u00e7\u0131kan tavus ku\u015fu desenli ikili tak\u0131m, ak\u0131\u015fkan dokusu sayesinde \u015f\u0131kl\u0131\u011f\u0131 ve konforu bir arada sunar. G\u00f6z al\u0131c\u0131 mavi tonlar\u0131yla g\u00fcnl\u00fck kombinlerden \u00f6zel davetlere kadar sofistike bir alternatif olu\u015fturur.<\/p>\n<p>\u00dcr\u00fcn Detaylar\u0131: Desenli kuma\u015f, Aksesuar detayl\u0131 \u00fcst, Uzun kollu, Rahat kesim pantolon, \u0130kili tak\u0131m<\/p>\n<p>\u00dcr\u00fcn \u00d6l\u00e7\u00fcleri:<br \/>\n\u00dcst: Boy: 85 cm, G\u00f6\u011f\u00fcs: 101 cm, Bel: 70 cm, Basen: 104 cm, Beden: 38<br \/>\nPantolon: Boy: 105 cm, Bel: 68 cm, Basen: 104 cm, Beden: 38<\/p>\n<p>Bedenler aras\u0131 fark 4 cm\u2019dir.<\/p>\n<p>Kuma\u015f Bilgisi:%58 Lyocell \u2013 %42 Viskon<\/p>\n<p>Modelin \u00d6l\u00e7\u00fcleri: Boy: 176 cm, G\u00f6\u011f\u00fcs: 84 cm, Bel: 61 cm, Basen: 92 cm<\/p>\n","protected":false},"excerpt":{"rendered":"<p>Aksesuar Detayl\u0131 Desenli Tavus Ku\u015fu \u0130kili Tak\u0131m TK-1719 Modern \u00e7izgileri ve zarif aksesuar detaylar\u0131yla \u00f6ne \u00e7\u0131kan tavus ku\u015fu desenli ikili tak\u0131m, ak\u0131\u015fkan dokusu sayesinde \u015f\u0131kl\u0131\u011f\u0131 ve konforu bir arada sunar. G\u00f6z al\u0131c\u0131 mavi tonlar\u0131yla g\u00fcnl\u00fck kombinlerden \u00f6zel davetlere kadar sofistike bir alternatif olu\u015fturur. \u00dcr\u00fcn Detaylar\u0131: Desenli kuma\u015f, Aksesuar detayl\u0131 \u00fcst, Uzun kollu, Rahat kesim pantolon, [&hellip;]<\/p>\n","protected":false},"featured_media":61422,"comment_status":"open","ping_status":"closed","template":"","meta":[],"product_brand":[],"product_cat":[1900],"product_tag":[6826],"class_list":{"0":"post-61433","1":"product","2":"type-product","3":"status-publish","4":"has-post-thumbnail","6":"product_cat-koordinatlar-setler","7":"product_tag-modern-moda","8":"pa_brand-zuhre","9":"pa_color-tavus-kusu","10":"pa_size-4706","11":"pa_size-4711","12":"pa_size-4713","13":"pa_size-4751","15":"first","16":"instock","17":"sale","18":"shipping-taxable","19":"purchasable","20":"product-type-variable"},"_links":{"self":[{"href":"https:\/\/mod.wisdar.net\/tr\/wp-json\/wp\/v2\/product\/61433","targetHints":{"allow":["GET"]}}],"collection":[{"href":"https:\/\/mod.wisdar.net\/tr\/wp-json\/wp\/v2\/product"}],"about":[{"href":"https:\/\/mod.wisdar.net\/tr\/wp-json\/wp\/v2\/types\/product"}],"replies":[{"embeddable":true,"href":"https:\/\/mod.wisdar.net\/tr\/wp-json\/wp\/v2\/comments?post=61433"}],"wp:featuredmedia":[{"embeddable":true,"href":"https:\/\/mod.wisdar.net\/tr\/wp-json\/wp\/v2\/media\/61422"}],"wp:attachment":[{"href":"https:\/\/mod.wisdar.net\/tr\/wp-json\/wp\/v2\/media?parent=61433"}],"wp:term":[{"taxonomy":"product_brand","embeddable":true,"href":"https:\/\/mod.wisdar.net\/tr\/wp-json\/wp\/v2\/product_brand?post=61433"},{"taxonomy":"product_cat","embeddable":true,"href":"https:\/\/mod.wisdar.net\/tr\/wp-json\/wp\/v2\/product_cat?post=61433"},{"taxonomy":"product_tag","embeddable":true,"href":"https:\/\/mod.wisdar.net\/tr\/wp-json\/wp\/v2\/product_tag?post=61433"}],"curies":[{"name":"wp","href":"https:\/\/api.w.org\/{rel}","templated":true}]}}