{"id":61612,"date":"2025-12-30T18:18:51","date_gmt":"2025-12-30T18:18:51","guid":{"rendered":"https:\/\/modesthanim.com\/product\/winter-triko-hirka-siyah\/"},"modified":"2025-12-30T18:19:08","modified_gmt":"2025-12-30T18:19:08","slug":"winter-triko-hirka-siyah","status":"publish","type":"product","link":"https:\/\/mod.wisdar.net\/tr\/urun\/winter-triko-hirka-siyah\/","title":{"rendered":"Winter Triko H\u0131rka Siyah"},"content":{"rendered":"<p>\u00dcr\u00fcn boy : 125<\/p>\n<p>Kol : 45 cm&#8217;dir.<\/p>\n<p>Manken \u00fczerinde ki numune &#8216;Standart&#8217; bedendir. \u00dcr\u00fcn kuma\u015f\u0131 Kal\u0131n Trikodur.<\/p>\n<p>MANKEN \u00d6L\u00c7\u00dcLER\u0130<\/p>\n<p>Boy: 1.67<\/p>\n<p>Kilo: 52<\/p>\n<p>G\u00f6\u011f\u00fcs; 88<\/p>\n<p>Bel; 64<\/p>\n<p>Kal\u00e7a; 88 cm<\/p>\n<p>YIKAMA TAL\u0130MATI<\/p>\n<p>\u00c7ama\u015f\u0131r suyu kullan\u0131lmaz.<\/p>\n<p>Hafif \u0131s\u0131 ile \u00fct\u00fclenebilir<\/p>\n<p>Kuru temizleme yap\u0131labilir.<\/p>\n<p>\u0130ADE ve DE\u011e\u0130\u015e\u0130M<\/p>\n<p>Faturas\u0131z iade ve de\u011fi\u015fim yoktur.<\/p>\n<p>\u00dcr\u00fcn\u00fc teslim ald\u0131ktan sonra herhangi bir nedenden dolay\u0131 iade veya de\u011fi\u015fime g\u00f6ndermek isterseniz teslim ald\u0131\u011f\u0131n\u0131z tarih itibariyle 14 g\u00fcn i\u00e7erisinde iade\/de\u011fi\u015fim ger\u00e7ekle\u015ftirebilirsiniz.<\/p>\n<p>Hasarl\u0131 ve eksik \u00fcr\u00fcnler i\u00e7in 24 saat i\u00e7erisinde online ma\u011fazam\u0131z \u00fczerinden iade talebi olu\u015fturulabilir.<\/p>\n<p>\u2014 Technical Details \u2014<br \/>\nTedarik\u00e7i Mam\u00fcl Kodu: 92476<\/p>\n","protected":false},"excerpt":{"rendered":"<p>\u00dcr\u00fcn boy : 125 Kol : 45 cm&#8217;dir. Manken \u00fczerinde ki numune &#8216;Standart&#8217; bedendir. \u00dcr\u00fcn kuma\u015f\u0131 Kal\u0131n Trikodur. MANKEN \u00d6L\u00c7\u00dcLER\u0130 Boy: 1.67 Kilo: 52 G\u00f6\u011f\u00fcs; 88 Bel; 64 Kal\u00e7a; 88 cm YIKAMA TAL\u0130MATI \u00c7ama\u015f\u0131r suyu kullan\u0131lmaz. Hafif \u0131s\u0131 ile \u00fct\u00fclenebilir Kuru temizleme yap\u0131labilir. \u0130ADE ve DE\u011e\u0130\u015e\u0130M Faturas\u0131z iade ve de\u011fi\u015fim yoktur. \u00dcr\u00fcn\u00fc teslim ald\u0131ktan sonra [&hellip;]<\/p>\n","protected":false},"featured_media":61604,"comment_status":"open","ping_status":"closed","template":"","meta":[],"product_brand":[],"product_cat":[2044],"product_tag":[7308,6744,8108,7074],"class_list":{"0":"post-61612","1":"product","2":"type-product","3":"status-publish","4":"has-post-thumbnail","6":"product_cat-ceketler","7":"product_tag-hirka","8":"product_tag-kadin-modasi","9":"product_tag-kis","10":"product_tag-siyah","11":"pa_brand-modaala","12":"pa_color-siyah","13":"pa_size-std","15":"first","16":"instock","17":"sale","18":"shipping-taxable","19":"purchasable","20":"product-type-variable"},"_links":{"self":[{"href":"https:\/\/mod.wisdar.net\/tr\/wp-json\/wp\/v2\/product\/61612","targetHints":{"allow":["GET"]}}],"collection":[{"href":"https:\/\/mod.wisdar.net\/tr\/wp-json\/wp\/v2\/product"}],"about":[{"href":"https:\/\/mod.wisdar.net\/tr\/wp-json\/wp\/v2\/types\/product"}],"replies":[{"embeddable":true,"href":"https:\/\/mod.wisdar.net\/tr\/wp-json\/wp\/v2\/comments?post=61612"}],"wp:featuredmedia":[{"embeddable":true,"href":"https:\/\/mod.wisdar.net\/tr\/wp-json\/wp\/v2\/media\/61604"}],"wp:attachment":[{"href":"https:\/\/mod.wisdar.net\/tr\/wp-json\/wp\/v2\/media?parent=61612"}],"wp:term":[{"taxonomy":"product_brand","embeddable":true,"href":"https:\/\/mod.wisdar.net\/tr\/wp-json\/wp\/v2\/product_brand?post=61612"},{"taxonomy":"product_cat","embeddable":true,"href":"https:\/\/mod.wisdar.net\/tr\/wp-json\/wp\/v2\/product_cat?post=61612"},{"taxonomy":"product_tag","embeddable":true,"href":"https:\/\/mod.wisdar.net\/tr\/wp-json\/wp\/v2\/product_tag?post=61612"}],"curies":[{"name":"wp","href":"https:\/\/api.w.org\/{rel}","templated":true}]}}