{"id":61664,"date":"2025-12-30T18:20:53","date_gmt":"2025-12-30T18:20:53","guid":{"rendered":"https:\/\/modesthanim.com\/product\/suet-pantolon-kamel\/"},"modified":"2026-04-03T03:01:31","modified_gmt":"2026-04-03T03:01:31","slug":"suet-pantolon-kamel","status":"publish","type":"product","link":"https:\/\/mod.wisdar.net\/tr\/urun\/suet-pantolon-kamel\/","title":{"rendered":"S\u00fcet Pantolon \u2013 Kamel"},"content":{"rendered":"<p>Bu \u015f\u0131k s\u00fcet pantolon, zarif kamel rengiyle g\u00fcnl\u00fck kombinlerinize \u015f\u0131kl\u0131k kat\u0131yor. Yumu\u015fak dokusu ve m\u00fckemmel uyumuyla hem konfor hem de stil sunar. G\u00fcn boyu rahatl\u0131k i\u00e7in ideal bir se\u00e7im.<\/p>\n","protected":false},"excerpt":{"rendered":"<p>Bu \u015f\u0131k s\u00fcet pantolon, zarif kamel rengiyle g\u00fcnl\u00fck kombinlerinize \u015f\u0131kl\u0131k kat\u0131yor. Yumu\u015fak dokusu ve m\u00fckemmel uyumuyla hem konfor hem de stil sunar. G\u00fcn boyu rahatl\u0131k i\u00e7in ideal bir se\u00e7im.<\/p>\n","protected":false},"featured_media":61656,"comment_status":"open","ping_status":"closed","template":"","meta":[],"product_brand":[],"product_cat":[1882],"product_tag":[],"class_list":{"0":"post-61664","1":"product","2":"type-product","3":"status-publish","4":"has-post-thumbnail","6":"product_cat-alt-giyim","7":"pa_brand-ahel","8":"pa_color-camel","9":"pa_size-4701","10":"pa_size-4706","11":"pa_size-4711","12":"pa_size-4713","14":"first","15":"instock","16":"shipping-taxable","17":"purchasable","18":"product-type-variable"},"_links":{"self":[{"href":"https:\/\/mod.wisdar.net\/tr\/wp-json\/wp\/v2\/product\/61664","targetHints":{"allow":["GET"]}}],"collection":[{"href":"https:\/\/mod.wisdar.net\/tr\/wp-json\/wp\/v2\/product"}],"about":[{"href":"https:\/\/mod.wisdar.net\/tr\/wp-json\/wp\/v2\/types\/product"}],"replies":[{"embeddable":true,"href":"https:\/\/mod.wisdar.net\/tr\/wp-json\/wp\/v2\/comments?post=61664"}],"wp:featuredmedia":[{"embeddable":true,"href":"https:\/\/mod.wisdar.net\/tr\/wp-json\/wp\/v2\/media\/61656"}],"wp:attachment":[{"href":"https:\/\/mod.wisdar.net\/tr\/wp-json\/wp\/v2\/media?parent=61664"}],"wp:term":[{"taxonomy":"product_brand","embeddable":true,"href":"https:\/\/mod.wisdar.net\/tr\/wp-json\/wp\/v2\/product_brand?post=61664"},{"taxonomy":"product_cat","embeddable":true,"href":"https:\/\/mod.wisdar.net\/tr\/wp-json\/wp\/v2\/product_cat?post=61664"},{"taxonomy":"product_tag","embeddable":true,"href":"https:\/\/mod.wisdar.net\/tr\/wp-json\/wp\/v2\/product_tag?post=61664"}],"curies":[{"name":"wp","href":"https:\/\/api.w.org\/{rel}","templated":true}]}}