{"id":61778,"date":"2025-12-30T18:45:59","date_gmt":"2025-12-30T18:45:59","guid":{"rendered":"https:\/\/modesthanim.com\/product\/apolet-detayli-kemerli-kahve-trenckot-13820\/"},"modified":"2026-04-03T02:12:23","modified_gmt":"2026-04-03T02:12:23","slug":"apolet-detayli-kemerli-kahve-trenckot-13820","status":"publish","type":"product","link":"https:\/\/mod.wisdar.net\/tr\/urun\/apolet-detayli-kemerli-kahve-trenckot-13820\/","title":{"rendered":"Apolet Detayl\u0131 Kemerli Kahve Tren\u00e7kot 13820"},"content":{"rendered":"<p>Apolet Detayl\u0131 Kemerli Kahve Tren\u00e7kot 13820<\/p>\n<p>Zamans\u0131z tasar\u0131m\u0131 ve modern detaylar\u0131yla \u00f6ne \u00e7\u0131kan bu kahve tren\u00e7kot, kruvaze yaka ve bel ku\u015fa\u011f\u0131 ile \u015f\u0131kl\u0131\u011f\u0131n\u0131z\u0131 tamamlar. Rahat kesimi ve uzun boyu sayesinde hem g\u00fcnl\u00fck hem de \u00f6zel kombinlerde rahatl\u0131kla kullan\u0131labilir. Dayan\u0131kl\u0131 kuma\u015f\u0131 ile uzun s\u00fcreli kullan\u0131m imk\u00e2n\u0131 sunar.<\/p>\n<p>\u00dcr\u00fcn Detaylar\u0131<br \/>\nKruvaze yaka \u2013 Bel ku\u015fakl\u0131 \u2013 D\u00fc\u011fme kapamal\u0131 \u2013 Uzun kesim \u2013 Rahat kal\u0131p \u2013 Astarl\u0131<\/p>\n<p>\u00dcr\u00fcn \u00d6l\u00e7\u00fcleri<br \/>\nBoy: 125 cm, G\u00f6\u011f\u00fcs: 104 cm, Bel: 105 cm, Basen: 113 cm, Beden: 38<\/p>\n<p>Bedenler aras\u0131 fark 4 cm\u2019dir.<\/p>\n<p>Kuma\u015f Bilgisi<br \/>\n%53 Pamuk \u2013 %47 Polyester<\/p>\n<p>Modelin \u00d6l\u00e7\u00fcleri<br \/>\nBoy: 179 cm, G\u00f6\u011f\u00fcs: 84 cm, Bel: 62 cm, Basen: 90 cm<\/p>\n","protected":false},"excerpt":{"rendered":"<p>Apolet Detayl\u0131 Kemerli Kahve Tren\u00e7kot 13820 Zamans\u0131z tasar\u0131m\u0131 ve modern detaylar\u0131yla \u00f6ne \u00e7\u0131kan bu kahve tren\u00e7kot, kruvaze yaka ve bel ku\u015fa\u011f\u0131 ile \u015f\u0131kl\u0131\u011f\u0131n\u0131z\u0131 tamamlar. Rahat kesimi ve uzun boyu sayesinde hem g\u00fcnl\u00fck hem de \u00f6zel kombinlerde rahatl\u0131kla kullan\u0131labilir. Dayan\u0131kl\u0131 kuma\u015f\u0131 ile uzun s\u00fcreli kullan\u0131m imk\u00e2n\u0131 sunar. \u00dcr\u00fcn Detaylar\u0131 Kruvaze yaka \u2013 Bel ku\u015fakl\u0131 \u2013 D\u00fc\u011fme [&hellip;]<\/p>\n","protected":false},"featured_media":61758,"comment_status":"open","ping_status":"closed","template":"","meta":[],"product_brand":[],"product_cat":[2047],"product_tag":[6921,8178,7701,7668,6312,6776],"class_list":{"0":"post-61778","1":"product","2":"type-product","3":"status-publish","4":"has-post-thumbnail","6":"product_cat-paltolar","7":"product_tag-astarli","8":"product_tag-capraz-yaka-2","9":"product_tag-kahverengi-kaban","10":"product_tag-kemerli","11":"product_tag-long-coat","12":"product_tag-trenckot","13":"pa_brand-zuhre","14":"pa_color-kahve","15":"pa_size-4706","16":"pa_size-4711","17":"pa_size-4713","18":"pa_size-4751","20":"first","21":"instock","22":"sale","23":"shipping-taxable","24":"purchasable","25":"product-type-variable"},"_links":{"self":[{"href":"https:\/\/mod.wisdar.net\/tr\/wp-json\/wp\/v2\/product\/61778","targetHints":{"allow":["GET"]}}],"collection":[{"href":"https:\/\/mod.wisdar.net\/tr\/wp-json\/wp\/v2\/product"}],"about":[{"href":"https:\/\/mod.wisdar.net\/tr\/wp-json\/wp\/v2\/types\/product"}],"replies":[{"embeddable":true,"href":"https:\/\/mod.wisdar.net\/tr\/wp-json\/wp\/v2\/comments?post=61778"}],"wp:featuredmedia":[{"embeddable":true,"href":"https:\/\/mod.wisdar.net\/tr\/wp-json\/wp\/v2\/media\/61758"}],"wp:attachment":[{"href":"https:\/\/mod.wisdar.net\/tr\/wp-json\/wp\/v2\/media?parent=61778"}],"wp:term":[{"taxonomy":"product_brand","embeddable":true,"href":"https:\/\/mod.wisdar.net\/tr\/wp-json\/wp\/v2\/product_brand?post=61778"},{"taxonomy":"product_cat","embeddable":true,"href":"https:\/\/mod.wisdar.net\/tr\/wp-json\/wp\/v2\/product_cat?post=61778"},{"taxonomy":"product_tag","embeddable":true,"href":"https:\/\/mod.wisdar.net\/tr\/wp-json\/wp\/v2\/product_tag?post=61778"}],"curies":[{"name":"wp","href":"https:\/\/api.w.org\/{rel}","templated":true}]}}