{"id":62129,"date":"2025-12-30T18:49:31","date_gmt":"2025-12-30T18:49:31","guid":{"rendered":"https:\/\/modesthanim.com\/product\/kadin-kruvaze-yaka-kase-kaban-15237kbn-brown\/"},"modified":"2026-04-15T20:54:00","modified_gmt":"2026-04-15T20:54:00","slug":"kadin-kruvaze-yaka-kase-kaban-15237kbn-brown","status":"publish","type":"product","link":"https:\/\/mod.wisdar.net\/tr\/urun\/kadin-kruvaze-yaka-kase-kaban-15237kbn-brown\/","title":{"rendered":"Kad\u0131n Kruvaze Yaka Ka\u015fe Kaban -15237KBN \u2013 BROWN"},"content":{"rendered":"<p>A\u00e7\u0131klama : Rahatl\u0131\u011f\u0131 ve modern tarz\u0131 bir araya getiren Kad\u0131n Yaka Fermuar Detayl\u0131 Tak\u0131m, sade \u00e7izgileriyle zarif bir g\u00f6r\u00fcn\u00fcm sunar. Yaka k\u0131sm\u0131ndaki fermuar detay\u0131, sportif bir dokunu\u015f kazand\u0131r\u0131rken \u015f\u0131kl\u0131\u011f\u0131 da korur. G\u00fcnl\u00fck hayatta, seyahatlerde ya da i\u015f sonras\u0131 bulu\u015fmalarda konforlu bir stil arayanlar i\u00e7in ideal bir se\u00e7imdir. Yumu\u015fak dokusu ve modern kal\u0131b\u0131 ile her mevsim dolab\u0131n\u0131z\u0131n kurtar\u0131c\u0131 par\u00e7as\u0131 olacak.<\/p>\n<p>\u2014 Technical Details \u2014<br \/>\nKuma\u015f: Dokuma<br \/>\nBoy: Uzun<br \/>\nKal\u0131p: Regular<br \/>\nBel: Ku\u015fakl\u0131<br \/>\nYa\u015f Grubu: Yeti\u015fkin<br \/>\nKuma\u015f \u0130\u00e7eri\u011fi: 100% POLYESTER<\/p>\n","protected":false},"excerpt":{"rendered":"<p>A\u00e7\u0131klama : Rahatl\u0131\u011f\u0131 ve modern tarz\u0131 bir araya getiren Kad\u0131n Yaka Fermuar Detayl\u0131 Tak\u0131m, sade \u00e7izgileriyle zarif bir g\u00f6r\u00fcn\u00fcm sunar. Yaka k\u0131sm\u0131ndaki fermuar detay\u0131, sportif bir dokunu\u015f kazand\u0131r\u0131rken \u015f\u0131kl\u0131\u011f\u0131 da korur. G\u00fcnl\u00fck hayatta, seyahatlerde ya da i\u015f sonras\u0131 bulu\u015fmalarda konforlu bir stil arayanlar i\u00e7in ideal bir se\u00e7imdir. Yumu\u015fak dokusu ve modern kal\u0131b\u0131 ile her mevsim [&hellip;]<\/p>\n","protected":false},"featured_media":62121,"comment_status":"open","ping_status":"closed","template":"","meta":[],"product_brand":[],"product_cat":[2047],"product_tag":[4897,7428,6312,4999,7021,6313],"class_list":{"0":"post-62129","1":"product","2":"type-product","3":"status-publish","4":"has-post-thumbnail","6":"product_cat-paltolar","7":"product_tag-belted-waist","8":"product_tag-fermuar-detayi","9":"product_tag-long-coat","10":"product_tag-outerwear","11":"product_tag-polyester","12":"product_tag-womens-coat","13":"pa_brand-puane","14":"pa_color-brown","15":"pa_size-4749","16":"pa_size-4747","17":"pa_size-4746","18":"pa_size-4744","20":"first","21":"instock","22":"sale","23":"shipping-taxable","24":"purchasable","25":"product-type-variable"},"_links":{"self":[{"href":"https:\/\/mod.wisdar.net\/tr\/wp-json\/wp\/v2\/product\/62129","targetHints":{"allow":["GET"]}}],"collection":[{"href":"https:\/\/mod.wisdar.net\/tr\/wp-json\/wp\/v2\/product"}],"about":[{"href":"https:\/\/mod.wisdar.net\/tr\/wp-json\/wp\/v2\/types\/product"}],"replies":[{"embeddable":true,"href":"https:\/\/mod.wisdar.net\/tr\/wp-json\/wp\/v2\/comments?post=62129"}],"wp:featuredmedia":[{"embeddable":true,"href":"https:\/\/mod.wisdar.net\/tr\/wp-json\/wp\/v2\/media\/62121"}],"wp:attachment":[{"href":"https:\/\/mod.wisdar.net\/tr\/wp-json\/wp\/v2\/media?parent=62129"}],"wp:term":[{"taxonomy":"product_brand","embeddable":true,"href":"https:\/\/mod.wisdar.net\/tr\/wp-json\/wp\/v2\/product_brand?post=62129"},{"taxonomy":"product_cat","embeddable":true,"href":"https:\/\/mod.wisdar.net\/tr\/wp-json\/wp\/v2\/product_cat?post=62129"},{"taxonomy":"product_tag","embeddable":true,"href":"https:\/\/mod.wisdar.net\/tr\/wp-json\/wp\/v2\/product_tag?post=62129"}],"curies":[{"name":"wp","href":"https:\/\/api.w.org\/{rel}","templated":true}]}}