{"id":62180,"date":"2025-12-30T18:50:03","date_gmt":"2025-12-30T18:50:03","guid":{"rendered":"https:\/\/modesthanim.com\/product\/kadin-kapusonlu-beli-lastikli-pelus-kaban-15236kbn-stone\/"},"modified":"2026-04-02T21:10:27","modified_gmt":"2026-04-02T21:10:27","slug":"kadin-kapusonlu-beli-lastikli-pelus-kaban-15236kbn-stone","status":"publish","type":"product","link":"https:\/\/mod.wisdar.net\/tr\/urun\/kadin-kapusonlu-beli-lastikli-pelus-kaban-15236kbn-stone\/","title":{"rendered":"Kad\u0131n Kap\u00fc\u015fonlu Beli Lastikli Pelu\u015f Kaban \u2013 15236KBN \u2013 STONE"},"content":{"rendered":"<p>A\u00e7\u0131klama : Pelu\u015f kuma\u015f\u0131 ve kap\u00fc\u015fon detay\u0131 ile k\u0131\u015f g\u00fcnlerinde s\u0131cakl\u0131k ve konfor sa\u011flar. Bel lasti\u011fi, v\u00fccuda uygun bir oturu\u015f sunar. Fonksiyonel detaylar ve modern tasar\u0131m, g\u00fcnl\u00fck kombinleri tamamlar. Minimal ve sofistike \u00e7izgiler, klasik ve \u00e7a\u011fda\u015f stil anlay\u0131\u015f\u0131n\u0131 bir araya getirir. Her ortamda \u015f\u0131k ve rahat bir kullan\u0131m deneyimi sunar.<\/p>\n<p>\u2014 Technical Details \u2014<br \/>\nKuma\u015f: Dokuma<br \/>\nBoy: Uzun<br \/>\nKal\u0131p: Regular<br \/>\nBel: Lastikli<br \/>\nYa\u015f Grubu: Yeti\u015fkin<br \/>\nDesen: D\u00fcz<br \/>\nKuma\u015f \u0130\u00e7eri\u011fi: 100% POLYESTER<\/p>\n","protected":false},"excerpt":{"rendered":"<p>A\u00e7\u0131klama : Pelu\u015f kuma\u015f\u0131 ve kap\u00fc\u015fon detay\u0131 ile k\u0131\u015f g\u00fcnlerinde s\u0131cakl\u0131k ve konfor sa\u011flar. Bel lasti\u011fi, v\u00fccuda uygun bir oturu\u015f sunar. Fonksiyonel detaylar ve modern tasar\u0131m, g\u00fcnl\u00fck kombinleri tamamlar. Minimal ve sofistike \u00e7izgiler, klasik ve \u00e7a\u011fda\u015f stil anlay\u0131\u015f\u0131n\u0131 bir araya getirir. Her ortamda \u015f\u0131k ve rahat bir kullan\u0131m deneyimi sunar. \u2014 Technical Details \u2014 Kuma\u015f: [&hellip;]<\/p>\n","protected":false},"featured_media":62175,"comment_status":"open","ping_status":"closed","template":"","meta":[],"product_brand":[],"product_cat":[2047],"product_tag":[8319,6312,6311,6313],"class_list":{"0":"post-62180","1":"product","2":"type-product","3":"status-publish","4":"has-post-thumbnail","6":"product_cat-paltolar","7":"product_tag-kapusonlu-mont-2","8":"product_tag-long-coat","9":"product_tag-winter-coat","10":"product_tag-womens-coat","11":"pa_brand-puane","12":"pa_color-stone","13":"pa_size-lxl","14":"pa_size-sm","16":"first","17":"outofstock","18":"shipping-taxable","19":"product-type-variable"},"_links":{"self":[{"href":"https:\/\/mod.wisdar.net\/tr\/wp-json\/wp\/v2\/product\/62180","targetHints":{"allow":["GET"]}}],"collection":[{"href":"https:\/\/mod.wisdar.net\/tr\/wp-json\/wp\/v2\/product"}],"about":[{"href":"https:\/\/mod.wisdar.net\/tr\/wp-json\/wp\/v2\/types\/product"}],"replies":[{"embeddable":true,"href":"https:\/\/mod.wisdar.net\/tr\/wp-json\/wp\/v2\/comments?post=62180"}],"wp:featuredmedia":[{"embeddable":true,"href":"https:\/\/mod.wisdar.net\/tr\/wp-json\/wp\/v2\/media\/62175"}],"wp:attachment":[{"href":"https:\/\/mod.wisdar.net\/tr\/wp-json\/wp\/v2\/media?parent=62180"}],"wp:term":[{"taxonomy":"product_brand","embeddable":true,"href":"https:\/\/mod.wisdar.net\/tr\/wp-json\/wp\/v2\/product_brand?post=62180"},{"taxonomy":"product_cat","embeddable":true,"href":"https:\/\/mod.wisdar.net\/tr\/wp-json\/wp\/v2\/product_cat?post=62180"},{"taxonomy":"product_tag","embeddable":true,"href":"https:\/\/mod.wisdar.net\/tr\/wp-json\/wp\/v2\/product_tag?post=62180"}],"curies":[{"name":"wp","href":"https:\/\/api.w.org\/{rel}","templated":true}]}}